{"id":39281,"date":"2023-09-12T15:08:51","date_gmt":"2023-09-12T13:08:51","guid":{"rendered":"https:\/\/www.pharmacieonline.lu\/?post_type=product&#038;p=39281"},"modified":"2026-04-11T05:55:17","modified_gmt":"2026-04-11T03:55:17","slug":"aspecton-nasenspray-20-ml","status":"publish","type":"product","link":"https:\/\/www.pharmacieonline.lu\/de\/produit\/aspecton-nasenspray-20-ml\/","title":{"rendered":"ASPECTON NASENSPRAY 20 ML"},"content":{"rendered":"<p>Aspecton\u00ae Nasenspray: K\u00e4ltespray mit Meersalzl\u00f6sung zum Einspr\u00fchen in die Nase.<\/p>\n<p>Zusammensetzung: Hypertone Meersalzl\u00f6sung (entspricht 1,1 % Kochsalzl\u00f6sung), Hypromellose, Dexpanthenol, Kampfer, Levomenthol, Thymian\u00f6l, Eukalyptus\u00f6l, Minz\u00f6l, Natriumedetat, Natriumhydroxid. Ohne Konservierungsstoffe<\/p>\n<p>Anwendungsgebiet: Zur unterst\u00fctzenden Behandlung bei Erk\u00e4ltungen und verstopfter Nase.<\/p>\n<p>Tonisierendes und pflegendes Nasenspray zur Hilfe bei Erk\u00e4ltung und\/oder verstopfter Nase.<\/p>\n<p>Dosierung und Anwendung:<\/p>\n<p>Vor dem ersten Gebrauch: Entfernen Sie die Schutzh\u00fclle von der Pumpe. Schrauben Sie den Schraubverschluss der Glasflasche ab und schrauben Sie den Spr\u00fchkopf direkt auf. Anschlie\u00dfend entfernen Sie zur Anwendung die Schutzkappe vom Spr\u00fchkopf. Vor dem ersten Gebrauch mehrmals pumpen, bis ein gleichm\u00e4\u00dfiger Spr\u00fchnebel entsteht. Aus hygienischen Gr\u00fcnden wird empfohlen, den Spr\u00fchkopf nach jedem Gebrauch abzuwischen und die Schutzkappe wieder aufzusetzen. Sch\u00fctteln Sie die Flasche vor Gebrauch.<\/p>\n<p>Dosierung f\u00fcr Erwachsene und Kinder ab 8 Jahren: Je nach Bedarf mehrmals t\u00e4glich 1 bis 2 Spr\u00fchst\u00f6\u00dfe Aspecton\u00ae Nasenspray in jedes Nasenloch spr\u00fchen. Aspecton\u00ae Nasenspray kann unterst\u00fctzend bei laufender und\/oder verstopfter Nase \u00fcber einen Zeitraum von 7 bis 14 Tagen angewendet werden. Wenn sich die Symptome nicht bessern, sollten Sie Ihren Arzt konsultieren.<\/p>","protected":false},"excerpt":{"rendered":"<p>Aspecton\u00ae Nasenspray: K\u00e4ltespray mit Meersalzl\u00f6sung zum Einspr\u00fchen in die Nase. Zusammensetzung: Hypertone Meersalzl\u00f6sung (entspricht 1,1 % Kochsalzl\u00f6sung), Hypromellose, Dexpanthenol, Kampfer, Levomenthol, Thymian\u00f6l, Eukalyptus\u00f6l, Minz\u00f6l, Natriumedetat, Natriumhydroxid. Ohne Konservierungsstoffe Anwendungsgebiet: Zur unterst\u00fctzenden Behandlung bei Erk\u00e4ltungen und verstopfter Nase. Tonisierendes und pflegendes Nasenspray zur Hilfe bei Erk\u00e4ltung und\/oder verstopfter Nase. Dosierung und Anwendung: Vor dem ersten Gebrauch: [&hellip;]<\/p>\n","protected":false},"featured_media":39282,"template":"","meta":{"_acf_changed":false,"footnotes":""},"product_brand":[],"product_cat":[787,85],"product_tag":[],"class_list":{"0":"post-39281","1":"product","2":"type-product","3":"status-publish","4":"has-post-thumbnail","6":"product_cat-sprays-rhume","7":"product_cat-rhume","9":"first","10":"instock","11":"taxable","12":"shipping-taxable","13":"purchasable","14":"product-type-simple"},"acf":[],"_links":{"self":[{"href":"https:\/\/www.pharmacieonline.lu\/de\/wp-json\/wp\/v2\/product\/39281","targetHints":{"allow":["GET"]}}],"collection":[{"href":"https:\/\/www.pharmacieonline.lu\/de\/wp-json\/wp\/v2\/product"}],"about":[{"href":"https:\/\/www.pharmacieonline.lu\/de\/wp-json\/wp\/v2\/types\/product"}],"version-history":[{"count":0,"href":"https:\/\/www.pharmacieonline.lu\/de\/wp-json\/wp\/v2\/product\/39281\/revisions"}],"wp:featuredmedia":[{"embeddable":true,"href":"https:\/\/www.pharmacieonline.lu\/de\/wp-json\/wp\/v2\/media\/39282"}],"wp:attachment":[{"href":"https:\/\/www.pharmacieonline.lu\/de\/wp-json\/wp\/v2\/media?parent=39281"}],"wp:term":[{"taxonomy":"product_brand","embeddable":true,"href":"https:\/\/www.pharmacieonline.lu\/de\/wp-json\/wp\/v2\/product_brand?post=39281"},{"taxonomy":"product_cat","embeddable":true,"href":"https:\/\/www.pharmacieonline.lu\/de\/wp-json\/wp\/v2\/product_cat?post=39281"},{"taxonomy":"product_tag","embeddable":true,"href":"https:\/\/www.pharmacieonline.lu\/de\/wp-json\/wp\/v2\/product_tag?post=39281"}],"curies":[{"name":"wp","href":"https:\/\/api.w.org\/{rel}","templated":true}]}}