{"id":39304,"date":"2023-09-12T16:00:37","date_gmt":"2023-09-12T14:00:37","guid":{"rendered":"https:\/\/www.pharmacieonline.lu\/?post_type=product&#038;p=39304"},"modified":"2026-04-06T07:55:21","modified_gmt":"2026-04-06T05:55:21","slug":"atop-7-hydra-cream-chien-chat-50ml-vet","status":"publish","type":"product","link":"https:\/\/www.pharmacieonline.lu\/de\/produit\/atop-7-hydra-cream-chien-chat-50ml-vet\/","title":{"rendered":"ATOP 7 HYDRA CREAM CHIEN CHAT 50ML VET"},"content":{"rendered":"<p>Aktive feuchtigkeitsspendende Fluidcreme<\/p>\n<p>Gut hydratisierte Haut ist widerstandsf\u00e4higer und besser gesch\u00fctzt.<br \/>\nStarke Dehydrierung f\u00fchrt zu Unbehagen und Verletzlichkeit.<\/p>\n<p>ATOP 7\u00ae Hydra Cream\u00a0ist ein Pflegeprodukt zur Pflege und zum Schutz trockener oder zu Allergien neigender Haut von Hunden und Katzen. Dank seiner fl\u00fcssigen und leichten Textur dringt die ATOP 7\u00ae Hydra Cream sofort ein in:<\/p>\n<p>Lindert gestresste Haut sofort<br \/>\nStellen Sie die Geschmeidigkeit der Haut wieder her und pflegen Sie sie intensiv<br \/>\nBefeuchten Sie die Haut nachhaltig und st\u00e4rken Sie die Hautbarriere zum Schutz vor \u00e4u\u00dferen Einfl\u00fcssen.<\/p>\n<p>ATOP 7\u00ae Hydra Cream ist f\u00fcr trockene enthaarte Bereiche gedacht, die eine Verdickung und\/oder Rauheit der Haut aufweisen. Diese Bereiche befinden sich in der Regel beispielsweise in den Leistenfalten oder den Achselh\u00f6hlen. Gleichm\u00e4\u00dfig auftragen und die Creme einziehen lassen. Mindestens zweimal t\u00e4glich auf die betroffene(n) Stelle(n) auftragen. Nicht auf das Fell auftragen.<\/p>\n<p>Da der K\u00f6rper keine essentiellen Fetts\u00e4uren (EFAs) synthetisieren kann, muss der Bedarf der Haut durch die lokale Anwendung eines Pflegeprodukts wie der ATOP 7\u00ae Hydra Cream gedeckt werden. ATOP 7\u00ae Hydra Cream wurde mit Hanfsamen\u00f6l formuliert, das reich an EFAs ist, und weist ein ausgewogenes Verh\u00e4ltnis von Omega 3 und 6 auf. Diese aus Pflanzen gewonnenen EFAs tragen zur St\u00e4rkung der Barrierefunktion der Haut bei. Dank ihrer feuchtigkeitsspendenden, erweichenden und restrukturierenden Wirkung n\u00e4hren Natrium-PCA (nat\u00fcrlicher Hydratationsfaktor), Glycerin und Squalan auf Olivenbasis die Epidermis intensiv und machen sie weich. Ein Extrakt aus roten Mikroalgen mit filmbildenden Eigenschaften bildet einen Schutzfilm auf der Hautoberfl\u00e4che. Schlie\u00dflich verhindert \u00e4therisches Orangen\u00f6l, das von Natur aus bitter ist, das Lecken.<\/p>","protected":false},"excerpt":{"rendered":"<p>Aktive feuchtigkeitsspendende Fluidcreme Gut hydratisierte Haut ist widerstandsf\u00e4higer und besser gesch\u00fctzt. Starke Dehydrierung f\u00fchrt zu Unbehagen und Verletzlichkeit. ATOP 7\u00ae Hydra Cream\u00a0ist ein Pflegeprodukt zur Pflege und zum Schutz trockener oder zu Allergien neigender Haut von Hunden und Katzen. Dank seiner fl\u00fcssigen und leichten Textur dringt die ATOP 7\u00ae Hydra Cream sofort ein in: Lindert [&hellip;]<\/p>\n","protected":false},"featured_media":39305,"template":"","meta":{"_acf_changed":false,"footnotes":""},"product_brand":[],"product_cat":[151,150,152,156,46],"product_tag":[],"class_list":{"0":"post-39304","1":"product","2":"type-product","3":"status-publish","4":"has-post-thumbnail","6":"product_cat-chiens","7":"product_cat-chats","8":"product_cat-soins","9":"product_cat-soins-chiens","10":"product_cat-veterinaire","12":"first","13":"outofstock","14":"taxable","15":"shipping-taxable","16":"purchasable","17":"product-type-simple"},"acf":[],"_links":{"self":[{"href":"https:\/\/www.pharmacieonline.lu\/de\/wp-json\/wp\/v2\/product\/39304","targetHints":{"allow":["GET"]}}],"collection":[{"href":"https:\/\/www.pharmacieonline.lu\/de\/wp-json\/wp\/v2\/product"}],"about":[{"href":"https:\/\/www.pharmacieonline.lu\/de\/wp-json\/wp\/v2\/types\/product"}],"version-history":[{"count":0,"href":"https:\/\/www.pharmacieonline.lu\/de\/wp-json\/wp\/v2\/product\/39304\/revisions"}],"wp:featuredmedia":[{"embeddable":true,"href":"https:\/\/www.pharmacieonline.lu\/de\/wp-json\/wp\/v2\/media\/39305"}],"wp:attachment":[{"href":"https:\/\/www.pharmacieonline.lu\/de\/wp-json\/wp\/v2\/media?parent=39304"}],"wp:term":[{"taxonomy":"product_brand","embeddable":true,"href":"https:\/\/www.pharmacieonline.lu\/de\/wp-json\/wp\/v2\/product_brand?post=39304"},{"taxonomy":"product_cat","embeddable":true,"href":"https:\/\/www.pharmacieonline.lu\/de\/wp-json\/wp\/v2\/product_cat?post=39304"},{"taxonomy":"product_tag","embeddable":true,"href":"https:\/\/www.pharmacieonline.lu\/de\/wp-json\/wp\/v2\/product_tag?post=39304"}],"curies":[{"name":"wp","href":"https:\/\/api.w.org\/{rel}","templated":true}]}}