{"id":39327,"date":"2023-09-12T16:15:43","date_gmt":"2023-09-12T14:15:43","guid":{"rendered":"https:\/\/www.pharmacieonline.lu\/?post_type=product&#038;p=39327"},"modified":"2026-04-06T09:55:15","modified_gmt":"2026-04-06T07:55:15","slug":"atop-7-spot-on-chien-42-4ml-vet","status":"publish","type":"product","link":"https:\/\/www.pharmacieonline.lu\/de\/produit\/atop-7-spot-on-chien-42-4ml-vet\/","title":{"rendered":"ATOP 7 SPOT ON CHIEN 4*2.4ML VET"},"content":{"rendered":"<p>Beruhigendes Spot-on f\u00fcr gereizte oder zu Allergien neigende Haut<\/p>\n<p>ATOP 7\u00ae spot-on ist das erste Spot-on, das ausschlie\u00dflich Inhaltsstoffe nat\u00fcrlichen Ursprungs enth\u00e4lt, um die Reparatur der Hautbarriere zu f\u00f6rdern und gereizte oder zu Allergien neigende Haut zu beruhigen:<\/p>\n<p>Haut, die zu Juckreiz neigt<br \/>\nReizung, R\u00f6tung<br \/>\n\u00dcberempfindlichkeit<\/p>\n<p>1 Pipette pro Woche so lange wie n\u00f6tig. Eine Massage ist nicht erforderlich. Ein leistungsstarkes Biodiffusionsmittel erm\u00f6glicht eine homogene Verteilung des Produkts \u00fcber den gesamten K\u00f6rper des Tieres von einem einzigen Anwendungspunkt aus. Es wird empfohlen, das Tier 2 Tage vor und nach der Anwendung nicht zu waschen, damit der nat\u00fcrlicherweise auf der Hautoberfl\u00e4che des Tieres vorhandene Talg nicht vorzeitig entfernt wird, bevor die Wirkstoffe vollst\u00e4ndig diffundiert sind. Bei kombinierter Anwendung mit anderen Spot-ons sind keine Wechselwirkungen bekannt. B\u00fcrsten Sie bei Tieren mit langem oder schwerem Haar die Anwendungsstelle 24 Stunden sp\u00e4ter ab, um eventuelle Produktr\u00fcckst\u00e4nde vom Fell zu entfernen.<\/p>\n<p>&nbsp;<\/p>\n<p>Feuchtigkeitsspendendes Hanf-Pflanzen\u00f6l, reich an essentiellen Fetts\u00e4uren (Omega 3 und 6), die f\u00fcr Ihre Tiere lebenswichtig sind, diese aber nicht synthetisieren k\u00f6nnen \u00b7 Aus Weizenk\u00f6rnern gewonnener Lipidkomplex, reich an Ceramiden und essentiellen Fetts\u00e4uren \u00b7\u00a0\u00a0 Perfekt dosierte Synergie bestehend aus \u00e4therischen \u00d6len, die wegen ihrer beruhigenden Eigenschaften reich an Kurkuma, Wintergr\u00fcn und Ho-Holz sind \u00b7\u00a0 \u00a0Biodiffundierender Phytowirkstoff, der dank des nat\u00fcrlich auf der Haut vorhandenen Talgs die Verteilung der Inhaltsstoffe durch eine einzige Punktanwendung im gesamten K\u00f6rper des Tieres erm\u00f6glicht.<\/p>","protected":false},"excerpt":{"rendered":"<p>Beruhigendes Spot-on f\u00fcr gereizte oder zu Allergien neigende Haut ATOP 7\u00ae spot-on ist das erste Spot-on, das ausschlie\u00dflich Inhaltsstoffe nat\u00fcrlichen Ursprungs enth\u00e4lt, um die Reparatur der Hautbarriere zu f\u00f6rdern und gereizte oder zu Allergien neigende Haut zu beruhigen: Haut, die zu Juckreiz neigt Reizung, R\u00f6tung \u00dcberempfindlichkeit 1 Pipette pro Woche so lange wie n\u00f6tig. Eine [&hellip;]<\/p>\n","protected":false},"featured_media":39328,"template":"","meta":{"_acf_changed":false,"footnotes":""},"product_brand":[],"product_cat":[151,46],"product_tag":[],"class_list":{"0":"post-39327","1":"product","2":"type-product","3":"status-publish","4":"has-post-thumbnail","6":"product_cat-chiens","7":"product_cat-veterinaire","9":"first","10":"outofstock","11":"taxable","12":"shipping-taxable","13":"purchasable","14":"product-type-simple"},"acf":[],"_links":{"self":[{"href":"https:\/\/www.pharmacieonline.lu\/de\/wp-json\/wp\/v2\/product\/39327","targetHints":{"allow":["GET"]}}],"collection":[{"href":"https:\/\/www.pharmacieonline.lu\/de\/wp-json\/wp\/v2\/product"}],"about":[{"href":"https:\/\/www.pharmacieonline.lu\/de\/wp-json\/wp\/v2\/types\/product"}],"version-history":[{"count":0,"href":"https:\/\/www.pharmacieonline.lu\/de\/wp-json\/wp\/v2\/product\/39327\/revisions"}],"wp:featuredmedia":[{"embeddable":true,"href":"https:\/\/www.pharmacieonline.lu\/de\/wp-json\/wp\/v2\/media\/39328"}],"wp:attachment":[{"href":"https:\/\/www.pharmacieonline.lu\/de\/wp-json\/wp\/v2\/media?parent=39327"}],"wp:term":[{"taxonomy":"product_brand","embeddable":true,"href":"https:\/\/www.pharmacieonline.lu\/de\/wp-json\/wp\/v2\/product_brand?post=39327"},{"taxonomy":"product_cat","embeddable":true,"href":"https:\/\/www.pharmacieonline.lu\/de\/wp-json\/wp\/v2\/product_cat?post=39327"},{"taxonomy":"product_tag","embeddable":true,"href":"https:\/\/www.pharmacieonline.lu\/de\/wp-json\/wp\/v2\/product_tag?post=39327"}],"curies":[{"name":"wp","href":"https:\/\/api.w.org\/{rel}","templated":true}]}}