{"id":39354,"date":"2023-09-12T18:25:57","date_gmt":"2023-09-12T16:25:57","guid":{"rendered":"https:\/\/www.pharmacieonline.lu\/?post_type=product&#038;p=39354"},"modified":"2026-04-20T17:55:19","modified_gmt":"2026-04-20T15:55:19","slug":"argiletz-bandargil-25-m","status":"publish","type":"product","link":"https:\/\/www.pharmacieonline.lu\/de\/produit\/argiletz-bandargil-25-m\/","title":{"rendered":"ARGILETZ BANDARGIL 2*5 M"},"content":{"rendered":"<p>Dieser gr\u00fcne Tonstreifen ist schnell und einfach zu installieren und enth\u00e4lt alle authentischen Eigenschaften von Argiletz-Ton. Es ist gebrauchsfertig, k\u00f6stlich erholsam und entspannend. Es ist f\u00fcr m\u00fcde oder schmerzende Muskeln geeignet. Es ist einfach zu verwenden und erm\u00f6glicht es Ihnen, genau die richtige Menge zur Hand zu haben.<br \/>\nSeit der Antike pflegten sich Menschen mit gr\u00fcner Tonerde in Form von Pflastern, Kompressen oder \u00f6rtlichen B\u00e4dern.<br \/>\nGr\u00fcne Tonerde f\u00f6rdert die Remineralisierung des Knochengewebes und lindert so Schmerzen bei Gelenk- und rheumatologischen Schmerzen. Bei \u00e4u\u00dferlicher Anwendung wirkt es heilend, antiseptisch, entz\u00fcndungshemmend und schmerzstillend.<br \/>\nAusgestattet mit einem neuen Zellulosetr\u00e4ger aus biologisch abbaubarem Textil ist dieser Verband sehr saugf\u00e4hig und angenehm im Kontakt mit der Epidermis. Dieser Streifen l\u00e4sst sich leicht zuschneiden und anpassen. Sie k\u00f6nnen es auch in einer dickeren Schicht auftragen, um von den Vorteilen eines Umschlags zu profitieren.<br \/>\nDie biologische Abbaubarkeit erreicht 100 % nach 2-monatiger Vergrabung.<\/p>\n<p>Argiletz wurde 1953 von Jean Heitz gegr\u00fcndet, der sich nach der Pflege der Verwundeten des Zweiten Weltkriegs durch seine Mutter auf die Vorteile von Ton st\u00fctzte.<\/p>\n<p>Merkmale :<br \/>\n100 % nat\u00fcrlich, garantiert sonnengetrocknet \u2013 ohne Konservierungsstoffe \u2013 ohne Ionisation<\/p>\n<p>Verpackung: 2 Streifen \u00e0 5 m x 8,5 cm.<\/p>\n<p>Handbuch:<\/p>\n<p>Der Argiletz-Tonstreifen wird in einer Rolle von 5 Metern L\u00e4nge pr\u00e4sentiert.<br \/>\nSchneiden oder rei\u00dfen Sie den Streifen zum Auftragen auf die gew\u00fcnschte L\u00e4nge ab. Textilit-Klebeband rei\u00dft aufgrund seiner Zellulosebeschaffenheit leicht.<br \/>\nBefeuchten Sie die Tonerde mit kaltem oder lauwarmem Wasser, damit ein schneller Austausch mit den oberfl\u00e4chlichen Hautschichten erfolgen kann. Anstelle des Einweichens empfiehlt es sich, den Streifen anzufeuchten oder mit Wasser zu bespr\u00fchen. Diese Befeuchtung kann w\u00e4hrend der Anwendungsdauer mehrmals wiederholt werden.<br \/>\nAnlegen durch Bandagieren, ohne das Band zu dehnen.<\/p>\n<p>Komposition :<\/p>\n<p>Nat\u00fcrlicher gr\u00fcner Ton 100 % Textilit, Tr\u00e4ger: 100 % Zellulose (pflanzlich).<\/p>","protected":false},"excerpt":{"rendered":"<p>Dieser gr\u00fcne Tonstreifen ist schnell und einfach zu installieren und enth\u00e4lt alle authentischen Eigenschaften von Argiletz-Ton. Es ist gebrauchsfertig, k\u00f6stlich erholsam und entspannend. Es ist f\u00fcr m\u00fcde oder schmerzende Muskeln geeignet. Es ist einfach zu verwenden und erm\u00f6glicht es Ihnen, genau die richtige Menge zur Hand zu haben. Seit der Antike pflegten sich Menschen mit [&hellip;]<\/p>\n","protected":false},"featured_media":39355,"template":"","meta":{"_acf_changed":false,"footnotes":""},"product_brand":[],"product_cat":[47,42],"product_tag":[],"class_list":{"0":"post-39354","1":"product","2":"type-product","3":"status-publish","4":"has-post-thumbnail","6":"product_cat-dermocosmetique","7":"product_cat-para-pharmacie","9":"first","10":"instock","11":"taxable","12":"shipping-taxable","13":"purchasable","14":"product-type-simple"},"acf":[],"_links":{"self":[{"href":"https:\/\/www.pharmacieonline.lu\/de\/wp-json\/wp\/v2\/product\/39354","targetHints":{"allow":["GET"]}}],"collection":[{"href":"https:\/\/www.pharmacieonline.lu\/de\/wp-json\/wp\/v2\/product"}],"about":[{"href":"https:\/\/www.pharmacieonline.lu\/de\/wp-json\/wp\/v2\/types\/product"}],"version-history":[{"count":0,"href":"https:\/\/www.pharmacieonline.lu\/de\/wp-json\/wp\/v2\/product\/39354\/revisions"}],"wp:featuredmedia":[{"embeddable":true,"href":"https:\/\/www.pharmacieonline.lu\/de\/wp-json\/wp\/v2\/media\/39355"}],"wp:attachment":[{"href":"https:\/\/www.pharmacieonline.lu\/de\/wp-json\/wp\/v2\/media?parent=39354"}],"wp:term":[{"taxonomy":"product_brand","embeddable":true,"href":"https:\/\/www.pharmacieonline.lu\/de\/wp-json\/wp\/v2\/product_brand?post=39354"},{"taxonomy":"product_cat","embeddable":true,"href":"https:\/\/www.pharmacieonline.lu\/de\/wp-json\/wp\/v2\/product_cat?post=39354"},{"taxonomy":"product_tag","embeddable":true,"href":"https:\/\/www.pharmacieonline.lu\/de\/wp-json\/wp\/v2\/product_tag?post=39354"}],"curies":[{"name":"wp","href":"https:\/\/api.w.org\/{rel}","templated":true}]}}