{"id":39363,"date":"2023-09-13T10:18:16","date_gmt":"2023-09-13T08:18:16","guid":{"rendered":"https:\/\/www.pharmacieonline.lu\/?post_type=product&#038;p=39363"},"modified":"2026-04-12T08:25:53","modified_gmt":"2026-04-12T06:25:53","slug":"allpresan-diab-mikrosilberrepair-125ml","status":"publish","type":"product","link":"https:\/\/www.pharmacieonline.lu\/de\/produit\/allpresan-diab-mikrosilberrepair-125ml\/","title":{"rendered":"ALLPRESAN DIAB MIKROSILBER+REPAIR 125ML"},"content":{"rendered":"<p>Sehr trockene bis schuppige Haut ist eine h\u00e4ufige Begleiterscheinung der Diabetes Erkrankung. Studien haben gezeigt, dass die Hautbarriere bei Diabetikern gest\u00f6rt ist und dies nicht selten Ausgangspunkt f\u00fcr die Entstehung schwerwiegender Fu\u00dfkomplikationen sein kann. Denn bei einer gest\u00f6rten Hautbarriere ist die Gefahr des Eindringens von Keimen und Mikroorganismen und daraus resultierenden Folgeinfektionen deutlich erh\u00f6ht. Die Allpresan diabetic Mikrosilber + Repair Schaum-Creme wurde speziell zur Pflege der Haut bei Diabetes mellitus entwickelt. Dank biomimetischer Lipide und Urea wird die Hautbarriere gest\u00e4rkt und intensiv mit Feuchtigkeit versorgt. Mikrosilber besitzt antibakterielle Eigenschaften und hilft so, Entz\u00fcndungen vorzubeugen.<\/p>\n<ul>\n<li>Medizinische Hautpflege bei Diabetes mellitus mit biomimetischen Lipiden plus Urea und Mikrosilber<\/li>\n<li>Spendet intensiv Feuchtigkeit und reduziert so Hautrauigkeit- und Rissigkeit<\/li>\n<li>Mit zertifiziertem, nano-freien Mikrosilber (MicroSilver BG\u2122)<\/li>\n<li>Bildet ein atmungsaktives Schutznetz, das dem Wirkprinzip moderner Textilien nachempfunden ist<\/li>\n<li>Textilien k\u00f6nnen sofort nach der Anwendung wieder angezogen werden. Es besteht keine Rutschgefahr<\/li>\n<\/ul>\n<p><\/p>","protected":false},"excerpt":{"rendered":"<p>Sehr trockene bis schuppige Haut ist eine h\u00e4ufige Begleiterscheinung der Diabetes Erkrankung. Studien haben gezeigt, dass die Hautbarriere bei Diabetikern gest\u00f6rt ist und dies nicht selten Ausgangspunkt f\u00fcr die Entstehung schwerwiegender Fu\u00dfkomplikationen sein kann. Denn bei einer gest\u00f6rten Hautbarriere ist die Gefahr des Eindringens von Keimen und Mikroorganismen und daraus resultierenden Folgeinfektionen deutlich erh\u00f6ht. Die [&hellip;]<\/p>\n","protected":false},"featured_media":39364,"template":"","meta":{"_acf_changed":false,"footnotes":""},"product_brand":[],"product_cat":[765],"product_tag":[],"class_list":{"0":"post-39363","1":"product","2":"type-product","3":"status-publish","4":"has-post-thumbnail","6":"product_cat-soins-pieds","8":"first","9":"instock","10":"taxable","11":"shipping-taxable","12":"purchasable","13":"product-type-simple"},"acf":[],"_links":{"self":[{"href":"https:\/\/www.pharmacieonline.lu\/de\/wp-json\/wp\/v2\/product\/39363","targetHints":{"allow":["GET"]}}],"collection":[{"href":"https:\/\/www.pharmacieonline.lu\/de\/wp-json\/wp\/v2\/product"}],"about":[{"href":"https:\/\/www.pharmacieonline.lu\/de\/wp-json\/wp\/v2\/types\/product"}],"version-history":[{"count":0,"href":"https:\/\/www.pharmacieonline.lu\/de\/wp-json\/wp\/v2\/product\/39363\/revisions"}],"wp:featuredmedia":[{"embeddable":true,"href":"https:\/\/www.pharmacieonline.lu\/de\/wp-json\/wp\/v2\/media\/39364"}],"wp:attachment":[{"href":"https:\/\/www.pharmacieonline.lu\/de\/wp-json\/wp\/v2\/media?parent=39363"}],"wp:term":[{"taxonomy":"product_brand","embeddable":true,"href":"https:\/\/www.pharmacieonline.lu\/de\/wp-json\/wp\/v2\/product_brand?post=39363"},{"taxonomy":"product_cat","embeddable":true,"href":"https:\/\/www.pharmacieonline.lu\/de\/wp-json\/wp\/v2\/product_cat?post=39363"},{"taxonomy":"product_tag","embeddable":true,"href":"https:\/\/www.pharmacieonline.lu\/de\/wp-json\/wp\/v2\/product_tag?post=39363"}],"curies":[{"name":"wp","href":"https:\/\/api.w.org\/{rel}","templated":true}]}}