{"id":39446,"date":"2023-09-13T13:59:20","date_gmt":"2023-09-13T11:59:20","guid":{"rendered":"https:\/\/www.pharmacieonline.lu\/?post_type=product&#038;p=39446"},"modified":"2026-04-15T11:55:17","modified_gmt":"2026-04-15T09:55:17","slug":"avogel-cinuforce-gouttes-inhalation-20ml","status":"publish","type":"product","link":"https:\/\/www.pharmacieonline.lu\/de\/produit\/avogel-cinuforce-gouttes-inhalation-20ml\/","title":{"rendered":"AVOGEL CINUFORCE GOUTTES INHALATION 20ML"},"content":{"rendered":"<p>A.Vogel Cinuforce Inhalationstropfen sind eine Mischung aus \u00e4therischen \u00d6len, die nur zur \u00e4u\u00dferlichen Anwendung bestimmt ist und f\u00fcr eine freiere Atmung sorgt.<\/p>\n<p>Cinuforce Inhalationstropfen sind nicht f\u00fcr Kinder unter 4 Jahren sowie schwangere oder stillende Frauen geeignet. Nicht in die Nase stecken.<\/p>\n<p>&nbsp;<\/p>\n<p>Erwachsene und Kinder ab 4 Jahren: Kann verwendet werden<\/p>\n<p>entweder durch Einreiben der Schl\u00e4fen mit ein paar Tropfen<br \/>\noder indem man 3-5 Tropfen auf einen halben Liter kochendes Wasser gibt und den Dampf mit einem Tuch \u00fcber dem Kopf einatmet.<\/p>\n<p>Beginnen Sie langsam mit der Inhalation, da heftige Reaktionen m\u00f6glich sind.<br \/>\nGeben Sie die Tropfen nicht in die Nase.<br \/>\nSch\u00fctteln Sie die Flasche vor Gebrauch.<\/p>\n<p>Nur f\u00fcr \u00e4u\u00dfere Anwendung.<\/p>\n<p>Zutaten<\/p>\n<p>100 % \u00e4therisches \u00d6l<br \/>\n\u00c4therische \u00d6le aus Pfefferminze (Mentha piperita), Eukalyptus (Eucalyptus globulus), Wacholder (Juniperus communis), K\u00fcmmel (Carum carvi) und Fenchel (Foeniculum vulgare); Limonen; Linalool.<\/p>","protected":false},"excerpt":{"rendered":"<p>A.Vogel Cinuforce Inhalationstropfen sind eine Mischung aus \u00e4therischen \u00d6len, die nur zur \u00e4u\u00dferlichen Anwendung bestimmt ist und f\u00fcr eine freiere Atmung sorgt. Cinuforce Inhalationstropfen sind nicht f\u00fcr Kinder unter 4 Jahren sowie schwangere oder stillende Frauen geeignet. Nicht in die Nase stecken. &nbsp; Erwachsene und Kinder ab 4 Jahren: Kann verwendet werden entweder durch Einreiben [&hellip;]<\/p>\n","protected":false},"featured_media":39448,"template":"","meta":{"_acf_changed":false,"footnotes":""},"product_brand":[],"product_cat":[43,85],"product_tag":[],"class_list":{"0":"post-39446","1":"product","2":"type-product","3":"status-publish","4":"has-post-thumbnail","6":"product_cat-medicaments-en-vente-libre","7":"product_cat-rhume","9":"first","10":"outofstock","11":"taxable","12":"shipping-taxable","13":"purchasable","14":"product-type-simple"},"acf":[],"_links":{"self":[{"href":"https:\/\/www.pharmacieonline.lu\/de\/wp-json\/wp\/v2\/product\/39446","targetHints":{"allow":["GET"]}}],"collection":[{"href":"https:\/\/www.pharmacieonline.lu\/de\/wp-json\/wp\/v2\/product"}],"about":[{"href":"https:\/\/www.pharmacieonline.lu\/de\/wp-json\/wp\/v2\/types\/product"}],"version-history":[{"count":0,"href":"https:\/\/www.pharmacieonline.lu\/de\/wp-json\/wp\/v2\/product\/39446\/revisions"}],"wp:featuredmedia":[{"embeddable":true,"href":"https:\/\/www.pharmacieonline.lu\/de\/wp-json\/wp\/v2\/media\/39448"}],"wp:attachment":[{"href":"https:\/\/www.pharmacieonline.lu\/de\/wp-json\/wp\/v2\/media?parent=39446"}],"wp:term":[{"taxonomy":"product_brand","embeddable":true,"href":"https:\/\/www.pharmacieonline.lu\/de\/wp-json\/wp\/v2\/product_brand?post=39446"},{"taxonomy":"product_cat","embeddable":true,"href":"https:\/\/www.pharmacieonline.lu\/de\/wp-json\/wp\/v2\/product_cat?post=39446"},{"taxonomy":"product_tag","embeddable":true,"href":"https:\/\/www.pharmacieonline.lu\/de\/wp-json\/wp\/v2\/product_tag?post=39446"}],"curies":[{"name":"wp","href":"https:\/\/api.w.org\/{rel}","templated":true}]}}