{"id":39451,"date":"2023-09-13T14:15:00","date_gmt":"2023-09-13T12:15:00","guid":{"rendered":"https:\/\/www.pharmacieonline.lu\/?post_type=product&#038;p=39451"},"modified":"2026-04-07T13:55:14","modified_gmt":"2026-04-07T11:55:14","slug":"avogel-cinuforce-gttes-inhalation-10ml","status":"publish","type":"product","link":"https:\/\/www.pharmacieonline.lu\/de\/produit\/avogel-cinuforce-gttes-inhalation-10ml\/","title":{"rendered":"AVOGEL CINUFORCE GTTES INHALATION 10ML"},"content":{"rendered":"<p>Befreien Sie Ihre Nase, um besser atmen zu k\u00f6nnen<\/p>\n<p>Die Funktion der Nase besteht darin, die Luft, die wir einatmen, zu filtern und zu erw\u00e4rmen, und zwar mit einer Geschwindigkeit von etwa zehn Litern pro Minute. Solange die Nase frei ist, erfolgt diese Funktion automatisch. Wenn Sie durch den Mund atmen, k\u00f6nnen Symptome wie eine dehydrierte Zunge und ein teigiger Mund auftreten. A.Vogel Cinuforce Inhalationstropfen unterst\u00fctzen die Atemwege und helfen, freier durch die Nase zu atmen. Dieses \u00d6l enth\u00e4lt unter anderem Pfefferminze und Eukalyptus, Pflanzen, die seit Jahrhunderten daf\u00fcr bekannt sind, die Atemwege zu beruhigen.<\/p>\n<p>Symptome einer verstopften Nase<\/p>\n<p>Pochende Kopfschmerzen, unangenehme Empfindungen \u00fcber oder hinter den Augen, Spannungsgef\u00fchl in den Nebenh\u00f6hlen (insbesondere beim B\u00fccken), verstopfte Nase oder gelbgr\u00fcner Nasensekret und erh\u00f6hte K\u00f6rpertemperatur.<\/p>\n<p>Dosierung und Anwendung<\/p>\n<p>Erwachsene und Kinder ab 6 Jahren:<\/p>\n<p>&nbsp;<\/p>\n<p>Mehrmals t\u00e4glich inhalieren: 3-5 Tropfen in eine Sch\u00fcssel mit sehr hei\u00dfem Wasser oder Kamillenaufguss geben.<\/p>\n<p>Neigen Sie Ihren Kopf \u00fcber die Sch\u00fcssel, bedecken Sie Kopf und Sch\u00fcssel mit einem Handtuch und atmen Sie den Dampf so weit wie m\u00f6glich durch die Nase ein.<\/p>\n<p>Beginnen Sie langsam.<\/p>\n<p>Beim Duschen: W\u00e4hrend des Duschens einige Tropfen auf den Boden streuen.<\/p>\n<p>Durch die Nase einatmen.<\/p>\n<p>Nicht direkt auf die Haut auftragen.<\/p>\n<p>Zutaten<\/p>\n<p>\u00c4therische \u00d6le aus Eukalyptus (Eucalyptus globulus), Pfefferminze (Mentha piperita) und Terebinthe, 91 %; Erdnuss\u00f6l ; Limonen; Kampfer<\/p>","protected":false},"excerpt":{"rendered":"<p>Befreien Sie Ihre Nase, um besser atmen zu k\u00f6nnen Die Funktion der Nase besteht darin, die Luft, die wir einatmen, zu filtern und zu erw\u00e4rmen, und zwar mit einer Geschwindigkeit von etwa zehn Litern pro Minute. Solange die Nase frei ist, erfolgt diese Funktion automatisch. Wenn Sie durch den Mund atmen, k\u00f6nnen Symptome wie eine [&hellip;]<\/p>\n","protected":false},"featured_media":39452,"template":"","meta":{"_acf_changed":false,"footnotes":""},"product_brand":[],"product_cat":[43,94,85,86],"product_tag":[],"class_list":{"0":"post-39451","1":"product","2":"type-product","3":"status-publish","4":"has-post-thumbnail","6":"product_cat-medicaments-en-vente-libre","7":"product_cat-maux","8":"product_cat-rhume","9":"product_cat-grippe","11":"first","12":"instock","13":"taxable","14":"shipping-taxable","15":"purchasable","16":"product-type-simple"},"acf":[],"_links":{"self":[{"href":"https:\/\/www.pharmacieonline.lu\/de\/wp-json\/wp\/v2\/product\/39451","targetHints":{"allow":["GET"]}}],"collection":[{"href":"https:\/\/www.pharmacieonline.lu\/de\/wp-json\/wp\/v2\/product"}],"about":[{"href":"https:\/\/www.pharmacieonline.lu\/de\/wp-json\/wp\/v2\/types\/product"}],"version-history":[{"count":0,"href":"https:\/\/www.pharmacieonline.lu\/de\/wp-json\/wp\/v2\/product\/39451\/revisions"}],"wp:featuredmedia":[{"embeddable":true,"href":"https:\/\/www.pharmacieonline.lu\/de\/wp-json\/wp\/v2\/media\/39452"}],"wp:attachment":[{"href":"https:\/\/www.pharmacieonline.lu\/de\/wp-json\/wp\/v2\/media?parent=39451"}],"wp:term":[{"taxonomy":"product_brand","embeddable":true,"href":"https:\/\/www.pharmacieonline.lu\/de\/wp-json\/wp\/v2\/product_brand?post=39451"},{"taxonomy":"product_cat","embeddable":true,"href":"https:\/\/www.pharmacieonline.lu\/de\/wp-json\/wp\/v2\/product_cat?post=39451"},{"taxonomy":"product_tag","embeddable":true,"href":"https:\/\/www.pharmacieonline.lu\/de\/wp-json\/wp\/v2\/product_tag?post=39451"}],"curies":[{"name":"wp","href":"https:\/\/api.w.org\/{rel}","templated":true}]}}