{"id":39453,"date":"2023-09-13T14:13:01","date_gmt":"2023-09-13T12:13:01","guid":{"rendered":"https:\/\/www.pharmacieonline.lu\/?post_type=product&#038;p=39453"},"modified":"2026-04-07T13:55:14","modified_gmt":"2026-04-07T11:55:14","slug":"argiletz-argile-verte-surfine-1-kg","status":"publish","type":"product","link":"https:\/\/www.pharmacieonline.lu\/de\/produit\/argiletz-argile-verte-surfine-1-kg\/","title":{"rendered":"ARGILETZ ARGILE VERTE SURFINE 1 KG"},"content":{"rendered":"<p>Sorgf\u00e4ltig ausgew\u00e4hlt, 100 % nat\u00fcrlich, sonnengetrocknet, zahlreichen Kontrollen unterworfen, ist der superfeine gr\u00fcne Ton Argiletz\u00ae au\u00dfergew\u00f6hnlich reich an f\u00fcr den K\u00f6rper n\u00fctzlichen Mineralien und ein feines Tonpulver von etwa 60 Mikrometern.<\/p>\n<p>HINWEISE ZUR VERWENDUNG IN DER EXTERNEN ANWENDUNG<br \/>\nMischen Sie 2 bis 3 Essl\u00f6ffel Tonerde mit etwas Mineral- oder Bl\u00fctenwasser. Einige Minuten ruhen lassen und dann mit einem Holzspatel umr\u00fchren, bis eine homogene und glatte Paste entsteht. Fertig ist Ihre Maske.<br \/>\nAls weichmachende und entspannende Sch\u00f6nheitsmaske hellt Ton durch seine absorbierende Wirkung den Teint auf. Es wird auch im Bad verwendet.<\/p>","protected":false},"excerpt":{"rendered":"<p>Sorgf\u00e4ltig ausgew\u00e4hlt, 100 % nat\u00fcrlich, sonnengetrocknet, zahlreichen Kontrollen unterworfen, ist der superfeine gr\u00fcne Ton Argiletz\u00ae au\u00dfergew\u00f6hnlich reich an f\u00fcr den K\u00f6rper n\u00fctzlichen Mineralien und ein feines Tonpulver von etwa 60 Mikrometern. HINWEISE ZUR VERWENDUNG IN DER EXTERNEN ANWENDUNG Mischen Sie 2 bis 3 Essl\u00f6ffel Tonerde mit etwas Mineral- oder Bl\u00fctenwasser. Einige Minuten ruhen lassen und [&hellip;]<\/p>\n","protected":false},"featured_media":39455,"template":"","meta":{"_acf_changed":false,"footnotes":""},"product_brand":[],"product_cat":[47,42],"product_tag":[],"class_list":{"0":"post-39453","1":"product","2":"type-product","3":"status-publish","4":"has-post-thumbnail","6":"product_cat-dermocosmetique","7":"product_cat-para-pharmacie","9":"first","10":"instock","11":"taxable","12":"shipping-taxable","13":"purchasable","14":"product-type-simple"},"acf":[],"_links":{"self":[{"href":"https:\/\/www.pharmacieonline.lu\/de\/wp-json\/wp\/v2\/product\/39453","targetHints":{"allow":["GET"]}}],"collection":[{"href":"https:\/\/www.pharmacieonline.lu\/de\/wp-json\/wp\/v2\/product"}],"about":[{"href":"https:\/\/www.pharmacieonline.lu\/de\/wp-json\/wp\/v2\/types\/product"}],"version-history":[{"count":0,"href":"https:\/\/www.pharmacieonline.lu\/de\/wp-json\/wp\/v2\/product\/39453\/revisions"}],"wp:featuredmedia":[{"embeddable":true,"href":"https:\/\/www.pharmacieonline.lu\/de\/wp-json\/wp\/v2\/media\/39455"}],"wp:attachment":[{"href":"https:\/\/www.pharmacieonline.lu\/de\/wp-json\/wp\/v2\/media?parent=39453"}],"wp:term":[{"taxonomy":"product_brand","embeddable":true,"href":"https:\/\/www.pharmacieonline.lu\/de\/wp-json\/wp\/v2\/product_brand?post=39453"},{"taxonomy":"product_cat","embeddable":true,"href":"https:\/\/www.pharmacieonline.lu\/de\/wp-json\/wp\/v2\/product_cat?post=39453"},{"taxonomy":"product_tag","embeddable":true,"href":"https:\/\/www.pharmacieonline.lu\/de\/wp-json\/wp\/v2\/product_tag?post=39453"}],"curies":[{"name":"wp","href":"https:\/\/api.w.org\/{rel}","templated":true}]}}