{"id":39461,"date":"2023-09-13T14:21:45","date_gmt":"2023-09-13T12:21:45","guid":{"rendered":"https:\/\/www.pharmacieonline.lu\/?post_type=product&#038;p=39461"},"modified":"2026-04-10T02:25:22","modified_gmt":"2026-04-10T00:25:22","slug":"avogel-comprimes-yeux-60-cpr","status":"publish","type":"product","link":"https:\/\/www.pharmacieonline.lu\/de\/produit\/avogel-comprimes-yeux-60-cpr\/","title":{"rendered":"AVOGEL COMPRIMES YEUX 60 CPR"},"content":{"rendered":"<p>Beschreibung<\/p>\n<p>Hilft bei der Aufrechterhaltung einer klaren Sicht.<\/p>\n<p>Eigenschaften :<br \/>\nBei den \u00fcber 50-J\u00e4hrigen leiden 72,3 % gelegentlich an Augenproblemen.<br \/>\nEine gute Augengesundheit ist wichtig f\u00fcr die ordnungsgem\u00e4\u00dfe Funktion der Netzhaut.<br \/>\nDie Augen sind vielen \u00e4u\u00dferen Einfl\u00fcssen ausgesetzt. Bildschirmnutzung, Alter und Lebensmittel k\u00f6nnen sich auf die Gesundheit unserer Augen auswirken.<br \/>\nZus\u00e4tzlich zur Ern\u00e4hrung ben\u00f6tigen die Augen m\u00f6glicherweise etwas zus\u00e4tzliche Hilfe, damit sie richtig funktionieren<\/p>\n<p>A.Vogel Augentabletten:<br \/>\n&#8211; Tr\u00e4gt zur Aufrechterhaltung einer klaren Sicht bei.<br \/>\n&#8211; Tr\u00e4gt zur Aufrechterhaltung einer guten Sehkraft bei.<br \/>\n&#8211; Erh\u00e4lt die Augengesundheit.<br \/>\n&#8211; Tr\u00e4gt zur ordnungsgem\u00e4\u00dfen Funktion der Netzhaut bei.<\/p>\n<p>Produktvorteile:<br \/>\n&#8211; Naturprodukt auf Basis von schwarzer Johannisbeere, Lutein, Zeaxanthin, Zink und frischer Karotte<br \/>\n&#8211; Eine Tagesdosis enth\u00e4lt: 4,3 mg Zink, 10 mg Lutein, 2 mg Zeaxanthin.<\/p>\n<p>Hinweise:<br \/>\n&#8211; Um eine klare Sicht zu bewahren<br \/>\n&#8211; Um eine gute Sehkraft zu erhalten<br \/>\n&#8211; Zur Erhaltung der Augengesundheit<\/p>\n<p>Anwendungstipps:<br \/>\n1-mal t\u00e4glich 2 Tabletten mit etwas Wasser<\/p>","protected":false},"excerpt":{"rendered":"<p>Beschreibung Hilft bei der Aufrechterhaltung einer klaren Sicht. Eigenschaften : Bei den \u00fcber 50-J\u00e4hrigen leiden 72,3 % gelegentlich an Augenproblemen. Eine gute Augengesundheit ist wichtig f\u00fcr die ordnungsgem\u00e4\u00dfe Funktion der Netzhaut. Die Augen sind vielen \u00e4u\u00dferen Einfl\u00fcssen ausgesetzt. Bildschirmnutzung, Alter und Lebensmittel k\u00f6nnen sich auf die Gesundheit unserer Augen auswirken. Zus\u00e4tzlich zur Ern\u00e4hrung ben\u00f6tigen die [&hellip;]<\/p>\n","protected":false},"featured_media":39469,"template":"","meta":{"_acf_changed":false,"footnotes":""},"product_brand":[],"product_cat":[953,90],"product_tag":[],"class_list":{"0":"post-39461","1":"product","2":"type-product","3":"status-publish","4":"has-post-thumbnail","6":"product_cat-complements-alimentaires","7":"product_cat-yeux","9":"first","10":"outofstock","11":"taxable","12":"shipping-taxable","13":"purchasable","14":"product-type-simple"},"acf":[],"_links":{"self":[{"href":"https:\/\/www.pharmacieonline.lu\/de\/wp-json\/wp\/v2\/product\/39461","targetHints":{"allow":["GET"]}}],"collection":[{"href":"https:\/\/www.pharmacieonline.lu\/de\/wp-json\/wp\/v2\/product"}],"about":[{"href":"https:\/\/www.pharmacieonline.lu\/de\/wp-json\/wp\/v2\/types\/product"}],"version-history":[{"count":0,"href":"https:\/\/www.pharmacieonline.lu\/de\/wp-json\/wp\/v2\/product\/39461\/revisions"}],"wp:featuredmedia":[{"embeddable":true,"href":"https:\/\/www.pharmacieonline.lu\/de\/wp-json\/wp\/v2\/media\/39469"}],"wp:attachment":[{"href":"https:\/\/www.pharmacieonline.lu\/de\/wp-json\/wp\/v2\/media?parent=39461"}],"wp:term":[{"taxonomy":"product_brand","embeddable":true,"href":"https:\/\/www.pharmacieonline.lu\/de\/wp-json\/wp\/v2\/product_brand?post=39461"},{"taxonomy":"product_cat","embeddable":true,"href":"https:\/\/www.pharmacieonline.lu\/de\/wp-json\/wp\/v2\/product_cat?post=39461"},{"taxonomy":"product_tag","embeddable":true,"href":"https:\/\/www.pharmacieonline.lu\/de\/wp-json\/wp\/v2\/product_tag?post=39461"}],"curies":[{"name":"wp","href":"https:\/\/api.w.org\/{rel}","templated":true}]}}