{"id":39464,"date":"2023-09-13T14:19:01","date_gmt":"2023-09-13T12:19:01","guid":{"rendered":"https:\/\/www.pharmacieonline.lu\/?post_type=product&#038;p=39464"},"modified":"2026-04-07T13:55:13","modified_gmt":"2026-04-07T11:55:13","slug":"argiletz-argile-verte-granulee-3-kg","status":"publish","type":"product","link":"https:\/\/www.pharmacieonline.lu\/de\/produit\/argiletz-argile-verte-granulee-3-kg\/","title":{"rendered":"ARGILETZ ARGILE VERTE GRANULEE 3 KG"},"content":{"rendered":"<p>Granulierter Ton ist ein Rohton mit K\u00f6rnern von ca. 8 mm. Als Umschlag oder Pflaster kann granulierte gr\u00fcne Tonerde schnell zubereitet werden, um Ihnen echten Komfort zu bieten und Ihren K\u00f6rper effektiv zu entlasten.<\/p>\n<p>ANWENDUNGEN:<\/p>\n<p>Als Umschlag oder Pflaster 1 bis 2 cm Ton direkt auf die empfindliche Stelle auftragen und 1 bis 2 Stunden einwirken lassen.<br \/>\nF\u00fcr andere Anwendungen geben Sie 2 cm gr\u00fcne Tonpaste direkt auf ein feines Tuch. Falten Sie die 4 Ecken. Tragen Sie diesen Putz direkt auf die gew\u00fcnschte Stelle auf. Entfernen Sie in beiden F\u00e4llen so viel Ton wie m\u00f6glich und werfen Sie ihn weg. Mit lauwarmem Wasser absp\u00fclen.<br \/>\nSie k\u00f6nnen im Achilletz-Sortiment auch gebrochenen oder fein gemahlenen gr\u00fcnen Ton verwenden.<\/p>","protected":false},"excerpt":{"rendered":"<p>Granulierter Ton ist ein Rohton mit K\u00f6rnern von ca. 8 mm. Als Umschlag oder Pflaster kann granulierte gr\u00fcne Tonerde schnell zubereitet werden, um Ihnen echten Komfort zu bieten und Ihren K\u00f6rper effektiv zu entlasten. ANWENDUNGEN: Als Umschlag oder Pflaster 1 bis 2 cm Ton direkt auf die empfindliche Stelle auftragen und 1 bis 2 Stunden [&hellip;]<\/p>\n","protected":false},"featured_media":39465,"template":"","meta":{"_acf_changed":false,"footnotes":""},"product_brand":[],"product_cat":[47,42],"product_tag":[],"class_list":{"0":"post-39464","1":"product","2":"type-product","3":"status-publish","4":"has-post-thumbnail","6":"product_cat-dermocosmetique","7":"product_cat-para-pharmacie","9":"first","10":"instock","11":"taxable","12":"shipping-taxable","13":"purchasable","14":"product-type-simple"},"acf":[],"_links":{"self":[{"href":"https:\/\/www.pharmacieonline.lu\/de\/wp-json\/wp\/v2\/product\/39464","targetHints":{"allow":["GET"]}}],"collection":[{"href":"https:\/\/www.pharmacieonline.lu\/de\/wp-json\/wp\/v2\/product"}],"about":[{"href":"https:\/\/www.pharmacieonline.lu\/de\/wp-json\/wp\/v2\/types\/product"}],"version-history":[{"count":0,"href":"https:\/\/www.pharmacieonline.lu\/de\/wp-json\/wp\/v2\/product\/39464\/revisions"}],"wp:featuredmedia":[{"embeddable":true,"href":"https:\/\/www.pharmacieonline.lu\/de\/wp-json\/wp\/v2\/media\/39465"}],"wp:attachment":[{"href":"https:\/\/www.pharmacieonline.lu\/de\/wp-json\/wp\/v2\/media?parent=39464"}],"wp:term":[{"taxonomy":"product_brand","embeddable":true,"href":"https:\/\/www.pharmacieonline.lu\/de\/wp-json\/wp\/v2\/product_brand?post=39464"},{"taxonomy":"product_cat","embeddable":true,"href":"https:\/\/www.pharmacieonline.lu\/de\/wp-json\/wp\/v2\/product_cat?post=39464"},{"taxonomy":"product_tag","embeddable":true,"href":"https:\/\/www.pharmacieonline.lu\/de\/wp-json\/wp\/v2\/product_tag?post=39464"}],"curies":[{"name":"wp","href":"https:\/\/api.w.org\/{rel}","templated":true}]}}