{"id":39468,"date":"2023-09-13T14:22:47","date_gmt":"2023-09-13T12:22:47","guid":{"rendered":"https:\/\/www.pharmacieonline.lu\/?post_type=product&#038;p=39468"},"modified":"2026-04-07T13:55:13","modified_gmt":"2026-04-07T11:55:13","slug":"argiletz-argile-verte-ghassoul-200g","status":"publish","type":"product","link":"https:\/\/www.pharmacieonline.lu\/de\/produit\/argiletz-argile-verte-ghassoul-200g\/","title":{"rendered":"ARGILETZ ARGILE VERTE GHASSOUL 200G"},"content":{"rendered":"<p>Ghassoul-Pulver hat eine feine und zarte Textur, die es erm\u00f6glicht, die Haut sanft aufzunehmen und zu reinigen. Ghassoul-Ton wird zur Entgiftung empfohlen, da er gegen Muskelerm\u00fcdung wirkt. Ihr K\u00f6rper gewinnt mit jeder Anwendung seine ganze Gelassenheit zur\u00fcck.<\/p>\n<p>RATSCHL\u00c4GE NUTZEN<\/p>\n<p>IN DER \u00c4USSEREN ANWENDUNG<\/p>\n<p>Geben Sie in ein Glas oder eine Holzschale 2 bis 3 Essl\u00f6ffel Ghassoul-Ton mit Mineral-, Blumen-, Rosen- oder Jasminwasser. Tragen Sie eine d\u00fcnne Schicht 10 Minuten lang auf Ihr Gesicht auf und sp\u00fclen Sie sie dann mit lauwarmem Wasser ab. Ton erwacht durch den Kontakt mit Wasser zum Leben: Um seine Eigenschaften zu bewahren, befeuchten Sie ihn so oft wie n\u00f6tig. Tragen Sie Ihre ARGILETZ Moisturizing*-Creme auf.<br \/>\n*Die oberen Schichten der Epidermis.<\/p>","protected":false},"excerpt":{"rendered":"<p>Ghassoul-Pulver hat eine feine und zarte Textur, die es erm\u00f6glicht, die Haut sanft aufzunehmen und zu reinigen. Ghassoul-Ton wird zur Entgiftung empfohlen, da er gegen Muskelerm\u00fcdung wirkt. Ihr K\u00f6rper gewinnt mit jeder Anwendung seine ganze Gelassenheit zur\u00fcck. RATSCHL\u00c4GE NUTZEN IN DER \u00c4USSEREN ANWENDUNG Geben Sie in ein Glas oder eine Holzschale 2 bis 3 Essl\u00f6ffel [&hellip;]<\/p>\n","protected":false},"featured_media":39472,"template":"","meta":{"_acf_changed":false,"footnotes":""},"product_brand":[],"product_cat":[47,42],"product_tag":[],"class_list":{"0":"post-39468","1":"product","2":"type-product","3":"status-publish","4":"has-post-thumbnail","6":"product_cat-dermocosmetique","7":"product_cat-para-pharmacie","9":"first","10":"instock","11":"taxable","12":"shipping-taxable","13":"purchasable","14":"product-type-simple"},"acf":[],"_links":{"self":[{"href":"https:\/\/www.pharmacieonline.lu\/de\/wp-json\/wp\/v2\/product\/39468","targetHints":{"allow":["GET"]}}],"collection":[{"href":"https:\/\/www.pharmacieonline.lu\/de\/wp-json\/wp\/v2\/product"}],"about":[{"href":"https:\/\/www.pharmacieonline.lu\/de\/wp-json\/wp\/v2\/types\/product"}],"version-history":[{"count":0,"href":"https:\/\/www.pharmacieonline.lu\/de\/wp-json\/wp\/v2\/product\/39468\/revisions"}],"wp:featuredmedia":[{"embeddable":true,"href":"https:\/\/www.pharmacieonline.lu\/de\/wp-json\/wp\/v2\/media\/39472"}],"wp:attachment":[{"href":"https:\/\/www.pharmacieonline.lu\/de\/wp-json\/wp\/v2\/media?parent=39468"}],"wp:term":[{"taxonomy":"product_brand","embeddable":true,"href":"https:\/\/www.pharmacieonline.lu\/de\/wp-json\/wp\/v2\/product_brand?post=39468"},{"taxonomy":"product_cat","embeddable":true,"href":"https:\/\/www.pharmacieonline.lu\/de\/wp-json\/wp\/v2\/product_cat?post=39468"},{"taxonomy":"product_tag","embeddable":true,"href":"https:\/\/www.pharmacieonline.lu\/de\/wp-json\/wp\/v2\/product_tag?post=39468"}],"curies":[{"name":"wp","href":"https:\/\/api.w.org\/{rel}","templated":true}]}}