{"id":39474,"date":"2023-09-13T14:25:54","date_gmt":"2023-09-13T12:25:54","guid":{"rendered":"https:\/\/www.pharmacieonline.lu\/?post_type=product&#038;p=39474"},"modified":"2026-04-07T15:55:20","modified_gmt":"2026-04-07T13:55:20","slug":"argiletz-argile-rouge-u-ventilee-200-g","status":"publish","type":"product","link":"https:\/\/www.pharmacieonline.lu\/de\/produit\/argiletz-argile-rouge-u-ventilee-200-g\/","title":{"rendered":"ARGILETZ ARGILE ROUGE U-VENTILEE 200 G"},"content":{"rendered":"<p>Das Geheimnis von rotem Ton? Sein Reichtum an Eisenoxid hellt Ihre Haut auf und verleiht ihr eine herrlich samtige, nat\u00fcrliche Br\u00e4une. Empfohlen f\u00fcr trockene Haut.<\/p>\n<p>ANWENDUNGSTIPPS<\/p>\n<p>ZUM EXTERNEN GEBRAUCH<\/p>\n<p>Geben Sie in ein Glas oder eine Holzschale 2 bis 3 Essl\u00f6ffel rote Tonerde mit etwas Mineral- oder Blumenwasser. Einige Augenblicke ruhen lassen. Mit einem Holzspatel gut vermischen, bis eine cremige und glatte Paste entsteht.<br \/>\nGESICHT: Tragen Sie eine dicke Schicht auf, auch um die Augen herum. 10 Minuten einwirken lassen. Ton erwacht durch den Kontakt mit Wasser zum Leben: Um seine Eigenschaften zu bewahren, befeuchten Sie ihn so oft wie n\u00f6tig. Mit lauwarmem Wasser absp\u00fclen. Gut trocknen. Tragen Sie Ihre ARGILETZ Moisturizing*-Creme auf.<br \/>\n*Die oberen Schichten der Epidermis.<br \/>\nHAAR: Auf der gesamten Kopfhaut verteilen. 10 bis 15 Minuten einwirken lassen. Sp\u00fclen Sie es aus und tragen Sie dann Ihr geeignetes Shampoo (normal, trocken oder \u00f6lig) ORGANIC, ARGILETZ auf.<br \/>\nBAD: Verd\u00fcnnen Sie einen 200-g-Beutel roter Tonerde in Ihrem Bad. Sie k\u00f6nnen ein paar Tropfen \u00e4therisches \u00d6l Ihrer Wahl hinzuf\u00fcgen. Entspannen Sie sich 20 Minuten lang. Sp\u00fclen Sie sich unter klarem Wasser ab, Ihre Haut ist weich und neu strukturiert.<\/p>","protected":false},"excerpt":{"rendered":"<p>Das Geheimnis von rotem Ton? Sein Reichtum an Eisenoxid hellt Ihre Haut auf und verleiht ihr eine herrlich samtige, nat\u00fcrliche Br\u00e4une. Empfohlen f\u00fcr trockene Haut. ANWENDUNGSTIPPS ZUM EXTERNEN GEBRAUCH Geben Sie in ein Glas oder eine Holzschale 2 bis 3 Essl\u00f6ffel rote Tonerde mit etwas Mineral- oder Blumenwasser. Einige Augenblicke ruhen lassen. Mit einem Holzspatel [&hellip;]<\/p>\n","protected":false},"featured_media":39477,"template":"","meta":{"_acf_changed":false,"footnotes":""},"product_brand":[],"product_cat":[47,42],"product_tag":[],"class_list":{"0":"post-39474","1":"product","2":"type-product","3":"status-publish","4":"has-post-thumbnail","6":"product_cat-dermocosmetique","7":"product_cat-para-pharmacie","9":"first","10":"outofstock","11":"taxable","12":"shipping-taxable","13":"purchasable","14":"product-type-simple"},"acf":[],"_links":{"self":[{"href":"https:\/\/www.pharmacieonline.lu\/de\/wp-json\/wp\/v2\/product\/39474","targetHints":{"allow":["GET"]}}],"collection":[{"href":"https:\/\/www.pharmacieonline.lu\/de\/wp-json\/wp\/v2\/product"}],"about":[{"href":"https:\/\/www.pharmacieonline.lu\/de\/wp-json\/wp\/v2\/types\/product"}],"version-history":[{"count":0,"href":"https:\/\/www.pharmacieonline.lu\/de\/wp-json\/wp\/v2\/product\/39474\/revisions"}],"wp:featuredmedia":[{"embeddable":true,"href":"https:\/\/www.pharmacieonline.lu\/de\/wp-json\/wp\/v2\/media\/39477"}],"wp:attachment":[{"href":"https:\/\/www.pharmacieonline.lu\/de\/wp-json\/wp\/v2\/media?parent=39474"}],"wp:term":[{"taxonomy":"product_brand","embeddable":true,"href":"https:\/\/www.pharmacieonline.lu\/de\/wp-json\/wp\/v2\/product_brand?post=39474"},{"taxonomy":"product_cat","embeddable":true,"href":"https:\/\/www.pharmacieonline.lu\/de\/wp-json\/wp\/v2\/product_cat?post=39474"},{"taxonomy":"product_tag","embeddable":true,"href":"https:\/\/www.pharmacieonline.lu\/de\/wp-json\/wp\/v2\/product_tag?post=39474"}],"curies":[{"name":"wp","href":"https:\/\/api.w.org\/{rel}","templated":true}]}}