{"id":39481,"date":"2023-09-13T14:28:05","date_gmt":"2023-09-13T12:28:05","guid":{"rendered":"https:\/\/www.pharmacieonline.lu\/?post_type=product&#038;p=39481"},"modified":"2026-04-07T17:55:22","modified_gmt":"2026-04-07T15:55:22","slug":"argiletz-argile-blanche-u-ventilee-200-g","status":"publish","type":"product","link":"https:\/\/www.pharmacieonline.lu\/de\/produit\/argiletz-argile-blanche-u-ventilee-200-g\/","title":{"rendered":"ARGILETZ ARGILE BLANCHE U-VENTILEE 200 G"},"content":{"rendered":"<p>Wei\u00dfer Kaolinit-Ton ist ultraweich, mit einem neutraleren pH-Wert und wird aufgrund seiner abschwellenden Eigenschaften verwendet. Dieser neutrale wei\u00dfe Kaolinit-Ton schont Ihre Haut, auch empfindliche, und verleiht ihr gleichzeitig unendliche Weichheit.<br \/>\nEmpfohlen f\u00fcr fahle Haut.<\/p>\n<p>&nbsp;<\/p>\n<p>ANWENDUNGSTIPPS<\/p>\n<p>ZUM EXTERNEN GEBRAUCH<\/p>\n<p>Geben Sie in ein Glas oder eine Holzschale 2 bis 3 Essl\u00f6ffel wei\u00dfe Tonerde mit etwas Mineral- oder Bl\u00fctenwasser. Einige Augenblicke ruhen lassen. Mit einem Holzspatel gut vermischen, bis eine cremige und glatte Paste entsteht.<br \/>\nGESICHT: Tragen Sie eine dicke Schicht auf, auch um die Augen herum. 10 Minuten einwirken lassen. Ton erwacht durch den Kontakt mit Wasser zum Leben: Um seine Eigenschaften zu bewahren, befeuchten Sie ihn so oft wie n\u00f6tig. Mit lauwarmem Wasser reinigen. Gut trocknen. Tragen Sie Ihre ARGILETZ Moisturizing*-Creme auf.<br \/>\n*Die oberen Schichten der Epidermis.<\/p>\n<p>HAAR: Auf der gesamten Kopfhaut verteilen. 10 bis 15 Minuten einwirken lassen. Sp\u00fclen Sie es aus und tragen Sie Ihr geeignetes Shampoo (normal, trocken oder \u00f6lig) BIO, ARGILETZ auf.<\/p>\n<p>BAD: Verd\u00fcnnen Sie einen 200-g-Beutel mit wei\u00dfer Tonerde in Ihrem Bad. Sie k\u00f6nnen ein paar Tropfen \u00e4therisches \u00d6l Ihrer Wahl hinzuf\u00fcgen. Entspannen Sie sich 20 Minuten lang. Sp\u00fclen Sie sich mit klarem Wasser ab. Ihre Haut erh\u00e4lt extreme Geschmeidigkeit und Zartheit zur\u00fcck.<\/p>","protected":false},"excerpt":{"rendered":"<p>Wei\u00dfer Kaolinit-Ton ist ultraweich, mit einem neutraleren pH-Wert und wird aufgrund seiner abschwellenden Eigenschaften verwendet. Dieser neutrale wei\u00dfe Kaolinit-Ton schont Ihre Haut, auch empfindliche, und verleiht ihr gleichzeitig unendliche Weichheit. Empfohlen f\u00fcr fahle Haut. &nbsp; ANWENDUNGSTIPPS ZUM EXTERNEN GEBRAUCH Geben Sie in ein Glas oder eine Holzschale 2 bis 3 Essl\u00f6ffel wei\u00dfe Tonerde mit etwas [&hellip;]<\/p>\n","protected":false},"featured_media":39483,"template":"","meta":{"_acf_changed":false,"footnotes":""},"product_brand":[],"product_cat":[47,42,56],"product_tag":[],"class_list":{"0":"post-39481","1":"product","2":"type-product","3":"status-publish","4":"has-post-thumbnail","6":"product_cat-dermocosmetique","7":"product_cat-para-pharmacie","8":"product_cat-soins-du-corps","10":"first","11":"instock","12":"taxable","13":"shipping-taxable","14":"purchasable","15":"product-type-simple"},"acf":[],"_links":{"self":[{"href":"https:\/\/www.pharmacieonline.lu\/de\/wp-json\/wp\/v2\/product\/39481","targetHints":{"allow":["GET"]}}],"collection":[{"href":"https:\/\/www.pharmacieonline.lu\/de\/wp-json\/wp\/v2\/product"}],"about":[{"href":"https:\/\/www.pharmacieonline.lu\/de\/wp-json\/wp\/v2\/types\/product"}],"version-history":[{"count":0,"href":"https:\/\/www.pharmacieonline.lu\/de\/wp-json\/wp\/v2\/product\/39481\/revisions"}],"wp:featuredmedia":[{"embeddable":true,"href":"https:\/\/www.pharmacieonline.lu\/de\/wp-json\/wp\/v2\/media\/39483"}],"wp:attachment":[{"href":"https:\/\/www.pharmacieonline.lu\/de\/wp-json\/wp\/v2\/media?parent=39481"}],"wp:term":[{"taxonomy":"product_brand","embeddable":true,"href":"https:\/\/www.pharmacieonline.lu\/de\/wp-json\/wp\/v2\/product_brand?post=39481"},{"taxonomy":"product_cat","embeddable":true,"href":"https:\/\/www.pharmacieonline.lu\/de\/wp-json\/wp\/v2\/product_cat?post=39481"},{"taxonomy":"product_tag","embeddable":true,"href":"https:\/\/www.pharmacieonline.lu\/de\/wp-json\/wp\/v2\/product_tag?post=39481"}],"curies":[{"name":"wp","href":"https:\/\/api.w.org\/{rel}","templated":true}]}}