{"id":39538,"date":"2023-09-13T15:49:16","date_gmt":"2023-09-13T13:49:16","guid":{"rendered":"https:\/\/www.pharmacieonline.lu\/?post_type=product&#038;p=39538"},"modified":"2026-04-07T15:55:19","modified_gmt":"2026-04-07T13:55:19","slug":"avogel-echinaforce-forte-vit-c-45cpr","status":"publish","type":"product","link":"https:\/\/www.pharmacieonline.lu\/de\/produit\/avogel-echinaforce-forte-vit-c-45cpr\/","title":{"rendered":"AVOGEL ECHINAFORCE FORTE + VIT C 45CPR"},"content":{"rendered":"<p>Beschreibung<\/p>\n<p>F\u00fcr Ihre Widerstandskraft und schnellere Genesung nach einer Krankheit<\/p>\n<p>Eigenschaften :<br \/>\nF\u00fcr Ihre Widerstandskraft und schnellere Genesung nach einer Krankheit<br \/>\nEine gute Widerstandskraft ist wichtig, um die Gesundheit zu erhalten. Je gr\u00f6\u00dfer Ihr Widerstand, desto besser ist Ihre Gesundheit. Eine gute Widerstandskraft erm\u00f6glicht eine schnellere Genesung nach einer Krankheit.<br \/>\nEchinacea purpurea (Roter Sonnenhut) ist f\u00fcr seinen positiven Einfluss auf die Widerstandskraft bekannt. Daher ist diese Pflanze die Grundlage f\u00fcr Echinaforce forte + Vitamin C.<\/p>\n<p>Eine Tablette Echinaforce Forte And Vitamin C enth\u00e4lt 75 % der empfohlenen Tagesdosis an Vitamin C. Vitamin C ist ein essentielles Vitamin f\u00fcr den menschlichen K\u00f6rper. Es unterst\u00fctzt die Widerstandskraft und f\u00f6rdert die Aufnahme des in der Nahrung enthaltenen Eisens.<br \/>\nVitamin C ist au\u00dferdem ein Antioxidans, das zum Schutz gesunder Zellen im K\u00f6rper beitr\u00e4gt. Daher spielt es eine wichtige Rolle bei der Erhaltung der Gesundheit von Knochen, Z\u00e4hnen, Blutgef\u00e4\u00dfen und anderen Geweben im K\u00f6rper.<\/p>\n<p>Das in diesen Tabletten enthaltene Vitamin C ist nat\u00fcrlichen Ursprungs und wird aus der Frucht der Acerolakirsche (Malpighia punicifolia) gewonnen. Diese Kirsche gilt als eine der reichsten Vitamin-C-Quellen.<\/p>\n<p>Hinweise:<br \/>\nF\u00fcr Ihre Widerstandskraft und schnellere Genesung nach einer Krankheit<br \/>\nZum Schutz gesunder K\u00f6rperzellen<br \/>\nZur Erhaltung der Gesundheit von Knochen, Z\u00e4hnen, Blutgef\u00e4\u00dfen und anderen K\u00f6rpergeweben<\/p>\n<p>Zutaten :<br \/>\nPflanzenextrakte: Purpur-Sonnenhut (Echinacea purpurea herba et radix) 3,4 %; Acerolakirsche (Malpighia punicifolia): Quelle f\u00fcr nat\u00fcrliches Vitamin C (60 mg pro Tablette); Maltodextrin; F\u00fcllstoff (Calciumphosphate, Cellulose); Verst\u00e4rkungsmittel (Siliziumdioxid, vernetzter Cellulosegummi); \u00dcberzugsmittel (Fetts\u00e4uren, Magnesiumstearat)<\/p>\n<p>&nbsp;<\/p>\n<p>Anwendungstipps:<br \/>\nErhaltungsdosis: 1 Tablette einmal t\u00e4glich<br \/>\nZus\u00e4tzliche St\u00e4rke: 2 mal t\u00e4glich 1 Tablette<br \/>\nFalls gew\u00fcnscht, erh\u00f6hen Sie die Dosis auf 3-mal t\u00e4glich 1 Tablette.<br \/>\nNehmen Sie die Tablette mit Wasser ein.<\/p>","protected":false},"excerpt":{"rendered":"<p>Beschreibung F\u00fcr Ihre Widerstandskraft und schnellere Genesung nach einer Krankheit Eigenschaften : F\u00fcr Ihre Widerstandskraft und schnellere Genesung nach einer Krankheit Eine gute Widerstandskraft ist wichtig, um die Gesundheit zu erhalten. Je gr\u00f6\u00dfer Ihr Widerstand, desto besser ist Ihre Gesundheit. Eine gute Widerstandskraft erm\u00f6glicht eine schnellere Genesung nach einer Krankheit. Echinacea purpurea (Roter Sonnenhut) ist [&hellip;]<\/p>\n","protected":false},"featured_media":39539,"template":"","meta":{"_acf_changed":false,"footnotes":""},"product_brand":[],"product_cat":[94,85,86,81,953],"product_tag":[],"class_list":{"0":"post-39538","1":"product","2":"type-product","3":"status-publish","4":"has-post-thumbnail","6":"product_cat-maux","7":"product_cat-rhume","8":"product_cat-grippe","9":"product_cat-stimulants-de-limmunite","10":"product_cat-complements-alimentaires","12":"first","13":"outofstock","14":"taxable","15":"shipping-taxable","16":"purchasable","17":"product-type-simple"},"acf":[],"_links":{"self":[{"href":"https:\/\/www.pharmacieonline.lu\/de\/wp-json\/wp\/v2\/product\/39538","targetHints":{"allow":["GET"]}}],"collection":[{"href":"https:\/\/www.pharmacieonline.lu\/de\/wp-json\/wp\/v2\/product"}],"about":[{"href":"https:\/\/www.pharmacieonline.lu\/de\/wp-json\/wp\/v2\/types\/product"}],"version-history":[{"count":0,"href":"https:\/\/www.pharmacieonline.lu\/de\/wp-json\/wp\/v2\/product\/39538\/revisions"}],"wp:featuredmedia":[{"embeddable":true,"href":"https:\/\/www.pharmacieonline.lu\/de\/wp-json\/wp\/v2\/media\/39539"}],"wp:attachment":[{"href":"https:\/\/www.pharmacieonline.lu\/de\/wp-json\/wp\/v2\/media?parent=39538"}],"wp:term":[{"taxonomy":"product_brand","embeddable":true,"href":"https:\/\/www.pharmacieonline.lu\/de\/wp-json\/wp\/v2\/product_brand?post=39538"},{"taxonomy":"product_cat","embeddable":true,"href":"https:\/\/www.pharmacieonline.lu\/de\/wp-json\/wp\/v2\/product_cat?post=39538"},{"taxonomy":"product_tag","embeddable":true,"href":"https:\/\/www.pharmacieonline.lu\/de\/wp-json\/wp\/v2\/product_tag?post=39538"}],"curies":[{"name":"wp","href":"https:\/\/api.w.org\/{rel}","templated":true}]}}