{"id":39547,"date":"2023-09-13T17:07:57","date_gmt":"2023-09-13T15:07:57","guid":{"rendered":"https:\/\/www.pharmacieonline.lu\/?post_type=product&#038;p=39547"},"modified":"2026-04-10T08:25:27","modified_gmt":"2026-04-10T06:25:27","slug":"arkofluide-confort-digestif-bio-2010gra","status":"publish","type":"product","link":"https:\/\/www.pharmacieonline.lu\/de\/produit\/arkofluide-confort-digestif-bio-2010gra\/","title":{"rendered":"ARKOFLUIDE CONFORT DIGESTIF BIO 20+10GRA"},"content":{"rendered":"<p>Arkofluides\u00ae Digestive Comfort ist ein Bio-Nahrungserg\u00e4nzungsmittel, das speziell zur Verbesserung der Verdauung entwickelt wurde.<\/p>\n<p>Arkofluides\u00ae BIO-Verdauungskomfort: BIO-Pflanzen zur Erleichterung der Verdauung!<\/p>\n<p>Artischocke\u00a0(Cynara scolymus). Artischockenbl\u00e4tter werden traditionell in der Kr\u00e4utermedizin verwendet, um die Ausscheidung von Giftstoffen und Fetten aus der Leber zu f\u00f6rdern, und werden h\u00e4ufiger zur Erleichterung der Verdauung empfohlen.<br \/>\nRosmarin\u00a0(Rosmarinus officinalis). Rosmarinbl\u00e4tter, eine im Mittelmeerraum beheimatete Pflanze, werden in der Kr\u00e4utermedizin zur F\u00f6rderung einer guten Verdauung und zur Erleichterung der Entschlackungsfunktionen des K\u00f6rpers verwendet.<br \/>\nDie Angelica\u00a0(Angelica archangelica). Die urspr\u00fcnglich aus Europa stammende Angelique wird besonders bei Bl\u00e4hungen empfohlen. Aufgrund seiner Eigenschaften auf den Verdauungskomfort wirkt es sich positiv auf die Darmfunktion aus.<\/p>\n<p>VERWENDEN<\/p>\n<p>Nahrungserg\u00e4nzungsmittel. Reserviert f\u00fcr Erwachsene und Jugendliche \u00fcber 15 Jahre.<\/p>\n<p>Nehmen Sie 1 Ampulle pro Tag.<br \/>\nEs ist m\u00f6glich, die Dosis mehrmals im Jahr zu wiederholen.<\/p>\n<p>Handbuch:<\/p>\n<p>Sch\u00fctteln Sie die Ampulle vor dem \u00d6ffnen. Aufgrund der nat\u00fcrlichen Beschaffenheit des Produkts kann es zu leichten Ablagerungen kommen, die die Qualit\u00e4t jedoch in keiner Weise beeintr\u00e4chtigen.<\/p>\n<p>Klopfen Sie mit Ihrem Zeigefinger auf jedes Ende der Gl\u00fchbirne, um sie zu schw\u00e4chen. Brechen Sie das erste Ende des Glases mit einem Papiertuch ab, um zu verhindern, dass Schmutz herunterf\u00e4llt.<\/p>\n<p>Drehen Sie die Gl\u00fchbirne um und legen Sie das erste Ende auf das Glas. Brechen Sie das zweite Ende mit einem Papiertuch aus dem Glas. Lassen Sie die Fl\u00fcssigkeit abtropfen. F\u00fcgen Sie das \u00c4quivalent eines halben Glases Wasser oder Fruchtsaft (125 ml) hinzu.<\/p>\n<p>KOMPOSITION<\/p>\n<p>Einzelheiten zu den Zutaten<\/p>\n<p>BIO-Pflanzenextrakt [erhalten aus 315 mg BIO-Artischockenbl\u00e4ttern (Cynara scolymus), 315 mg BIO-Rosmarinbl\u00e4ttern (Rosmarinus officinalis) und 315 mg BIO-Angelwurzwurzel (Angelica archangelica) pro Ampulle] \u2013 BIO-Schwarzrettichsaft (Raphanus sativus var. niger) \u2013 Konzentrierter BIO-Apfelsaft (Malus Domestica).<\/p>\n<p>Durchschnittliche N\u00e4hrwertangaben: F\u00fcr 1 Ampulle<\/p>\n<p>Pflanzenextrakt 7,4 g<br \/>\nSchwarzer Rettichsaft 1,6 g<br \/>\nKonzentrierter Apfelsaft 1,6 g<\/p>","protected":false},"excerpt":{"rendered":"<p>Arkofluides\u00ae Digestive Comfort ist ein Bio-Nahrungserg\u00e4nzungsmittel, das speziell zur Verbesserung der Verdauung entwickelt wurde. Arkofluides\u00ae BIO-Verdauungskomfort: BIO-Pflanzen zur Erleichterung der Verdauung! Artischocke\u00a0(Cynara scolymus). Artischockenbl\u00e4tter werden traditionell in der Kr\u00e4utermedizin verwendet, um die Ausscheidung von Giftstoffen und Fetten aus der Leber zu f\u00f6rdern, und werden h\u00e4ufiger zur Erleichterung der Verdauung empfohlen. Rosmarin\u00a0(Rosmarinus officinalis). Rosmarinbl\u00e4tter, eine im [&hellip;]<\/p>\n","protected":false},"featured_media":46393,"template":"","meta":{"_acf_changed":false,"footnotes":""},"product_brand":[],"product_cat":[42,953],"product_tag":[],"class_list":{"0":"post-39547","1":"product","2":"type-product","3":"status-publish","4":"has-post-thumbnail","6":"product_cat-para-pharmacie","7":"product_cat-complements-alimentaires","9":"first","10":"outofstock","11":"taxable","12":"shipping-taxable","13":"purchasable","14":"product-type-simple"},"acf":[],"_links":{"self":[{"href":"https:\/\/www.pharmacieonline.lu\/de\/wp-json\/wp\/v2\/product\/39547","targetHints":{"allow":["GET"]}}],"collection":[{"href":"https:\/\/www.pharmacieonline.lu\/de\/wp-json\/wp\/v2\/product"}],"about":[{"href":"https:\/\/www.pharmacieonline.lu\/de\/wp-json\/wp\/v2\/types\/product"}],"version-history":[{"count":0,"href":"https:\/\/www.pharmacieonline.lu\/de\/wp-json\/wp\/v2\/product\/39547\/revisions"}],"wp:featuredmedia":[{"embeddable":true,"href":"https:\/\/www.pharmacieonline.lu\/de\/wp-json\/wp\/v2\/media\/46393"}],"wp:attachment":[{"href":"https:\/\/www.pharmacieonline.lu\/de\/wp-json\/wp\/v2\/media?parent=39547"}],"wp:term":[{"taxonomy":"product_brand","embeddable":true,"href":"https:\/\/www.pharmacieonline.lu\/de\/wp-json\/wp\/v2\/product_brand?post=39547"},{"taxonomy":"product_cat","embeddable":true,"href":"https:\/\/www.pharmacieonline.lu\/de\/wp-json\/wp\/v2\/product_cat?post=39547"},{"taxonomy":"product_tag","embeddable":true,"href":"https:\/\/www.pharmacieonline.lu\/de\/wp-json\/wp\/v2\/product_tag?post=39547"}],"curies":[{"name":"wp","href":"https:\/\/api.w.org\/{rel}","templated":true}]}}