{"id":39579,"date":"2023-09-14T11:01:36","date_gmt":"2023-09-14T09:01:36","guid":{"rendered":"https:\/\/www.pharmacieonline.lu\/?post_type=product&#038;p=39579"},"modified":"2026-04-08T19:55:18","modified_gmt":"2026-04-08T17:55:18","slug":"arko-essentiel-diffuseur-ultrasonique-humidificateur","status":"publish","type":"product","link":"https:\/\/www.pharmacieonline.lu\/de\/produit\/arko-essentiel-diffuseur-ultrasonique-humidificateur\/","title":{"rendered":"ARKO ESSENTIEL DIFFUSEUR ULTRASONIQUE HUMIDIFICATEUR"},"content":{"rendered":"<p>Tr\u00e4gt zur Reinigung der Atmosph\u00e4re und zur Verbesserung des Atemkomforts bei.<\/p>\n<p>2 Diffusionsmodi: zyklisch oder Standard<br \/>\n2 Diffusionsst\u00e4rken: Boost oder Standard<\/p>","protected":false},"excerpt":{"rendered":"<p>Tr\u00e4gt zur Reinigung der Atmosph\u00e4re und zur Verbesserung des Atemkomforts bei. 2 Diffusionsmodi: zyklisch oder Standard 2 Diffusionsst\u00e4rken: Boost oder Standard<\/p>\n","protected":false},"featured_media":39632,"template":"","meta":{"_acf_changed":false,"footnotes":""},"product_brand":[],"product_cat":[954,42,79],"product_tag":[],"class_list":{"0":"post-39579","1":"product","2":"type-product","3":"status-publish","4":"has-post-thumbnail","6":"product_cat-diffuseurs","7":"product_cat-para-pharmacie","8":"product_cat-aromatherapie","10":"first","11":"outofstock","12":"taxable","13":"shipping-taxable","14":"purchasable","15":"product-type-simple"},"acf":[],"_links":{"self":[{"href":"https:\/\/www.pharmacieonline.lu\/de\/wp-json\/wp\/v2\/product\/39579","targetHints":{"allow":["GET"]}}],"collection":[{"href":"https:\/\/www.pharmacieonline.lu\/de\/wp-json\/wp\/v2\/product"}],"about":[{"href":"https:\/\/www.pharmacieonline.lu\/de\/wp-json\/wp\/v2\/types\/product"}],"version-history":[{"count":0,"href":"https:\/\/www.pharmacieonline.lu\/de\/wp-json\/wp\/v2\/product\/39579\/revisions"}],"wp:featuredmedia":[{"embeddable":true,"href":"https:\/\/www.pharmacieonline.lu\/de\/wp-json\/wp\/v2\/media\/39632"}],"wp:attachment":[{"href":"https:\/\/www.pharmacieonline.lu\/de\/wp-json\/wp\/v2\/media?parent=39579"}],"wp:term":[{"taxonomy":"product_brand","embeddable":true,"href":"https:\/\/www.pharmacieonline.lu\/de\/wp-json\/wp\/v2\/product_brand?post=39579"},{"taxonomy":"product_cat","embeddable":true,"href":"https:\/\/www.pharmacieonline.lu\/de\/wp-json\/wp\/v2\/product_cat?post=39579"},{"taxonomy":"product_tag","embeddable":true,"href":"https:\/\/www.pharmacieonline.lu\/de\/wp-json\/wp\/v2\/product_tag?post=39579"}],"curies":[{"name":"wp","href":"https:\/\/api.w.org\/{rel}","templated":true}]}}