{"id":39586,"date":"2023-09-14T10:10:16","date_gmt":"2023-09-14T08:10:16","guid":{"rendered":"https:\/\/www.pharmacieonline.lu\/?post_type=product&#038;p=39586"},"modified":"2026-04-08T17:55:17","modified_gmt":"2026-04-08T15:55:17","slug":"avogel-echinaforce-spray-immunite-30ml","status":"publish","type":"product","link":"https:\/\/www.pharmacieonline.lu\/de\/produit\/avogel-echinaforce-spray-immunite-30ml\/","title":{"rendered":"AVOGEL ECHINAFORCE SPRAY IMMUNITE 30ML"},"content":{"rendered":"<p>Beschreibung :<\/p>\n<p>Dank des einfach zu dosierenden Sprays kommt die Fl\u00fcssigkeit direkt dort an, wo sie ben\u00f6tigt wird. Das Spray ist 100 % nat\u00fcrlich und enth\u00e4lt frisch verarbeitetes Echinacea. Diese n\u00fctzliche Pflanze hilft, die nat\u00fcrlichen Abwehrkr\u00e4fte zu st\u00e4rken. Mit Pfefferminzgeschmack.<\/p>\n<p>&nbsp;<\/p>\n<p>Komposition<\/p>\n<p>Purpursonnenhut-Extrakt (Echinacea purpurea herba en radix) 48,2 %; Verdickungsmittel (Glycerin); nat\u00fcrliches Pfefferminzaroma; Emulgator (Zuckerester von Speisefetts\u00e4uren). Alkoholgehalt ca. 21 % v\/v.<\/p>\n<p>&nbsp;<\/p>\n<p>Verwenden<\/p>\n<p>Erwachsene und Kinder ab 16 Jahren: Empfohlene Dosierung: 1x t\u00e4glich 3 Spr\u00fchst\u00f6\u00dfe. Bei Bedarf auf bis zu 3x t\u00e4glich 3 Spr\u00fchst\u00f6\u00dfe steigern.<\/p>","protected":false},"excerpt":{"rendered":"<p>Beschreibung : Dank des einfach zu dosierenden Sprays kommt die Fl\u00fcssigkeit direkt dort an, wo sie ben\u00f6tigt wird. Das Spray ist 100 % nat\u00fcrlich und enth\u00e4lt frisch verarbeitetes Echinacea. Diese n\u00fctzliche Pflanze hilft, die nat\u00fcrlichen Abwehrkr\u00e4fte zu st\u00e4rken. Mit Pfefferminzgeschmack. &nbsp; Komposition Purpursonnenhut-Extrakt (Echinacea purpurea herba en radix) 48,2 %; Verdickungsmittel (Glycerin); nat\u00fcrliches Pfefferminzaroma; Emulgator [&hellip;]<\/p>\n","protected":false},"featured_media":39587,"template":"","meta":{"_acf_changed":false,"footnotes":""},"product_brand":[],"product_cat":[81,953],"product_tag":[],"class_list":{"0":"post-39586","1":"product","2":"type-product","3":"status-publish","4":"has-post-thumbnail","6":"product_cat-stimulants-de-limmunite","7":"product_cat-complements-alimentaires","9":"first","10":"instock","11":"taxable","12":"shipping-taxable","13":"purchasable","14":"product-type-simple"},"acf":[],"_links":{"self":[{"href":"https:\/\/www.pharmacieonline.lu\/de\/wp-json\/wp\/v2\/product\/39586","targetHints":{"allow":["GET"]}}],"collection":[{"href":"https:\/\/www.pharmacieonline.lu\/de\/wp-json\/wp\/v2\/product"}],"about":[{"href":"https:\/\/www.pharmacieonline.lu\/de\/wp-json\/wp\/v2\/types\/product"}],"version-history":[{"count":0,"href":"https:\/\/www.pharmacieonline.lu\/de\/wp-json\/wp\/v2\/product\/39586\/revisions"}],"wp:featuredmedia":[{"embeddable":true,"href":"https:\/\/www.pharmacieonline.lu\/de\/wp-json\/wp\/v2\/media\/39587"}],"wp:attachment":[{"href":"https:\/\/www.pharmacieonline.lu\/de\/wp-json\/wp\/v2\/media?parent=39586"}],"wp:term":[{"taxonomy":"product_brand","embeddable":true,"href":"https:\/\/www.pharmacieonline.lu\/de\/wp-json\/wp\/v2\/product_brand?post=39586"},{"taxonomy":"product_cat","embeddable":true,"href":"https:\/\/www.pharmacieonline.lu\/de\/wp-json\/wp\/v2\/product_cat?post=39586"},{"taxonomy":"product_tag","embeddable":true,"href":"https:\/\/www.pharmacieonline.lu\/de\/wp-json\/wp\/v2\/product_tag?post=39586"}],"curies":[{"name":"wp","href":"https:\/\/api.w.org\/{rel}","templated":true}]}}