{"id":39628,"date":"2023-09-14T11:05:09","date_gmt":"2023-09-14T09:05:09","guid":{"rendered":"https:\/\/www.pharmacieonline.lu\/?post_type=product&#038;p=39628"},"modified":"2026-04-08T17:55:16","modified_gmt":"2026-04-08T15:55:16","slug":"arkorelax-cannabis-sativa-30-cpr","status":"publish","type":"product","link":"https:\/\/www.pharmacieonline.lu\/de\/produit\/arkorelax-cannabis-sativa-30-cpr\/","title":{"rendered":"ARKORELAX CANNABIS SATIVA 30 CPR"},"content":{"rendered":"<p>Hektische Tage, Arbeit oder auch Pr\u00fcfungen sind Faktoren, die Stress, Nervosit\u00e4t und vor\u00fcbergehende M\u00fcdigkeit hervorrufen.<\/p>\n<p>Arkorelax\u00ae Cannabis Sativa hilft Ihnen auf nat\u00fcrliche Weise, in stressigen Zeiten ruhig zu bleiben und gleichzeitig das nat\u00fcrliche Gleichgewicht Ihres K\u00f6rpers zu respektieren, dank der Kombination von zwei adaptogenen Pflanzen (Rhodiola und Eleutherococcus) mit Magnesium und Vitamin B6. Es enth\u00e4lt auch Hanfsamen\u00f6l.<\/p>\n<p>Die vollst\u00e4ndige Arkorelax\u00ae Cannabis Sativa-Formel bringt Ihnen t\u00e4glich Kontrolle und Gelassenheit:<\/p>\n<p>Rhodiola und Eleutherococcus sind adaptogene Pflanzen, die dazu beitragen, die Stressresistenz Ihres K\u00f6rpers zu erh\u00f6hen. Sie tragen zu Ihrem emotionalen Wohlbefinden und Ihrer k\u00f6rperlichen und geistigen Leistungsf\u00e4higkeit bei.<br \/>\nMagnesium und Vitamin B6 helfen Ihnen, M\u00fcdigkeit zu reduzieren und die ordnungsgem\u00e4\u00dfe Funktion des Nervensystems aufrechtzuerhalten.<br \/>\nHanfsamen\u00f6l ist f\u00fcr seinen ausgewogenen Beitrag an ern\u00e4hrungsphysiologischen Wirkstoffen, insbesondere essentiellen Fetts\u00e4uren, bekannt.<\/p>\n<p>Dosierung<\/p>\n<p>Stressphase: 2 Tabletten morgens.<br \/>\nBei st\u00e4rkerem Stress (Pr\u00fcfung, \u00dcberlastung usw.): 3 Tabletten pro Tag (2 morgens und 1 mittags).<\/p>\n<p>Mit einem gro\u00dfen Glas Wasser einnehmen.<br \/>\nNicht nach 17:00 Uhr einnehmen.<\/p>\n<p>Anwendungsempfehlungen<\/p>\n<p>W\u00e4hrend der Schwangerschaft und Stillzeit nicht empfohlen, da keine ausreichenden Daten vorliegen.<br \/>\nWenn Sie gerinnungshemmende Medikamente einnehmen, fragen Sie Ihren Arzt um Rat.<br \/>\n\u00dcberschreiten Sie nicht die empfohlene Tagesdosis.<br \/>\nEin Nahrungserg\u00e4nzungsmittel sollte eine abwechslungsreiche und ausgewogene Ern\u00e4hrung sowie eine gesunde Lebensweise nicht ersetzen.<br \/>\nNicht in der Reichweite kleiner Kinder aufbewahren.<\/p>\n<p>Einzelheiten zu den Zutaten<\/p>\n<p>Magnesiumglycerophosphat \u2013 F\u00fcllstoffe: Cellulose, Hydroxypropylmethylcellulose, Calciumphosphat \u2013 Eleutherococcus-Wurzelextrakt (Eleutherococcus senticosus) \u2013 Rhodiola-Wurzelextrakt (Rhodiola rosea) \u2013 Hanfsamen\u00f6l (Cannabis sativa) \u2013 Trennmittel: Mono- und Fetts\u00e4urediglyceride, Kreuz- verkn\u00fcpfte Carboxymethylcellulose \u2013 Vitamin B6 \u2013 Antioxidans: Extrakt reich an Tocopherolen. Beschichtung: Beschichtungsmittel: Hydroxypropylmethylcellulose, Talk, Hydroxypropylcellulose \u2013 modifizierte St\u00e4rke \u2013 mittelkettige Triglyceride.<\/p>\n<p>Ohne Titandioxid gem\u00e4\u00df den geltenden Vorschriften.<\/p>","protected":false},"excerpt":{"rendered":"<p>Hektische Tage, Arbeit oder auch Pr\u00fcfungen sind Faktoren, die Stress, Nervosit\u00e4t und vor\u00fcbergehende M\u00fcdigkeit hervorrufen. Arkorelax\u00ae Cannabis Sativa hilft Ihnen auf nat\u00fcrliche Weise, in stressigen Zeiten ruhig zu bleiben und gleichzeitig das nat\u00fcrliche Gleichgewicht Ihres K\u00f6rpers zu respektieren, dank der Kombination von zwei adaptogenen Pflanzen (Rhodiola und Eleutherococcus) mit Magnesium und Vitamin B6. Es enth\u00e4lt [&hellip;]<\/p>\n","protected":false},"featured_media":46423,"template":"","meta":{"_acf_changed":false,"footnotes":""},"product_brand":[],"product_cat":[953,781],"product_tag":[],"class_list":{"0":"post-39628","1":"product","2":"type-product","3":"status-publish","4":"has-post-thumbnail","6":"product_cat-complements-alimentaires","7":"product_cat-sommeil-stress","9":"first","10":"instock","11":"taxable","12":"shipping-taxable","13":"purchasable","14":"product-type-simple"},"acf":[],"_links":{"self":[{"href":"https:\/\/www.pharmacieonline.lu\/de\/wp-json\/wp\/v2\/product\/39628","targetHints":{"allow":["GET"]}}],"collection":[{"href":"https:\/\/www.pharmacieonline.lu\/de\/wp-json\/wp\/v2\/product"}],"about":[{"href":"https:\/\/www.pharmacieonline.lu\/de\/wp-json\/wp\/v2\/types\/product"}],"version-history":[{"count":0,"href":"https:\/\/www.pharmacieonline.lu\/de\/wp-json\/wp\/v2\/product\/39628\/revisions"}],"wp:featuredmedia":[{"embeddable":true,"href":"https:\/\/www.pharmacieonline.lu\/de\/wp-json\/wp\/v2\/media\/46423"}],"wp:attachment":[{"href":"https:\/\/www.pharmacieonline.lu\/de\/wp-json\/wp\/v2\/media?parent=39628"}],"wp:term":[{"taxonomy":"product_brand","embeddable":true,"href":"https:\/\/www.pharmacieonline.lu\/de\/wp-json\/wp\/v2\/product_brand?post=39628"},{"taxonomy":"product_cat","embeddable":true,"href":"https:\/\/www.pharmacieonline.lu\/de\/wp-json\/wp\/v2\/product_cat?post=39628"},{"taxonomy":"product_tag","embeddable":true,"href":"https:\/\/www.pharmacieonline.lu\/de\/wp-json\/wp\/v2\/product_tag?post=39628"}],"curies":[{"name":"wp","href":"https:\/\/api.w.org\/{rel}","templated":true}]}}