{"id":39652,"date":"2023-09-14T11:26:42","date_gmt":"2023-09-14T09:26:42","guid":{"rendered":"https:\/\/www.pharmacieonline.lu\/?post_type=product&#038;p=39652"},"modified":"2026-04-08T19:55:17","modified_gmt":"2026-04-08T17:55:17","slug":"arkorelax-moral-60-cpr","status":"publish","type":"product","link":"https:\/\/www.pharmacieonline.lu\/de\/produit\/arkorelax-moral-60-cpr\/","title":{"rendered":"ARKORELAX MORAL + 60 CPR"},"content":{"rendered":"<p>Vor\u00fcbergehender Blues und Energiemangel? M\u00fcssen Sie emotionales Gleichgewicht und eine positive Stimmung finden?<\/p>\n<p>Die Laboratorien von Arkopharma haben ARKORELAX\u00ae MORAL+ entwickelt, ihr erstes Produkt f\u00fcr Moral ohne Abh\u00e4ngigkeit.<\/p>\n<p>ARKORELAX\u00ae MORAL+\u00a0kombiniert Pflanzen und Aminos\u00e4uren, Vorl\u00e4ufer von Dopamin und Serotonin, oft als \u201eGl\u00fccksmolek\u00fcle\u201c bezeichnet:<\/p>\n<p>DOPAMINERGE WIRKUNG<\/p>\n<p>Seine Formel enth\u00e4lt 500 mg Tyrosin, eine Vorstufe von Dopamin. Rhodiola verbessert die mentale Widerstandskraft und tr\u00e4gt zu optimalen kognitiven Funktionen (Ged\u00e4chtnis und Konzentration) bei.<\/p>\n<p>SEROTONINERGISCHE WIRKUNG<\/p>\n<p>Seine Formel besteht aus 220 mg Tryptophan, einer Vorstufe von Serotonin, und einem patentierten Safranextrakt, der dabei hilft, eine positive Stimmung aufrechtzuerhalten und das emotionale Gleichgewicht zu f\u00f6rdern.<\/p>\n<p>Mit ARKORELAX MORAL+ kommen Sie wieder auf Kurs und finden gute Laune.<\/p>\n<p>Dosierung<\/p>\n<p>F\u00fcr Erwachsene reserviert. Nehmen Sie morgens 2 Tabletten ein. Mit einem gro\u00dfen Glas Wasser schlucken.<\/p>\n<p>Vorsichtsma\u00dfnahmen f\u00fcr den Gebrauch<\/p>\n<p>Nicht anwenden w\u00e4hrend der Schwangerschaft oder Stillzeit oder bei Personen, die Antidepressiva einnehmen. \u00dcberschreiten Sie nicht die empfohlene Tagesdosis. Ein Nahrungserg\u00e4nzungsmittel sollte eine abwechslungsreiche und ausgewogene Ern\u00e4hrung sowie eine gesunde Lebensweise nicht ersetzen. Nicht in der Reichweite kleiner Kinder aufbewahren.<\/p>\n<p>Einzelheiten zu den Zutaten<\/p>\n<p>L-Tyrosin \u2013 F\u00fcllstoffe: Calciumphosphat und Cellulose \u2013 L-Tryptophan \u2013 Trennmittel: Mono- und Diglyceride von Fetts\u00e4uren und Magnesiumstearat \u2013 Safrannarbenextrakt (Crocus sativus\u00ac L.) \u2013 Wurzelextrakt aus Rhodiola (Rhodiola rosea). (L.) Scop.) \u2013 Vitamin B6. \u00dcberzugsmittel: Hydroxypropylmethylcellulose, Cellulose, Hydroxypropylcellulose, Stearins\u00e4ure \u2013 F\u00fcllstoff: Calciumcarbonat \u2013 Farbe: gew\u00f6hnliches Karamell \u2013 Konzentrate aus Apfel (Malus Domestica Borkh.), schwarzer Johannisbeere (Ribes nigrum \u00acL.) und Rettich (Raphanus sativus L.) ).<\/p>","protected":false},"excerpt":{"rendered":"<p>Vor\u00fcbergehender Blues und Energiemangel? M\u00fcssen Sie emotionales Gleichgewicht und eine positive Stimmung finden? Die Laboratorien von Arkopharma haben ARKORELAX\u00ae MORAL+ entwickelt, ihr erstes Produkt f\u00fcr Moral ohne Abh\u00e4ngigkeit. ARKORELAX\u00ae MORAL+\u00a0kombiniert Pflanzen und Aminos\u00e4uren, Vorl\u00e4ufer von Dopamin und Serotonin, oft als \u201eGl\u00fccksmolek\u00fcle\u201c bezeichnet: DOPAMINERGE WIRKUNG Seine Formel enth\u00e4lt 500 mg Tyrosin, eine Vorstufe von Dopamin. Rhodiola [&hellip;]<\/p>\n","protected":false},"featured_media":46430,"template":"","meta":{"_acf_changed":false,"footnotes":""},"product_brand":[],"product_cat":[953,781],"product_tag":[],"class_list":{"0":"post-39652","1":"product","2":"type-product","3":"status-publish","4":"has-post-thumbnail","6":"product_cat-complements-alimentaires","7":"product_cat-sommeil-stress","9":"first","10":"instock","11":"taxable","12":"shipping-taxable","13":"purchasable","14":"product-type-simple"},"acf":[],"_links":{"self":[{"href":"https:\/\/www.pharmacieonline.lu\/de\/wp-json\/wp\/v2\/product\/39652","targetHints":{"allow":["GET"]}}],"collection":[{"href":"https:\/\/www.pharmacieonline.lu\/de\/wp-json\/wp\/v2\/product"}],"about":[{"href":"https:\/\/www.pharmacieonline.lu\/de\/wp-json\/wp\/v2\/types\/product"}],"version-history":[{"count":0,"href":"https:\/\/www.pharmacieonline.lu\/de\/wp-json\/wp\/v2\/product\/39652\/revisions"}],"wp:featuredmedia":[{"embeddable":true,"href":"https:\/\/www.pharmacieonline.lu\/de\/wp-json\/wp\/v2\/media\/46430"}],"wp:attachment":[{"href":"https:\/\/www.pharmacieonline.lu\/de\/wp-json\/wp\/v2\/media?parent=39652"}],"wp:term":[{"taxonomy":"product_brand","embeddable":true,"href":"https:\/\/www.pharmacieonline.lu\/de\/wp-json\/wp\/v2\/product_brand?post=39652"},{"taxonomy":"product_cat","embeddable":true,"href":"https:\/\/www.pharmacieonline.lu\/de\/wp-json\/wp\/v2\/product_cat?post=39652"},{"taxonomy":"product_tag","embeddable":true,"href":"https:\/\/www.pharmacieonline.lu\/de\/wp-json\/wp\/v2\/product_tag?post=39652"}],"curies":[{"name":"wp","href":"https:\/\/api.w.org\/{rel}","templated":true}]}}