{"id":39695,"date":"2023-09-14T11:36:05","date_gmt":"2023-09-14T09:36:05","guid":{"rendered":"https:\/\/www.pharmacieonline.lu\/?post_type=product&#038;p=39695"},"modified":"2026-04-11T09:55:17","modified_gmt":"2026-04-11T07:55:17","slug":"arkorelax-sommeil-fort-8h-60-cpr","status":"publish","type":"product","link":"https:\/\/www.pharmacieonline.lu\/de\/produit\/arkorelax-sommeil-fort-8h-60-cpr\/","title":{"rendered":"ARKORELAX SOMMEIL FORT 8H 60 CPR"},"content":{"rendered":"<p>Arkorelax\u00ae Sleep Fort 8H: eine Komplettl\u00f6sung f\u00fcr guten Schlaf!<\/p>\n<p>Ohne Abh\u00e4ngigkeit und ohne Schl\u00e4frigkeit beim Aufwachen erm\u00f6glicht Arkorelax\u00ae Sommeil Fort 8H Ihnen wieder guten Schlaf. Arkorelax\u00ae Sommeil Fort 8H setzt sowohl Melatonin als auch Pflanzen frei:<\/p>\n<p>sofort, um das Einschlafen zu erleichtern,<br \/>\nund die ganze Nacht \u00fcber, um n\u00e4chtliches Erwachen zu reduzieren.<\/p>\n<p>Arkorelax\u00ae Sommeil Fort 8H wirkt nach den Prinzipien der Chronobiologie und liefert dank einer innovativen zweischichtigen Tablette Melatonin und Pflanzen in schneller und l\u00e4ngerer Freisetzung:<\/p>\n<p>Die 1. Quick-Release-Schicht enth\u00e4lt 1 mg Melatonin, was ein schnelleres Einschlafen f\u00f6rdert. Passionsblume und Baldrian f\u00f6rdern Ihre Entspannung.<br \/>\nDie 2. Schicht setzt nach und nach 0,9 mg Melatonin, Vitamin B6 und Eschscholtzia frei. Diese Pflanze hilft, das n\u00e4chtliche Aufwachen zu begrenzen und einen erholsamen, guten Schlaf wiederherzustellen.<\/p>\n<p>Arkorelax\u00ae Sleep Strong 8H verursacht weder Sucht noch Schl\u00e4frigkeit. Die Komplementarit\u00e4t von Melatonin und Chrono-Release-Pflanzen erm\u00f6glicht Ihnen einen erholsamen Schlaf und garantiert ein Aufwachen in Topform.<\/p>\n<p>Dosierung<\/p>\n<p>Nahrungserg\u00e4nzungsmittel. F\u00fcr Erwachsene reserviert.<\/p>\n<p>Nehmen Sie 1 Stunde vor dem Schlafengehen 1 Tablette pro Tag mit einem gro\u00dfen Glas Wasser ein. Melatonin tr\u00e4gt dazu bei, die Einschlafzeit zu verk\u00fcrzen. Dieser Effekt wird durch die Einnahme von 1 mg vor dem Zubettgehen erzielt.<\/p>\n<p>Anwendungsempfehlungen<\/p>\n<p>Nicht empfohlen f\u00fcr schwangere oder stillende Frauen.<br \/>\nWenn Sie sich in \u00e4rztlicher Behandlung befinden (Antidepressiva, Schlaftabletten oder andere Beruhigungsmittel), lassen Sie sich vor der Einnahme dieses Nahrungserg\u00e4nzungsmittels von Ihrem Arzt beraten.<br \/>\n\u00dcberschreiten Sie nicht die empfohlene Tagesdosis.<br \/>\nEin Nahrungserg\u00e4nzungsmittel zum Schlafen sollte eine abwechslungsreiche und ausgewogene Ern\u00e4hrung sowie einen gesunden Lebensstil nicht ersetzen.<br \/>\nNicht in der Reichweite kleiner Kinder aufbewahren.<\/p>\n<p>Einzelheiten zu den Zutaten<\/p>\n<p>F\u00fcllstoff: Zellulose \u2013 Extrakt aus dem oberirdischen Teil der Eschscholtzia (Eschscholtzia californica Cham.) \u2013 Extrakt aus dem unterirdischen Organ des Baldrians (Valeriana officinalis) \u2013 Extrakt aus dem oberirdischen Teil der Passionsblume (Passiflora incarnata) \u2013 Trennmittel: Stearins\u00e4ure, Talk, Magnesiumstearat und vernetzter Cellulosegummi \u2013 Maltodextrin \u2013 Spirulina-F\u00e4rbekonzentrat \u2013 Reisst\u00e4rke \u2013 Melatonin \u2013 Vitamin B6.<\/p>\n<p>Beschichtung: Beschichtungsmittel: Hydroxypropylmethylcellulose, Hydroxypropylcellulose, Stearins\u00e4ure, Cellulose, Ethylcellulose und Carnaubawachs. Ohne Titandioxid. Laktosefrei. Glutenfrei.<br \/>\n15 Tabletten \u2013 Nettogewicht: 12 g.<\/p>","protected":false},"excerpt":{"rendered":"<p>Arkorelax\u00ae Sleep Fort 8H: eine Komplettl\u00f6sung f\u00fcr guten Schlaf! Ohne Abh\u00e4ngigkeit und ohne Schl\u00e4frigkeit beim Aufwachen erm\u00f6glicht Arkorelax\u00ae Sommeil Fort 8H Ihnen wieder guten Schlaf. Arkorelax\u00ae Sommeil Fort 8H setzt sowohl Melatonin als auch Pflanzen frei: sofort, um das Einschlafen zu erleichtern, und die ganze Nacht \u00fcber, um n\u00e4chtliches Erwachen zu reduzieren. Arkorelax\u00ae Sommeil Fort [&hellip;]<\/p>\n","protected":false},"featured_media":46522,"template":"","meta":{"_acf_changed":false,"footnotes":""},"product_brand":[],"product_cat":[953,781],"product_tag":[],"class_list":{"0":"post-39695","1":"product","2":"type-product","3":"status-publish","4":"has-post-thumbnail","6":"product_cat-complements-alimentaires","7":"product_cat-sommeil-stress","9":"first","10":"instock","11":"taxable","12":"shipping-taxable","13":"purchasable","14":"product-type-simple"},"acf":[],"_links":{"self":[{"href":"https:\/\/www.pharmacieonline.lu\/de\/wp-json\/wp\/v2\/product\/39695","targetHints":{"allow":["GET"]}}],"collection":[{"href":"https:\/\/www.pharmacieonline.lu\/de\/wp-json\/wp\/v2\/product"}],"about":[{"href":"https:\/\/www.pharmacieonline.lu\/de\/wp-json\/wp\/v2\/types\/product"}],"version-history":[{"count":0,"href":"https:\/\/www.pharmacieonline.lu\/de\/wp-json\/wp\/v2\/product\/39695\/revisions"}],"wp:featuredmedia":[{"embeddable":true,"href":"https:\/\/www.pharmacieonline.lu\/de\/wp-json\/wp\/v2\/media\/46522"}],"wp:attachment":[{"href":"https:\/\/www.pharmacieonline.lu\/de\/wp-json\/wp\/v2\/media?parent=39695"}],"wp:term":[{"taxonomy":"product_brand","embeddable":true,"href":"https:\/\/www.pharmacieonline.lu\/de\/wp-json\/wp\/v2\/product_brand?post=39695"},{"taxonomy":"product_cat","embeddable":true,"href":"https:\/\/www.pharmacieonline.lu\/de\/wp-json\/wp\/v2\/product_cat?post=39695"},{"taxonomy":"product_tag","embeddable":true,"href":"https:\/\/www.pharmacieonline.lu\/de\/wp-json\/wp\/v2\/product_tag?post=39695"}],"curies":[{"name":"wp","href":"https:\/\/api.w.org\/{rel}","templated":true}]}}