{"id":39719,"date":"2023-09-14T11:55:39","date_gmt":"2023-09-14T09:55:39","guid":{"rendered":"https:\/\/www.pharmacieonline.lu\/?post_type=product&#038;p=39719"},"modified":"2026-04-11T08:55:15","modified_gmt":"2026-04-11T06:55:15","slug":"herbalgem-immunogem-gummies-bio-60-gom","status":"publish","type":"product","link":"https:\/\/www.pharmacieonline.lu\/de\/produit\/herbalgem-immunogem-gummies-bio-60-gom\/","title":{"rendered":"HERBALGEM IMMUNOGEM GUMMIES BIO 60 GOM"},"content":{"rendered":"<p>Einfach, gut und praktisch! Diese innovativen ALKOHOLFREIEN Gummib\u00e4rchen sind ideal f\u00fcr die ganze Familie, auch f\u00fcr Kinder und schwangere Frauen. Die Immunit\u00e4t l\u00e4sst nach? Abwehrkr\u00e4fte geschw\u00e4cht? Unsere IMMUNOGEM-Gummis helfen Ihnen, Ihre nat\u00fcrlichen Abwehrkr\u00e4fte zu st\u00e4rken, dank der synergetischen Kombination aus jungen Trieben des Wildrosenstrauchs, jungen Trieben der Wei\u00dftanne und den Knospen der schwarzen Johannisbeere, damit Sie dem Winter v\u00f6llig beruhigt entgegensehen k\u00f6nnen.<\/p>\n<p>&nbsp;<\/p>\n<p>Dosierung<br \/>\nVon 6 bis 12 Jahren: 1 bis 2 Gummib\u00e4rchen pro Tag<br \/>\nAb 12 Jahren: bis zu drei Gummib\u00e4rchen pro Tag<\/p>","protected":false},"excerpt":{"rendered":"<p>Einfach, gut und praktisch! Diese innovativen ALKOHOLFREIEN Gummib\u00e4rchen sind ideal f\u00fcr die ganze Familie, auch f\u00fcr Kinder und schwangere Frauen. Die Immunit\u00e4t l\u00e4sst nach? Abwehrkr\u00e4fte geschw\u00e4cht? Unsere IMMUNOGEM-Gummis helfen Ihnen, Ihre nat\u00fcrlichen Abwehrkr\u00e4fte zu st\u00e4rken, dank der synergetischen Kombination aus jungen Trieben des Wildrosenstrauchs, jungen Trieben der Wei\u00dftanne und den Knospen der schwarzen Johannisbeere, damit [&hellip;]<\/p>\n","protected":false},"featured_media":39723,"template":"","meta":{"_acf_changed":false,"footnotes":""},"product_brand":[],"product_cat":[1042,953],"product_tag":[],"class_list":{"0":"post-39719","1":"product","2":"type-product","3":"status-publish","4":"has-post-thumbnail","6":"product_cat-gummies","7":"product_cat-complements-alimentaires","9":"first","10":"outofstock","11":"taxable","12":"shipping-taxable","13":"purchasable","14":"product-type-simple"},"acf":[],"_links":{"self":[{"href":"https:\/\/www.pharmacieonline.lu\/de\/wp-json\/wp\/v2\/product\/39719","targetHints":{"allow":["GET"]}}],"collection":[{"href":"https:\/\/www.pharmacieonline.lu\/de\/wp-json\/wp\/v2\/product"}],"about":[{"href":"https:\/\/www.pharmacieonline.lu\/de\/wp-json\/wp\/v2\/types\/product"}],"version-history":[{"count":0,"href":"https:\/\/www.pharmacieonline.lu\/de\/wp-json\/wp\/v2\/product\/39719\/revisions"}],"wp:featuredmedia":[{"embeddable":true,"href":"https:\/\/www.pharmacieonline.lu\/de\/wp-json\/wp\/v2\/media\/39723"}],"wp:attachment":[{"href":"https:\/\/www.pharmacieonline.lu\/de\/wp-json\/wp\/v2\/media?parent=39719"}],"wp:term":[{"taxonomy":"product_brand","embeddable":true,"href":"https:\/\/www.pharmacieonline.lu\/de\/wp-json\/wp\/v2\/product_brand?post=39719"},{"taxonomy":"product_cat","embeddable":true,"href":"https:\/\/www.pharmacieonline.lu\/de\/wp-json\/wp\/v2\/product_cat?post=39719"},{"taxonomy":"product_tag","embeddable":true,"href":"https:\/\/www.pharmacieonline.lu\/de\/wp-json\/wp\/v2\/product_tag?post=39719"}],"curies":[{"name":"wp","href":"https:\/\/api.w.org\/{rel}","templated":true}]}}