{"id":39731,"date":"2023-09-14T11:59:45","date_gmt":"2023-09-14T09:59:45","guid":{"rendered":"https:\/\/www.pharmacieonline.lu\/?post_type=product&#038;p=39731"},"modified":"2026-04-11T09:55:15","modified_gmt":"2026-04-11T07:55:15","slug":"herbalgem-sanogem-gummies-bio-60-gom","status":"publish","type":"product","link":"https:\/\/www.pharmacieonline.lu\/de\/produit\/herbalgem-sanogem-gummies-bio-60-gom\/","title":{"rendered":"HERBALGEM SANOGEM GUMMIES BIO 60 GOM"},"content":{"rendered":"<p>Einfach, gut und praktisch! Diese innovativen ALKOHOLFREIEN Gummib\u00e4rchen sind ideal f\u00fcr die ganze Familie, auch f\u00fcr Kinder und schwangere Frauen. Erste Sch\u00fcttelfrost? Zu sp\u00e4t, um zu warnen? Unsere SANOGEM-Gummis sind Ihre Verb\u00fcndeten, die Ihnen helfen, den Winter und jede sensible Jahreszeit zu \u00fcberstehen. Dank der synergetischen Kombination aus Erlenknospen und schwarzem Holunder helfen sie Ihnen, das Gef\u00fchl der Abk\u00fchlung zu bek\u00e4mpfen.<\/p>\n<p>Dosierung<br \/>\nVon 6 bis 12 Jahren: 1 bis 2 Gummib\u00e4rchen pro Tag<br \/>\nAb 12 Jahren: bis zu drei Gummib\u00e4rchen pro Tag<\/p>","protected":false},"excerpt":{"rendered":"<p>Einfach, gut und praktisch! Diese innovativen ALKOHOLFREIEN Gummib\u00e4rchen sind ideal f\u00fcr die ganze Familie, auch f\u00fcr Kinder und schwangere Frauen. Erste Sch\u00fcttelfrost? Zu sp\u00e4t, um zu warnen? Unsere SANOGEM-Gummis sind Ihre Verb\u00fcndeten, die Ihnen helfen, den Winter und jede sensible Jahreszeit zu \u00fcberstehen. Dank der synergetischen Kombination aus Erlenknospen und schwarzem Holunder helfen sie Ihnen, [&hellip;]<\/p>\n","protected":false},"featured_media":39732,"template":"","meta":{"_acf_changed":false,"footnotes":""},"product_brand":[],"product_cat":[1042,953],"product_tag":[],"class_list":{"0":"post-39731","1":"product","2":"type-product","3":"status-publish","4":"has-post-thumbnail","6":"product_cat-gummies","7":"product_cat-complements-alimentaires","9":"first","10":"outofstock","11":"taxable","12":"shipping-taxable","13":"purchasable","14":"product-type-simple"},"acf":[],"_links":{"self":[{"href":"https:\/\/www.pharmacieonline.lu\/de\/wp-json\/wp\/v2\/product\/39731","targetHints":{"allow":["GET"]}}],"collection":[{"href":"https:\/\/www.pharmacieonline.lu\/de\/wp-json\/wp\/v2\/product"}],"about":[{"href":"https:\/\/www.pharmacieonline.lu\/de\/wp-json\/wp\/v2\/types\/product"}],"version-history":[{"count":0,"href":"https:\/\/www.pharmacieonline.lu\/de\/wp-json\/wp\/v2\/product\/39731\/revisions"}],"wp:featuredmedia":[{"embeddable":true,"href":"https:\/\/www.pharmacieonline.lu\/de\/wp-json\/wp\/v2\/media\/39732"}],"wp:attachment":[{"href":"https:\/\/www.pharmacieonline.lu\/de\/wp-json\/wp\/v2\/media?parent=39731"}],"wp:term":[{"taxonomy":"product_brand","embeddable":true,"href":"https:\/\/www.pharmacieonline.lu\/de\/wp-json\/wp\/v2\/product_brand?post=39731"},{"taxonomy":"product_cat","embeddable":true,"href":"https:\/\/www.pharmacieonline.lu\/de\/wp-json\/wp\/v2\/product_cat?post=39731"},{"taxonomy":"product_tag","embeddable":true,"href":"https:\/\/www.pharmacieonline.lu\/de\/wp-json\/wp\/v2\/product_tag?post=39731"}],"curies":[{"name":"wp","href":"https:\/\/api.w.org\/{rel}","templated":true}]}}