{"id":39746,"date":"2023-09-14T14:21:10","date_gmt":"2023-09-14T12:21:10","guid":{"rendered":"https:\/\/www.pharmacieonline.lu\/?post_type=product&#038;p=39746"},"modified":"2026-04-03T20:25:24","modified_gmt":"2026-04-03T18:25:24","slug":"lashile-beauty-good-clean-60-gummies","status":"publish","type":"product","link":"https:\/\/www.pharmacieonline.lu\/de\/produit\/lashile-beauty-good-clean-60-gummies\/","title":{"rendered":"LASHILE BEAUTY GOOD CLEAN 60 GUMMIES"},"content":{"rendered":"<p>Good Clean sind Gummis, die speziell f\u00fcr die Behandlung problematischer Haut entwickelt wurden. Unsere Gummib\u00e4rchen enthalten Brennnessel*, die bekannterma\u00dfen zu klarer Haut beitr\u00e4gt und Hautunreinheiten hilft, Zink, das zur Erhaltung normaler Haut beitr\u00e4gt**, Klette und Macadamia.<\/p>","protected":false},"excerpt":{"rendered":"<p>Good Clean sind Gummis, die speziell f\u00fcr die Behandlung problematischer Haut entwickelt wurden. Unsere Gummib\u00e4rchen enthalten Brennnessel*, die bekannterma\u00dfen zu klarer Haut beitr\u00e4gt und Hautunreinheiten hilft, Zink, das zur Erhaltung normaler Haut beitr\u00e4gt**, Klette und Macadamia.<\/p>\n","protected":false},"featured_media":39750,"template":"","meta":{"_acf_changed":false,"footnotes":""},"product_brand":[],"product_cat":[1042,953],"product_tag":[],"class_list":{"0":"post-39746","1":"product","2":"type-product","3":"status-publish","4":"has-post-thumbnail","6":"product_cat-gummies","7":"product_cat-complements-alimentaires","9":"first","10":"outofstock","11":"taxable","12":"shipping-taxable","13":"purchasable","14":"product-type-simple"},"acf":[],"_links":{"self":[{"href":"https:\/\/www.pharmacieonline.lu\/de\/wp-json\/wp\/v2\/product\/39746","targetHints":{"allow":["GET"]}}],"collection":[{"href":"https:\/\/www.pharmacieonline.lu\/de\/wp-json\/wp\/v2\/product"}],"about":[{"href":"https:\/\/www.pharmacieonline.lu\/de\/wp-json\/wp\/v2\/types\/product"}],"version-history":[{"count":0,"href":"https:\/\/www.pharmacieonline.lu\/de\/wp-json\/wp\/v2\/product\/39746\/revisions"}],"wp:featuredmedia":[{"embeddable":true,"href":"https:\/\/www.pharmacieonline.lu\/de\/wp-json\/wp\/v2\/media\/39750"}],"wp:attachment":[{"href":"https:\/\/www.pharmacieonline.lu\/de\/wp-json\/wp\/v2\/media?parent=39746"}],"wp:term":[{"taxonomy":"product_brand","embeddable":true,"href":"https:\/\/www.pharmacieonline.lu\/de\/wp-json\/wp\/v2\/product_brand?post=39746"},{"taxonomy":"product_cat","embeddable":true,"href":"https:\/\/www.pharmacieonline.lu\/de\/wp-json\/wp\/v2\/product_cat?post=39746"},{"taxonomy":"product_tag","embeddable":true,"href":"https:\/\/www.pharmacieonline.lu\/de\/wp-json\/wp\/v2\/product_tag?post=39746"}],"curies":[{"name":"wp","href":"https:\/\/api.w.org\/{rel}","templated":true}]}}