{"id":39759,"date":"2023-09-14T14:45:58","date_gmt":"2023-09-14T12:45:58","guid":{"rendered":"https:\/\/www.pharmacieonline.lu\/?post_type=product&#038;p=39759"},"modified":"2026-04-04T00:25:22","modified_gmt":"2026-04-03T22:25:22","slug":"lashile-beauty-good-hair-men-60-gummies","status":"publish","type":"product","link":"https:\/\/www.pharmacieonline.lu\/de\/produit\/lashile-beauty-good-hair-men-60-gummies\/","title":{"rendered":"LASHILE BEAUTY GOOD HAIR MEN 60 GUMMIES"},"content":{"rendered":"<p>Good Hair MEN sind Gummis, die dazu dienen sollen, Haarausfall bei M\u00e4nnern vorzubeugen*. Sie bestehen aus Venushaar, das Haarausfall vorbeugt, Schachtelhalm**, der zur St\u00e4rkung des Haares beitr\u00e4gt, Vitamin B6, das zur normalen Synthese von Cystein beitr\u00e4gt, und Zink, das zur Erhaltung normaler Haare beitr\u00e4gt.<\/p>","protected":false},"excerpt":{"rendered":"<p>Good Hair MEN sind Gummis, die dazu dienen sollen, Haarausfall bei M\u00e4nnern vorzubeugen*. Sie bestehen aus Venushaar, das Haarausfall vorbeugt, Schachtelhalm**, der zur St\u00e4rkung des Haares beitr\u00e4gt, Vitamin B6, das zur normalen Synthese von Cystein beitr\u00e4gt, und Zink, das zur Erhaltung normaler Haare beitr\u00e4gt.<\/p>\n","protected":false},"featured_media":39760,"template":"","meta":{"_acf_changed":false,"footnotes":""},"product_brand":[],"product_cat":[1042,953],"product_tag":[],"class_list":{"0":"post-39759","1":"product","2":"type-product","3":"status-publish","4":"has-post-thumbnail","6":"product_cat-gummies","7":"product_cat-complements-alimentaires","9":"first","10":"outofstock","11":"taxable","12":"shipping-taxable","13":"purchasable","14":"product-type-simple"},"acf":[],"_links":{"self":[{"href":"https:\/\/www.pharmacieonline.lu\/de\/wp-json\/wp\/v2\/product\/39759","targetHints":{"allow":["GET"]}}],"collection":[{"href":"https:\/\/www.pharmacieonline.lu\/de\/wp-json\/wp\/v2\/product"}],"about":[{"href":"https:\/\/www.pharmacieonline.lu\/de\/wp-json\/wp\/v2\/types\/product"}],"version-history":[{"count":0,"href":"https:\/\/www.pharmacieonline.lu\/de\/wp-json\/wp\/v2\/product\/39759\/revisions"}],"wp:featuredmedia":[{"embeddable":true,"href":"https:\/\/www.pharmacieonline.lu\/de\/wp-json\/wp\/v2\/media\/39760"}],"wp:attachment":[{"href":"https:\/\/www.pharmacieonline.lu\/de\/wp-json\/wp\/v2\/media?parent=39759"}],"wp:term":[{"taxonomy":"product_brand","embeddable":true,"href":"https:\/\/www.pharmacieonline.lu\/de\/wp-json\/wp\/v2\/product_brand?post=39759"},{"taxonomy":"product_cat","embeddable":true,"href":"https:\/\/www.pharmacieonline.lu\/de\/wp-json\/wp\/v2\/product_cat?post=39759"},{"taxonomy":"product_tag","embeddable":true,"href":"https:\/\/www.pharmacieonline.lu\/de\/wp-json\/wp\/v2\/product_tag?post=39759"}],"curies":[{"name":"wp","href":"https:\/\/api.w.org\/{rel}","templated":true}]}}