{"id":39768,"date":"2023-09-14T14:51:15","date_gmt":"2023-09-14T12:51:15","guid":{"rendered":"https:\/\/www.pharmacieonline.lu\/?post_type=product&#038;p=39768"},"modified":"2026-04-03T20:25:24","modified_gmt":"2026-04-03T18:25:24","slug":"lashile-beauty-good-love-men-60-gummies","status":"publish","type":"product","link":"https:\/\/www.pharmacieonline.lu\/de\/produit\/lashile-beauty-good-love-men-60-gummies\/","title":{"rendered":"LASHILE BEAUTY GOOD LOVE MEN 60 GUMMIES"},"content":{"rendered":"<p>Good Love Men sind Gummibonbons, die speziell zur Unterst\u00fctzung und Steigerung der m\u00e4nnlichen Energie und Vitalit\u00e4t* entwickelt wurden. Unsere Gummib\u00e4rchen bestehen aus Damiana, Safran und Tribulus, die zur Aufrechterhaltung des K\u00f6rper- und Muskeltonus sowie des Energieniveaus* beitragen, sowie Zink, das zur Aufrechterhaltung eines normalen Testosteronspiegels im Blut sowie zur Fruchtbarkeit und normalen Fortpflanzung beitr\u00e4gt.<\/p>","protected":false},"excerpt":{"rendered":"<p>Good Love Men sind Gummibonbons, die speziell zur Unterst\u00fctzung und Steigerung der m\u00e4nnlichen Energie und Vitalit\u00e4t* entwickelt wurden. Unsere Gummib\u00e4rchen bestehen aus Damiana, Safran und Tribulus, die zur Aufrechterhaltung des K\u00f6rper- und Muskeltonus sowie des Energieniveaus* beitragen, sowie Zink, das zur Aufrechterhaltung eines normalen Testosteronspiegels im Blut sowie zur Fruchtbarkeit und normalen Fortpflanzung beitr\u00e4gt.<\/p>\n","protected":false},"featured_media":39770,"template":"","meta":{"_acf_changed":false,"footnotes":""},"product_brand":[],"product_cat":[1042,953],"product_tag":[],"class_list":{"0":"post-39768","1":"product","2":"type-product","3":"status-publish","4":"has-post-thumbnail","6":"product_cat-gummies","7":"product_cat-complements-alimentaires","9":"first","10":"outofstock","11":"taxable","12":"shipping-taxable","13":"purchasable","14":"product-type-simple"},"acf":[],"_links":{"self":[{"href":"https:\/\/www.pharmacieonline.lu\/de\/wp-json\/wp\/v2\/product\/39768","targetHints":{"allow":["GET"]}}],"collection":[{"href":"https:\/\/www.pharmacieonline.lu\/de\/wp-json\/wp\/v2\/product"}],"about":[{"href":"https:\/\/www.pharmacieonline.lu\/de\/wp-json\/wp\/v2\/types\/product"}],"version-history":[{"count":0,"href":"https:\/\/www.pharmacieonline.lu\/de\/wp-json\/wp\/v2\/product\/39768\/revisions"}],"wp:featuredmedia":[{"embeddable":true,"href":"https:\/\/www.pharmacieonline.lu\/de\/wp-json\/wp\/v2\/media\/39770"}],"wp:attachment":[{"href":"https:\/\/www.pharmacieonline.lu\/de\/wp-json\/wp\/v2\/media?parent=39768"}],"wp:term":[{"taxonomy":"product_brand","embeddable":true,"href":"https:\/\/www.pharmacieonline.lu\/de\/wp-json\/wp\/v2\/product_brand?post=39768"},{"taxonomy":"product_cat","embeddable":true,"href":"https:\/\/www.pharmacieonline.lu\/de\/wp-json\/wp\/v2\/product_cat?post=39768"},{"taxonomy":"product_tag","embeddable":true,"href":"https:\/\/www.pharmacieonline.lu\/de\/wp-json\/wp\/v2\/product_tag?post=39768"}],"curies":[{"name":"wp","href":"https:\/\/api.w.org\/{rel}","templated":true}]}}