{"id":39786,"date":"2023-09-14T15:09:04","date_gmt":"2023-09-14T13:09:04","guid":{"rendered":"https:\/\/www.pharmacieonline.lu\/?post_type=product&#038;p=39786"},"modified":"2026-04-03T23:55:13","modified_gmt":"2026-04-03T21:55:13","slug":"omnivit-junior-gummies-90-mg-30-gummies","status":"publish","type":"product","link":"https:\/\/www.pharmacieonline.lu\/de\/produit\/omnivit-junior-gummies-90-mg-30-gummies\/","title":{"rendered":"OMNIVIT JUNIOR GUMMIES 90 MG 30 GUMMIES"},"content":{"rendered":"<p>Mit Omnivit Junior Gummies erh\u00e4lt Ihr Kind t\u00e4glich 10 Vitamine und 2 Mineralstoffe in einem kleinen Kaugummi mit Fruchtgeschmack, das speziell auf die Bed\u00fcrfnisse von Kindern ab 3 Jahren abgestimmt ist.<\/p>\n<p>Eine ausgewogene Zufuhr von Vitaminen und Mineralstoffen ist f\u00fcr Ihr heranwachsendes Kind unerl\u00e4sslich. Omnivit Junior Gummies wurden speziell f\u00fcr Kinder ab 3 Jahren entwickelt und enthalten Vitamin D, das f\u00fcr das normale Wachstum und die normale Entwicklung von Kindern notwendig ist. Enth\u00e4lt au\u00dferdem Vitamin A und Zink, die zu einer normalen Funktion des Immunsystems beitragen.<\/p>","protected":false},"excerpt":{"rendered":"<p>Mit Omnivit Junior Gummies erh\u00e4lt Ihr Kind t\u00e4glich 10 Vitamine und 2 Mineralstoffe in einem kleinen Kaugummi mit Fruchtgeschmack, das speziell auf die Bed\u00fcrfnisse von Kindern ab 3 Jahren abgestimmt ist. Eine ausgewogene Zufuhr von Vitaminen und Mineralstoffen ist f\u00fcr Ihr heranwachsendes Kind unerl\u00e4sslich. Omnivit Junior Gummies wurden speziell f\u00fcr Kinder ab 3 Jahren entwickelt [&hellip;]<\/p>\n","protected":false},"featured_media":39787,"template":"","meta":{"_acf_changed":false,"footnotes":""},"product_brand":[],"product_cat":[1042,953],"product_tag":[],"class_list":{"0":"post-39786","1":"product","2":"type-product","3":"status-publish","4":"has-post-thumbnail","6":"product_cat-gummies","7":"product_cat-complements-alimentaires","9":"first","10":"instock","11":"taxable","12":"shipping-taxable","13":"purchasable","14":"product-type-simple"},"acf":[],"_links":{"self":[{"href":"https:\/\/www.pharmacieonline.lu\/de\/wp-json\/wp\/v2\/product\/39786","targetHints":{"allow":["GET"]}}],"collection":[{"href":"https:\/\/www.pharmacieonline.lu\/de\/wp-json\/wp\/v2\/product"}],"about":[{"href":"https:\/\/www.pharmacieonline.lu\/de\/wp-json\/wp\/v2\/types\/product"}],"version-history":[{"count":0,"href":"https:\/\/www.pharmacieonline.lu\/de\/wp-json\/wp\/v2\/product\/39786\/revisions"}],"wp:featuredmedia":[{"embeddable":true,"href":"https:\/\/www.pharmacieonline.lu\/de\/wp-json\/wp\/v2\/media\/39787"}],"wp:attachment":[{"href":"https:\/\/www.pharmacieonline.lu\/de\/wp-json\/wp\/v2\/media?parent=39786"}],"wp:term":[{"taxonomy":"product_brand","embeddable":true,"href":"https:\/\/www.pharmacieonline.lu\/de\/wp-json\/wp\/v2\/product_brand?post=39786"},{"taxonomy":"product_cat","embeddable":true,"href":"https:\/\/www.pharmacieonline.lu\/de\/wp-json\/wp\/v2\/product_cat?post=39786"},{"taxonomy":"product_tag","embeddable":true,"href":"https:\/\/www.pharmacieonline.lu\/de\/wp-json\/wp\/v2\/product_tag?post=39786"}],"curies":[{"name":"wp","href":"https:\/\/api.w.org\/{rel}","templated":true}]}}