{"id":39803,"date":"2023-09-14T15:30:07","date_gmt":"2023-09-14T13:30:07","guid":{"rendered":"https:\/\/www.pharmacieonline.lu\/?post_type=product&#038;p=39803"},"modified":"2026-04-06T15:55:12","modified_gmt":"2026-04-06T13:55:12","slug":"xtra-slim-700-gummies-60-gommes","status":"publish","type":"product","link":"https:\/\/www.pharmacieonline.lu\/de\/produit\/xtra-slim-700-gummies-60-gommes\/","title":{"rendered":"XTRA SLIM 700 GUMMIES 60 GOMMES"},"content":{"rendered":"<p>BESCHREIBUNG<\/p>\n<p>M\u00f6chten Sie abnehmen? Mit unseren XtraSlim 700 Gummies ist das m\u00f6glich!<br \/>\nWir haben die ersten Fettverbrennungsgummis auf dem Markt mit einem wissenschaftlich untersuchten Inhaltsstoff formuliert: Lipoxim-Komplex.<\/p>\n<p>Sie werden dieses neue Genuss- und Schlankheitsprodukt lieben, das Praktikabilit\u00e4t und Wirksamkeit vereint.<\/p>\n<p>Eine Formel mit 4 Pflanzenextrakten und 4 essentiellen N\u00e4hrstoffen<\/p>\n<p>Dies sind\u00a04 Pflanzenextrakte, die Sie in der Formel unserer\u00a0XtraSlim 700 Gummies finden:<\/p>\n<p>&#8211; schwarze Johannisbeere, Guarana, die bei der Fettverbrennung hilft und die Gewichtsabnahme f\u00f6rdert. Sowie Wakame und Kurkuma.<\/p>\n<p>Es sind auch 4 essentielle N\u00e4hrstoffe, die zu Ihrer Gewichtsabnahme beitragen: Cholin, Vitamin B6 und B1 sowie Chrom.<\/p>\n<p>Unser wissenschaftlich gepr\u00fcfter Komplex*: LipoXim<\/p>\n<p>In unserer Star-Schlankheitsreferenz XtraSlim 700 mit nachgewiesener Wirksamkeit enthalten. Diese auf Kurkuma und Wakame basierende Alge hilft bekannterma\u00dfen bei der Gewichtskontrolle und reduziert den Appetit.<br \/>\nDer LipoXim-Komplex ist in unserer Formel unerl\u00e4sslich, um Ihnen beim effektiven Abnehmen zu helfen.<\/p>\n<p>Mit seinem praktischen und trendigen Gummib\u00e4rchenformat und dem guten Geschmack nach roten Fr\u00fcchten werden XtraSlim 700 Gummib\u00e4rchen zu Ihrem idealen Begleiter beim Abnehmen.<\/p>\n<p>Keine k\u00fcnstlichen Aromen oder Farbstoffe und kein zugesetzter Zucker*<\/p>","protected":false},"excerpt":{"rendered":"<p>BESCHREIBUNG M\u00f6chten Sie abnehmen? Mit unseren XtraSlim 700 Gummies ist das m\u00f6glich! Wir haben die ersten Fettverbrennungsgummis auf dem Markt mit einem wissenschaftlich untersuchten Inhaltsstoff formuliert: Lipoxim-Komplex. Sie werden dieses neue Genuss- und Schlankheitsprodukt lieben, das Praktikabilit\u00e4t und Wirksamkeit vereint. Eine Formel mit 4 Pflanzenextrakten und 4 essentiellen N\u00e4hrstoffen Dies sind\u00a04 Pflanzenextrakte, die Sie in [&hellip;]<\/p>\n","protected":false},"featured_media":39804,"template":"","meta":{"_acf_changed":false,"footnotes":""},"product_brand":[],"product_cat":[1042,953],"product_tag":[],"class_list":{"0":"post-39803","1":"product","2":"type-product","3":"status-publish","4":"has-post-thumbnail","6":"product_cat-gummies","7":"product_cat-complements-alimentaires","9":"first","10":"outofstock","11":"taxable","12":"shipping-taxable","13":"purchasable","14":"product-type-simple"},"acf":[],"_links":{"self":[{"href":"https:\/\/www.pharmacieonline.lu\/de\/wp-json\/wp\/v2\/product\/39803","targetHints":{"allow":["GET"]}}],"collection":[{"href":"https:\/\/www.pharmacieonline.lu\/de\/wp-json\/wp\/v2\/product"}],"about":[{"href":"https:\/\/www.pharmacieonline.lu\/de\/wp-json\/wp\/v2\/types\/product"}],"version-history":[{"count":0,"href":"https:\/\/www.pharmacieonline.lu\/de\/wp-json\/wp\/v2\/product\/39803\/revisions"}],"wp:featuredmedia":[{"embeddable":true,"href":"https:\/\/www.pharmacieonline.lu\/de\/wp-json\/wp\/v2\/media\/39804"}],"wp:attachment":[{"href":"https:\/\/www.pharmacieonline.lu\/de\/wp-json\/wp\/v2\/media?parent=39803"}],"wp:term":[{"taxonomy":"product_brand","embeddable":true,"href":"https:\/\/www.pharmacieonline.lu\/de\/wp-json\/wp\/v2\/product_brand?post=39803"},{"taxonomy":"product_cat","embeddable":true,"href":"https:\/\/www.pharmacieonline.lu\/de\/wp-json\/wp\/v2\/product_cat?post=39803"},{"taxonomy":"product_tag","embeddable":true,"href":"https:\/\/www.pharmacieonline.lu\/de\/wp-json\/wp\/v2\/product_tag?post=39803"}],"curies":[{"name":"wp","href":"https:\/\/api.w.org\/{rel}","templated":true}]}}