{"id":39806,"date":"2023-09-14T17:08:27","date_gmt":"2023-09-14T15:08:27","guid":{"rendered":"https:\/\/www.pharmacieonline.lu\/?post_type=product&#038;p=39806"},"modified":"2026-04-09T05:55:19","modified_gmt":"2026-04-09T03:55:19","slug":"arko-olfae-diffuseur","status":"publish","type":"product","link":"https:\/\/www.pharmacieonline.lu\/de\/produit\/arko-olfae-diffuseur\/","title":{"rendered":"ARKO OLFAE DIFFUSEUR"},"content":{"rendered":"<p>Die Diffusion erfolgt rein und direkt aus der Flasche, ohne Wasser oder Erhitzen und erm\u00f6glicht den Erhalt von 100 % der olfaktorischen Vorteile und Wirkstoffe \u00e4therischer \u00d6le. Olfae\u00ae verwandelt \u00e4therische \u00d6le in extrem leichte Mikrotr\u00f6pfchen. Ihre H\u00e4ngedauer ist wesentlich l\u00e4nger als bei einem klassischen Diffusor.<\/p>\n<p>ANWENDUNGSTIPPS<\/p>\n<p>Geben Sie die auf der Flasche angegebene Protokollnummer ein.<br \/>\nOlfae\u00ae programmiert die Dauer und Anzahl der Sitzungen pro Tag.<br \/>\nDie Wirksamkeit und Sicherheit des Olfae\u00ae-Systems werden ausschlie\u00dflich durch die Verwendung von Olfae\u00ae- und Arkopharma-Produkten gew\u00e4hrleistet.<\/p>\n<p>VORSICHTSMASSNAHMEN F\u00dcR DEN GEBRAUCH<\/p>\n<p>Lesen Sie die Anweisungen vor der Verwendung sorgf\u00e4ltig durch.<br \/>\nNicht alle \u00e4therischen \u00d6le k\u00f6nnen zerst\u00e4ubt werden.<br \/>\nFragen Sie Ihren Apotheker um Rat.<\/p>","protected":false},"excerpt":{"rendered":"<p>Die Diffusion erfolgt rein und direkt aus der Flasche, ohne Wasser oder Erhitzen und erm\u00f6glicht den Erhalt von 100 % der olfaktorischen Vorteile und Wirkstoffe \u00e4therischer \u00d6le. Olfae\u00ae verwandelt \u00e4therische \u00d6le in extrem leichte Mikrotr\u00f6pfchen. Ihre H\u00e4ngedauer ist wesentlich l\u00e4nger als bei einem klassischen Diffusor. ANWENDUNGSTIPPS Geben Sie die auf der Flasche angegebene Protokollnummer ein. [&hellip;]<\/p>\n","protected":false},"featured_media":39807,"template":"","meta":{"_acf_changed":false,"footnotes":""},"product_brand":[],"product_cat":[954,42,79],"product_tag":[],"class_list":{"0":"post-39806","1":"product","2":"type-product","3":"status-publish","4":"has-post-thumbnail","6":"product_cat-diffuseurs","7":"product_cat-para-pharmacie","8":"product_cat-aromatherapie","10":"first","11":"outofstock","12":"taxable","13":"shipping-taxable","14":"purchasable","15":"product-type-simple"},"acf":[],"_links":{"self":[{"href":"https:\/\/www.pharmacieonline.lu\/de\/wp-json\/wp\/v2\/product\/39806","targetHints":{"allow":["GET"]}}],"collection":[{"href":"https:\/\/www.pharmacieonline.lu\/de\/wp-json\/wp\/v2\/product"}],"about":[{"href":"https:\/\/www.pharmacieonline.lu\/de\/wp-json\/wp\/v2\/types\/product"}],"version-history":[{"count":0,"href":"https:\/\/www.pharmacieonline.lu\/de\/wp-json\/wp\/v2\/product\/39806\/revisions"}],"wp:featuredmedia":[{"embeddable":true,"href":"https:\/\/www.pharmacieonline.lu\/de\/wp-json\/wp\/v2\/media\/39807"}],"wp:attachment":[{"href":"https:\/\/www.pharmacieonline.lu\/de\/wp-json\/wp\/v2\/media?parent=39806"}],"wp:term":[{"taxonomy":"product_brand","embeddable":true,"href":"https:\/\/www.pharmacieonline.lu\/de\/wp-json\/wp\/v2\/product_brand?post=39806"},{"taxonomy":"product_cat","embeddable":true,"href":"https:\/\/www.pharmacieonline.lu\/de\/wp-json\/wp\/v2\/product_cat?post=39806"},{"taxonomy":"product_tag","embeddable":true,"href":"https:\/\/www.pharmacieonline.lu\/de\/wp-json\/wp\/v2\/product_tag?post=39806"}],"curies":[{"name":"wp","href":"https:\/\/api.w.org\/{rel}","templated":true}]}}