{"id":39843,"date":"2023-09-15T15:19:54","date_gmt":"2023-09-15T13:19:54","guid":{"rendered":"https:\/\/www.pharmacieonline.lu\/?post_type=product&#038;p=39843"},"modified":"2026-04-14T19:55:13","modified_gmt":"2026-04-14T17:55:13","slug":"apothekers-or-pferdemedicsalbe-150ml-tu","status":"publish","type":"product","link":"https:\/\/www.pharmacieonline.lu\/de\/produit\/apothekers-or-pferdemedicsalbe-150ml-tu\/","title":{"rendered":"APOTHEKERS OR. PFERDEMEDICSALBE 150ML TU"},"content":{"rendered":"<p>Gezielte Linderung von R\u00fcckenverspannungen, Muskel- und Gelenkschmerzen nach dem Training, wohltuend bei m\u00fcder und schmerzender Muskulatur.<\/p>\n<p>Der Original PferdeMedicSalbe Apotheker arbeitet in zwei Phasen mit der Hei\u00df-K\u00e4lte-Therapie, wodurch er den Wirkstoffgehalt des Medizinprodukts weiter verbessern kann:<br \/>\nMenthol und Kampfer f\u00fcr angenehme und langanhaltende K\u00fchlung.<\/p>\n<p>K\u00fchlung ist eine bew\u00e4hrte Erste-Hilfe-Ma\u00dfnahme.<br \/>\nArnika und Rosmarin eignen sich hervorragend f\u00fcr durchblutungsf\u00f6rdernde Massagen. Diese W\u00e4rme gelangt bis in die tieferen Muskelschichten und entspannt nachhaltig.<\/p>\n<p>Bewegen Sie sich schmerzfrei mit Apothekers Original PferdeMedicSalbe \u2013 eine gro\u00dfartige M\u00f6glichkeit, sich zu verbessern!<\/p>","protected":false},"excerpt":{"rendered":"<p>Gezielte Linderung von R\u00fcckenverspannungen, Muskel- und Gelenkschmerzen nach dem Training, wohltuend bei m\u00fcder und schmerzender Muskulatur. Der Original PferdeMedicSalbe Apotheker arbeitet in zwei Phasen mit der Hei\u00df-K\u00e4lte-Therapie, wodurch er den Wirkstoffgehalt des Medizinprodukts weiter verbessern kann: Menthol und Kampfer f\u00fcr angenehme und langanhaltende K\u00fchlung. K\u00fchlung ist eine bew\u00e4hrte Erste-Hilfe-Ma\u00dfnahme. Arnika und Rosmarin eignen sich hervorragend [&hellip;]<\/p>\n","protected":false},"featured_media":39845,"template":"","meta":{"_acf_changed":false,"footnotes":""},"product_brand":[],"product_cat":[95,92],"product_tag":[],"class_list":{"0":"post-39843","1":"product","2":"type-product","3":"status-publish","4":"has-post-thumbnail","6":"product_cat-usage-externe","7":"product_cat-douleurs-musculaires","9":"first","10":"instock","11":"taxable","12":"shipping-taxable","13":"purchasable","14":"product-type-simple"},"acf":[],"_links":{"self":[{"href":"https:\/\/www.pharmacieonline.lu\/de\/wp-json\/wp\/v2\/product\/39843","targetHints":{"allow":["GET"]}}],"collection":[{"href":"https:\/\/www.pharmacieonline.lu\/de\/wp-json\/wp\/v2\/product"}],"about":[{"href":"https:\/\/www.pharmacieonline.lu\/de\/wp-json\/wp\/v2\/types\/product"}],"version-history":[{"count":0,"href":"https:\/\/www.pharmacieonline.lu\/de\/wp-json\/wp\/v2\/product\/39843\/revisions"}],"wp:featuredmedia":[{"embeddable":true,"href":"https:\/\/www.pharmacieonline.lu\/de\/wp-json\/wp\/v2\/media\/39845"}],"wp:attachment":[{"href":"https:\/\/www.pharmacieonline.lu\/de\/wp-json\/wp\/v2\/media?parent=39843"}],"wp:term":[{"taxonomy":"product_brand","embeddable":true,"href":"https:\/\/www.pharmacieonline.lu\/de\/wp-json\/wp\/v2\/product_brand?post=39843"},{"taxonomy":"product_cat","embeddable":true,"href":"https:\/\/www.pharmacieonline.lu\/de\/wp-json\/wp\/v2\/product_cat?post=39843"},{"taxonomy":"product_tag","embeddable":true,"href":"https:\/\/www.pharmacieonline.lu\/de\/wp-json\/wp\/v2\/product_tag?post=39843"}],"curies":[{"name":"wp","href":"https:\/\/api.w.org\/{rel}","templated":true}]}}