{"id":39851,"date":"2023-09-15T14:21:16","date_gmt":"2023-09-15T12:21:16","guid":{"rendered":"https:\/\/www.pharmacieonline.lu\/?post_type=product&#038;p=39851"},"modified":"2026-04-10T06:25:29","modified_gmt":"2026-04-10T04:25:29","slug":"anabox-7-tage-regenbogen-m-medi-planwep","status":"publish","type":"product","link":"https:\/\/www.pharmacieonline.lu\/de\/produit\/anabox-7-tage-regenbogen-m-medi-planwep\/","title":{"rendered":"ANABOX 7 TAGE REGENBOGEN M.MEDI PLAN(WEPA)"},"content":{"rendered":"<p>Der ANABOX\u00ae 7 Tage mit Eintrittsplan zeichnet sich durch zahlreiche Vorteile aus:<\/p>\n<p>Eindeutige Medikamentenzuordnung durch einen integrierten Aufnahmeplan.<br \/>\nHandhabung: Griffkn\u00f6pfe und ergonomische Form, einfache Handhabung auch bei zittrigen und rheumatischen H\u00e4nden<br \/>\nBesonderheit: schnell und einfach zu \u00f6ffnen, stapelbar, sp\u00fclmaschinenfest, CE-zertifiziert<br \/>\nBessere Unterscheidung der Wochentage durch verschiedenfarbige Dosiereinheiten<br \/>\n5 Dosierf\u00e4cher pro Tag, davon ein gr\u00f6\u00dferes (morgens)<br \/>\nDie Gesamtkapazit\u00e4t ist gr\u00f6\u00dfer als bei vergleichbaren Medikamentenboxen<br \/>\nAuch in Wei\u00df und Blau erh\u00e4ltlich, daher ideal f\u00fcr den sicheren Einsatz im 2-Personen-Haushalt<br \/>\nKlarer Aufdruck der Punkte<br \/>\nDie Schr\u00e4gstellung der Feeder erm\u00f6glicht einen schnellen \u00dcberblick<br \/>\nAufgrund des hochwertigen Kunststoffs (ABS), der \u00e4u\u00dferst bruchfest ist.<\/p>\n<p>&nbsp;<\/p>\n<p>App der Medikamentenorganisation<br \/>\nBeschriftung \/ Sprache Deutsch<br \/>\nMarke Anabox<br \/>\nTyp W\u00f6chentliches System<br \/>\nGewicht (g) 290<br \/>\nPr\u00e4sentation Einzelware<br \/>\nPZN 07120730<br \/>\nVerpackungseinheit 1<\/p>","protected":false},"excerpt":{"rendered":"<p>Der ANABOX\u00ae 7 Tage mit Eintrittsplan zeichnet sich durch zahlreiche Vorteile aus: Eindeutige Medikamentenzuordnung durch einen integrierten Aufnahmeplan. Handhabung: Griffkn\u00f6pfe und ergonomische Form, einfache Handhabung auch bei zittrigen und rheumatischen H\u00e4nden Besonderheit: schnell und einfach zu \u00f6ffnen, stapelbar, sp\u00fclmaschinenfest, CE-zertifiziert Bessere Unterscheidung der Wochentage durch verschiedenfarbige Dosiereinheiten 5 Dosierf\u00e4cher pro Tag, davon ein gr\u00f6\u00dferes (morgens) [&hellip;]<\/p>\n","protected":false},"featured_media":39855,"template":"","meta":{"_acf_changed":false,"footnotes":""},"product_brand":[],"product_cat":[42,149],"product_tag":[],"class_list":{"0":"post-39851","1":"product","2":"type-product","3":"status-publish","4":"has-post-thumbnail","6":"product_cat-para-pharmacie","7":"product_cat-autres","9":"first","10":"outofstock","11":"taxable","12":"shipping-taxable","13":"purchasable","14":"product-type-simple"},"acf":[],"_links":{"self":[{"href":"https:\/\/www.pharmacieonline.lu\/de\/wp-json\/wp\/v2\/product\/39851","targetHints":{"allow":["GET"]}}],"collection":[{"href":"https:\/\/www.pharmacieonline.lu\/de\/wp-json\/wp\/v2\/product"}],"about":[{"href":"https:\/\/www.pharmacieonline.lu\/de\/wp-json\/wp\/v2\/types\/product"}],"version-history":[{"count":0,"href":"https:\/\/www.pharmacieonline.lu\/de\/wp-json\/wp\/v2\/product\/39851\/revisions"}],"wp:featuredmedia":[{"embeddable":true,"href":"https:\/\/www.pharmacieonline.lu\/de\/wp-json\/wp\/v2\/media\/39855"}],"wp:attachment":[{"href":"https:\/\/www.pharmacieonline.lu\/de\/wp-json\/wp\/v2\/media?parent=39851"}],"wp:term":[{"taxonomy":"product_brand","embeddable":true,"href":"https:\/\/www.pharmacieonline.lu\/de\/wp-json\/wp\/v2\/product_brand?post=39851"},{"taxonomy":"product_cat","embeddable":true,"href":"https:\/\/www.pharmacieonline.lu\/de\/wp-json\/wp\/v2\/product_cat?post=39851"},{"taxonomy":"product_tag","embeddable":true,"href":"https:\/\/www.pharmacieonline.lu\/de\/wp-json\/wp\/v2\/product_tag?post=39851"}],"curies":[{"name":"wp","href":"https:\/\/api.w.org\/{rel}","templated":true}]}}