{"id":39897,"date":"2023-09-18T10:13:10","date_gmt":"2023-09-18T08:13:10","guid":{"rendered":"https:\/\/www.pharmacieonline.lu\/?post_type=product&#038;p=39897"},"modified":"2026-04-14T15:55:13","modified_gmt":"2026-04-14T13:55:13","slug":"apothekers-or-pferdemedicsalbe-sp-500-ml","status":"publish","type":"product","link":"https:\/\/www.pharmacieonline.lu\/de\/produit\/apothekers-or-pferdemedicsalbe-sp-500-ml\/","title":{"rendered":"APOTHEKERS OR PFERDEMEDICSALBE SP 500 ML"},"content":{"rendered":"<p>Lindert Schmerzen durch R\u00fccken- und Muskelverspannungen.<\/p>\n<p>Wohltuend bei Schmerzen wie m\u00fcden und schmerzenden Muskeln.<\/p>\n<p>Lindert Muskelbeschwerden in zwei Phasen mit der Kalt-Hei\u00df-Therapie:<\/p>\n<p>Menthol und Kampfer f\u00fcr wohltuende und langanhaltende K\u00fchlung. K\u00fchlung ist eine bew\u00e4hrte Erste-Hilfe-Ma\u00dfnahme. Es hat eine schmerzstillende und abschwellende Wirkung.<br \/>\nArnika und Rosmarin eignen sich hervorragend f\u00fcr durchblutungsf\u00f6rdernde Massagen. Diese W\u00e4rme gelangt bis in die tieferen Muskelschichten und entspannt nachhaltig.<\/p>\n<p>INDIKATION<\/p>\n<p>R\u00fccken-, Nacken- und Schulterschmerzen<br \/>\nSteifheit<br \/>\nKnieschmerzen und Gelenkschmerzen<br \/>\nZerrungen, Verstauchungen und Sportverletzungen<br \/>\nZum Aufw\u00e4rmen vor dem Sport und zur schnellen Regeneration nach dem Sport<\/p>\n<p>KOMPOSITION<\/p>\n<p>D-Campher, Arnica mexicana (Ganzpflanze), Rosmarin\u00f6l, Methylsalicylat, Levomenthol, Isopropanol, D-Limonen, Patentblau V, Linalool, gereinigtes Wasser, Carbomer.<\/p>","protected":false},"excerpt":{"rendered":"<p>Lindert Schmerzen durch R\u00fccken- und Muskelverspannungen. Wohltuend bei Schmerzen wie m\u00fcden und schmerzenden Muskeln. Lindert Muskelbeschwerden in zwei Phasen mit der Kalt-Hei\u00df-Therapie: Menthol und Kampfer f\u00fcr wohltuende und langanhaltende K\u00fchlung. K\u00fchlung ist eine bew\u00e4hrte Erste-Hilfe-Ma\u00dfnahme. Es hat eine schmerzstillende und abschwellende Wirkung. Arnika und Rosmarin eignen sich hervorragend f\u00fcr durchblutungsf\u00f6rdernde Massagen. Diese W\u00e4rme gelangt bis [&hellip;]<\/p>\n","protected":false},"featured_media":39901,"template":"","meta":{"_acf_changed":false,"footnotes":""},"product_brand":[],"product_cat":[95,43,92],"product_tag":[],"class_list":{"0":"post-39897","1":"product","2":"type-product","3":"status-publish","4":"has-post-thumbnail","6":"product_cat-usage-externe","7":"product_cat-medicaments-en-vente-libre","8":"product_cat-douleurs-musculaires","10":"first","11":"instock","12":"taxable","13":"shipping-taxable","14":"purchasable","15":"product-type-simple"},"acf":[],"_links":{"self":[{"href":"https:\/\/www.pharmacieonline.lu\/de\/wp-json\/wp\/v2\/product\/39897","targetHints":{"allow":["GET"]}}],"collection":[{"href":"https:\/\/www.pharmacieonline.lu\/de\/wp-json\/wp\/v2\/product"}],"about":[{"href":"https:\/\/www.pharmacieonline.lu\/de\/wp-json\/wp\/v2\/types\/product"}],"version-history":[{"count":0,"href":"https:\/\/www.pharmacieonline.lu\/de\/wp-json\/wp\/v2\/product\/39897\/revisions"}],"wp:featuredmedia":[{"embeddable":true,"href":"https:\/\/www.pharmacieonline.lu\/de\/wp-json\/wp\/v2\/media\/39901"}],"wp:attachment":[{"href":"https:\/\/www.pharmacieonline.lu\/de\/wp-json\/wp\/v2\/media?parent=39897"}],"wp:term":[{"taxonomy":"product_brand","embeddable":true,"href":"https:\/\/www.pharmacieonline.lu\/de\/wp-json\/wp\/v2\/product_brand?post=39897"},{"taxonomy":"product_cat","embeddable":true,"href":"https:\/\/www.pharmacieonline.lu\/de\/wp-json\/wp\/v2\/product_cat?post=39897"},{"taxonomy":"product_tag","embeddable":true,"href":"https:\/\/www.pharmacieonline.lu\/de\/wp-json\/wp\/v2\/product_tag?post=39897"}],"curies":[{"name":"wp","href":"https:\/\/api.w.org\/{rel}","templated":true}]}}