{"id":39916,"date":"2023-09-18T11:42:45","date_gmt":"2023-09-18T09:42:45","guid":{"rendered":"https:\/\/www.pharmacieonline.lu\/?post_type=product&#038;p=39916"},"modified":"2026-04-03T23:55:12","modified_gmt":"2026-04-03T21:55:12","slug":"zaffranax-45-caps","status":"publish","type":"product","link":"https:\/\/www.pharmacieonline.lu\/de\/produit\/zaffranax-45-caps\/","title":{"rendered":"ZAFFRANAX 45 CAPS"},"content":{"rendered":"<p>Zaffranax\u00ae Positive Mood ist eine wirksame L\u00f6sung, die dazu beitr\u00e4gt, einen positiven Geisteszustand (1) in emotionalen Phasen, Momenten vor\u00fcbergehenden Stresses (2) und beruflicher M\u00fcdigkeit (3) aufrechtzuerhalten, basierend auf Safran, Magnesium und Vitamin B.<\/p>\n<p>Zaffranax\u00ae Positive Mood soll die positive Stimmung (1) in emotionalen Zeiten unterst\u00fctzen. Auch bei Stress (2) und beruflicher \u00dcberm\u00fcdung (3) ist Zaffranax\u00ae besonders geeignet. Tats\u00e4chlich stehen wir jeden Tag vor vielen Herausforderungen, die schwer wiegen k\u00f6nnen. Zaffranax\u00ae bietet zus\u00e4tzliche Unterst\u00fctzung bei der Bew\u00e4ltigung dieser Emotionen und hilft, einen positiven Geisteszustand aufrechtzuerhalten (1).<\/p>\n<p>Dank eines synergistischen Nutrikomplexes auf Basis von Safran, Magnesium und B-Vitaminen ist Zaffranax\u00ae eine wirksame L\u00f6sung, die auf drei wichtige Eigenschaften wirkt:<\/p>\n<p>Emotion: Emotionalit\u00e4t und Traurigkeit (1)<br \/>\nKognition: Stressempfindlichkeit, Konzentrationsschwierigkeiten oder verminderte Produktivit\u00e4t (2)<br \/>\nK\u00f6rperlich: M\u00fcdigkeit oder verspannte Muskeln (3,4)<\/p>\n<p>Die Unterst\u00fctzung des emotionalen Gleichgewichts ist ein schrittweiser Prozess. Deshalb sind die Ergebnisse erst nach einigen Wochen optimal sp\u00fcrbar.<\/p>\n<p>Indikation<br \/>\nHilft, das emotionale Gleichgewicht und einen positiven Geisteszustand aufrechtzuerhalten (1)<br \/>\nEmpfohlen in emotionalen Phasen, vor\u00fcbergehendem Stress (2) und beruflicher M\u00fcdigkeit (3)<br \/>\nVerwenden<\/p>\n<p>Nehmen Sie t\u00e4glich eine Zaffranax\u00ae-Kapsel ein. Bei Bedarf kann die Dosis auf 2 Kapseln erh\u00f6ht werden. F\u00fcr eine bessere Wirkung wird empfohlen, Zaffranax\u00ae mindestens 6 Monate lang einzunehmen.<\/p>\n<p>Vorsichtsma\u00dfnahmen<\/p>\n<p>Nahrungserg\u00e4nzungsmittel k\u00f6nnen nicht als Ersatz f\u00fcr eine abwechslungsreiche und ausgewogene Ern\u00e4hrung und einen gesunden Lebensstil verwendet werden. W\u00e4hrend der Schwangerschaft und Stillzeit nicht empfohlen. Konsultieren Sie Ihren Arzt oder Apotheker, wenn Sie es gleichzeitig mit der Behandlung einer Depression anwenden. Allura AC rot kann die Aktivit\u00e4t oder Aufmerksamkeit von Kindern negativ beeinflussen. \u00dcberschreiten Sie nicht die empfohlene Tagesdosis. Bewahren Sie das Produkt au\u00dferhalb der Reichweite von kleinen Kindern auf.<\/p>\n<p>Komposition<\/p>\n<p>Wirkstoffe pro 2 Kapseln:<\/p>\n<p>Safranextrakt (Crocus sativum L.) \u2013 60 mg<br \/>\nVitamin B5 (Calcium-D-Pantothenat) \u2013 6 mg (100 % R.A.)<br \/>\nVitamin B6 (Pyridoxinhydrochlorid) \u2013 2,8 mg (200 % R.A.)<br \/>\nVitamin B12 (Cyanocobalamin) \u2013 2,5 \u00b5g (100 % R.A.)<br \/>\nFols\u00e4ure (Pteroylmonoglutamins\u00e4ure) \u2013 200 \u00b5g (100 % R.A.)<br \/>\nMagnesium (Magnesiumcitrat) \u2013 170 mg (45 % A.R.)<\/p>\n<p>A.R. = Referenzeinl\u00e4sse<\/p>","protected":false},"excerpt":{"rendered":"<p>Zaffranax\u00ae Positive Mood ist eine wirksame L\u00f6sung, die dazu beitr\u00e4gt, einen positiven Geisteszustand (1) in emotionalen Phasen, Momenten vor\u00fcbergehenden Stresses (2) und beruflicher M\u00fcdigkeit (3) aufrechtzuerhalten, basierend auf Safran, Magnesium und Vitamin B. Zaffranax\u00ae Positive Mood soll die positive Stimmung (1) in emotionalen Zeiten unterst\u00fctzen. Auch bei Stress (2) und beruflicher \u00dcberm\u00fcdung (3) ist Zaffranax\u00ae [&hellip;]<\/p>\n","protected":false},"featured_media":39917,"template":"","meta":{"_acf_changed":false,"footnotes":""},"product_brand":[],"product_cat":[43,953,781],"product_tag":[],"class_list":{"0":"post-39916","1":"product","2":"type-product","3":"status-publish","4":"has-post-thumbnail","6":"product_cat-medicaments-en-vente-libre","7":"product_cat-complements-alimentaires","8":"product_cat-sommeil-stress","10":"first","11":"outofstock","12":"taxable","13":"shipping-taxable","14":"purchasable","15":"product-type-simple"},"acf":[],"_links":{"self":[{"href":"https:\/\/www.pharmacieonline.lu\/de\/wp-json\/wp\/v2\/product\/39916","targetHints":{"allow":["GET"]}}],"collection":[{"href":"https:\/\/www.pharmacieonline.lu\/de\/wp-json\/wp\/v2\/product"}],"about":[{"href":"https:\/\/www.pharmacieonline.lu\/de\/wp-json\/wp\/v2\/types\/product"}],"version-history":[{"count":0,"href":"https:\/\/www.pharmacieonline.lu\/de\/wp-json\/wp\/v2\/product\/39916\/revisions"}],"wp:featuredmedia":[{"embeddable":true,"href":"https:\/\/www.pharmacieonline.lu\/de\/wp-json\/wp\/v2\/media\/39917"}],"wp:attachment":[{"href":"https:\/\/www.pharmacieonline.lu\/de\/wp-json\/wp\/v2\/media?parent=39916"}],"wp:term":[{"taxonomy":"product_brand","embeddable":true,"href":"https:\/\/www.pharmacieonline.lu\/de\/wp-json\/wp\/v2\/product_brand?post=39916"},{"taxonomy":"product_cat","embeddable":true,"href":"https:\/\/www.pharmacieonline.lu\/de\/wp-json\/wp\/v2\/product_cat?post=39916"},{"taxonomy":"product_tag","embeddable":true,"href":"https:\/\/www.pharmacieonline.lu\/de\/wp-json\/wp\/v2\/product_tag?post=39916"}],"curies":[{"name":"wp","href":"https:\/\/api.w.org\/{rel}","templated":true}]}}