{"id":39934,"date":"2023-09-18T12:12:01","date_gmt":"2023-09-18T10:12:01","guid":{"rendered":"https:\/\/www.pharmacieonline.lu\/?post_type=product&#038;p=39934"},"modified":"2026-04-14T16:25:29","modified_gmt":"2026-04-14T14:25:29","slug":"apothekers-or-pferdesalbe-sport-250-ml","status":"publish","type":"product","link":"https:\/\/www.pharmacieonline.lu\/de\/produit\/apothekers-or-pferdesalbe-sport-250-ml\/","title":{"rendered":"APOTHEKERS OR PFERDESALBE SPORT 250 ML"},"content":{"rendered":"<p>Apothekers Original Horse SPORT Salbe lindert Schmerzen, die durch R\u00fccken- und Muskelverspannungen verursacht werden.<\/p>\n<p>Wohltuend bei Gelenkproblemen, m\u00fcder Muskulatur und Muskelschmerzen.<\/p>\n<p>Sp\u00fcren Sie die wohltuende Wirkung der hochwirksamen Naturstoffe der Originalsalbe, die sich in einem zweiphasigen K\u00fchl-\/W\u00e4rmeeffekt entfaltet.<\/p>\n<p>Menthol und Kampfer f\u00fcr wohltuende und langanhaltende Erfrischung. K\u00fchlung ist eine bew\u00e4hrte Erste-Hilfe-Ma\u00dfnahme. Es hat eine schmerzstillende und abschwellende Wirkung.<br \/>\nArnika und Rosmarin eignen sich hervorragend zur Massage, um die Durchblutung anzuregen. Diese W\u00e4rme gelangt bis in die tieferen Muskelschichten und entspannt nachhaltig.<\/p>\n<p>INDIKATION<\/p>\n<p>Zum Aufw\u00e4rmen vor dem Sport und zur schnellen Regeneration nach dem Sport.<br \/>\nMuskelkater<br \/>\nVerstauchungen, Verstauchungen und Sportverletzungen<br \/>\nKnieschmerzen und Gelenkschmerzen<br \/>\nR\u00fccken-, Nacken- und Schulterschmerzen<\/p>\n<p>ANWENDUNG<\/p>\n<p>Tragen Sie das Gel wie eine K\u00f6rperlotion auf. Es zieht sofort ein und hat einen frischen Duft.<\/p>\n<p>Bei Muskelschmerzen die doppelte Menge auf die betroffenen Stellen auftragen.<\/p>\n<p>ZUTATEN<\/p>\n<p>Aqua, Isopropylalkohol, Arnica Mexicana, Rosmarinus Officinalis, Kampfer, Carbomer, Menthol, Koffein, Glycerin, Butylenglykol, Centella Asiatica-Blattextrakt, Parfum, Linalool, Limonen, Benzylbenzoat, Citronellol, Geraniol, Cl 42051.<\/p>","protected":false},"excerpt":{"rendered":"<p>Apothekers Original Horse SPORT Salbe lindert Schmerzen, die durch R\u00fccken- und Muskelverspannungen verursacht werden. Wohltuend bei Gelenkproblemen, m\u00fcder Muskulatur und Muskelschmerzen. Sp\u00fcren Sie die wohltuende Wirkung der hochwirksamen Naturstoffe der Originalsalbe, die sich in einem zweiphasigen K\u00fchl-\/W\u00e4rmeeffekt entfaltet. Menthol und Kampfer f\u00fcr wohltuende und langanhaltende Erfrischung. K\u00fchlung ist eine bew\u00e4hrte Erste-Hilfe-Ma\u00dfnahme. Es hat eine schmerzstillende [&hellip;]<\/p>\n","protected":false},"featured_media":39936,"template":"","meta":{"_acf_changed":false,"footnotes":""},"product_brand":[],"product_cat":[95,43,92],"product_tag":[],"class_list":{"0":"post-39934","1":"product","2":"type-product","3":"status-publish","4":"has-post-thumbnail","6":"product_cat-usage-externe","7":"product_cat-medicaments-en-vente-libre","8":"product_cat-douleurs-musculaires","10":"first","11":"instock","12":"taxable","13":"shipping-taxable","14":"purchasable","15":"product-type-simple"},"acf":[],"_links":{"self":[{"href":"https:\/\/www.pharmacieonline.lu\/de\/wp-json\/wp\/v2\/product\/39934","targetHints":{"allow":["GET"]}}],"collection":[{"href":"https:\/\/www.pharmacieonline.lu\/de\/wp-json\/wp\/v2\/product"}],"about":[{"href":"https:\/\/www.pharmacieonline.lu\/de\/wp-json\/wp\/v2\/types\/product"}],"version-history":[{"count":0,"href":"https:\/\/www.pharmacieonline.lu\/de\/wp-json\/wp\/v2\/product\/39934\/revisions"}],"wp:featuredmedia":[{"embeddable":true,"href":"https:\/\/www.pharmacieonline.lu\/de\/wp-json\/wp\/v2\/media\/39936"}],"wp:attachment":[{"href":"https:\/\/www.pharmacieonline.lu\/de\/wp-json\/wp\/v2\/media?parent=39934"}],"wp:term":[{"taxonomy":"product_brand","embeddable":true,"href":"https:\/\/www.pharmacieonline.lu\/de\/wp-json\/wp\/v2\/product_brand?post=39934"},{"taxonomy":"product_cat","embeddable":true,"href":"https:\/\/www.pharmacieonline.lu\/de\/wp-json\/wp\/v2\/product_cat?post=39934"},{"taxonomy":"product_tag","embeddable":true,"href":"https:\/\/www.pharmacieonline.lu\/de\/wp-json\/wp\/v2\/product_tag?post=39934"}],"curies":[{"name":"wp","href":"https:\/\/api.w.org\/{rel}","templated":true}]}}