{"id":39942,"date":"2023-09-18T12:17:23","date_gmt":"2023-09-18T10:17:23","guid":{"rendered":"https:\/\/www.pharmacieonline.lu\/?post_type=product&#038;p=39942"},"modified":"2026-04-14T16:25:26","modified_gmt":"2026-04-14T14:25:26","slug":"apothekers-or-pferdes-bio-hanf-roll-75ml","status":"publish","type":"product","link":"https:\/\/www.pharmacieonline.lu\/de\/produit\/apothekers-or-pferdes-bio-hanf-roll-75ml\/","title":{"rendered":"APOTHEKERS OR PFERDES BIO HANF ROLL 75ML"},"content":{"rendered":"<p>ANWENDUNG<\/p>\n<p>Der integrierte Massageroller erm\u00f6glicht eine pr\u00e4zise und gezielte Massage des Gels.<\/p>\n<p>KOMPOSITION<\/p>\n<p>Aqua, Isopropylalkohol, Cannabis-Sativa-Samen\u00f6l, Rosmarinus officinalis-\u00d6l, Junioerus mexicana-Holz\u00f6l, Kampfer, Menthol, Vanillylbutylether, Carbomer, Limonen, Linalool, Phenoxyethanol, Ethylhexylglycerin<\/p>","protected":false},"excerpt":{"rendered":"<p>ANWENDUNG Der integrierte Massageroller erm\u00f6glicht eine pr\u00e4zise und gezielte Massage des Gels. KOMPOSITION Aqua, Isopropylalkohol, Cannabis-Sativa-Samen\u00f6l, Rosmarinus officinalis-\u00d6l, Junioerus mexicana-Holz\u00f6l, Kampfer, Menthol, Vanillylbutylether, Carbomer, Limonen, Linalool, Phenoxyethanol, Ethylhexylglycerin<\/p>\n","protected":false},"featured_media":39943,"template":"","meta":{"_acf_changed":false,"footnotes":""},"product_brand":[],"product_cat":[95,43,92],"product_tag":[],"class_list":{"0":"post-39942","1":"product","2":"type-product","3":"status-publish","4":"has-post-thumbnail","6":"product_cat-usage-externe","7":"product_cat-medicaments-en-vente-libre","8":"product_cat-douleurs-musculaires","10":"first","11":"instock","12":"taxable","13":"shipping-taxable","14":"purchasable","15":"product-type-simple"},"acf":[],"_links":{"self":[{"href":"https:\/\/www.pharmacieonline.lu\/de\/wp-json\/wp\/v2\/product\/39942","targetHints":{"allow":["GET"]}}],"collection":[{"href":"https:\/\/www.pharmacieonline.lu\/de\/wp-json\/wp\/v2\/product"}],"about":[{"href":"https:\/\/www.pharmacieonline.lu\/de\/wp-json\/wp\/v2\/types\/product"}],"version-history":[{"count":0,"href":"https:\/\/www.pharmacieonline.lu\/de\/wp-json\/wp\/v2\/product\/39942\/revisions"}],"wp:featuredmedia":[{"embeddable":true,"href":"https:\/\/www.pharmacieonline.lu\/de\/wp-json\/wp\/v2\/media\/39943"}],"wp:attachment":[{"href":"https:\/\/www.pharmacieonline.lu\/de\/wp-json\/wp\/v2\/media?parent=39942"}],"wp:term":[{"taxonomy":"product_brand","embeddable":true,"href":"https:\/\/www.pharmacieonline.lu\/de\/wp-json\/wp\/v2\/product_brand?post=39942"},{"taxonomy":"product_cat","embeddable":true,"href":"https:\/\/www.pharmacieonline.lu\/de\/wp-json\/wp\/v2\/product_cat?post=39942"},{"taxonomy":"product_tag","embeddable":true,"href":"https:\/\/www.pharmacieonline.lu\/de\/wp-json\/wp\/v2\/product_tag?post=39942"}],"curies":[{"name":"wp","href":"https:\/\/api.w.org\/{rel}","templated":true}]}}