{"id":39988,"date":"2023-09-19T15:09:10","date_gmt":"2023-09-19T13:09:10","guid":{"rendered":"https:\/\/www.pharmacieonline.lu\/?post_type=product&#038;p=39988"},"modified":"2026-04-08T07:55:11","modified_gmt":"2026-04-08T05:55:11","slug":"ymea-silhouette-64-caps-v2","status":"publish","type":"product","link":"https:\/\/www.pharmacieonline.lu\/de\/produit\/ymea-silhouette-64-caps-v2\/","title":{"rendered":"YMEA SILHOUETTE 64 CAPS V2"},"content":{"rendered":"<p>Ymea Silhouette enth\u00e4lt eine einzigartige Mischung aus nat\u00fcrlichen Extrakten, Vitaminen und Mineralien. Die Formel ist \u00f6strogenfrei. Ohne Soja, Zuckerzusatz, Konservierungsstoffe, Gluten, Laktose.<\/p>\n<p>Die Formel ist f\u00fcr die Langzeitanwendung geeignet. Wir empfehlen die Einnahme \u00fcber mehrere Monate, um Wechseljahrsbeschwerden optimal zu beheben.<\/p>\n<p>Hilft bei Beschwerden im Zusammenhang mit den Wechseljahren dank seiner Doppelwirkung:<\/p>\n<p>&#8211; Salbeiextrakt lindert Hitzewallungen, Nachtschwei\u00df und Stimmungsschwankungen<\/p>\n<p>&#8211; Gr\u00fcner Tee tr\u00e4gt durch die Fettverbrennung zur Gewichtsabnahme bei<\/p>\n<p>INDIKATION<\/p>\n<p>Eine L\u00f6sung f\u00fcr die h\u00e4ufigsten Symptome in den Wechseljahren:<\/p>\n<p>Hitzewallungen<br \/>\n\u00fcberm\u00e4\u00dfiges Schwitzen und Nachtschwei\u00df<br \/>\nStimmungsschwankungen<br \/>\nGewichtszunahme<\/p>\n<p>VERWENDEN<\/p>\n<p>2 Kapseln pro Tag, vorzugsweise zu einer Mahlzeit mit einem Glas Wasser. Die Formel eignet sich zur Langzeitanwendung zur Behandlung von Wechseljahresbeschwerden.<\/p>\n<p>Ymea Silhouette ist ein Nahrungserg\u00e4nzungsmittel. Dieses Produkt sollte in keiner Weise eine abwechslungsreiche und ausgewogene Ern\u00e4hrung oder einen gesunden Lebensstil ersetzen. An einem trockenen Ort bei einer Temperatur von maximal 25\u00b0C lagern. Au\u00dferhalb der Reichweite und Sichtweite von kleinen Kindern aufbewahren.<\/p>\n<p>KOMPOSITION<\/p>\n<p>Zutaten: Pro 2 Kapseln:<\/p>\n<p>Salbeiextrakt (Salvia officinalis) 300 mg, Maca-Extrakt (Lepidium meyenii W.) 100 mg, Gr\u00fcntee-Extrakt (Camellia sinensis) 100 mg, Gelatine, Chromchlorid [Chrom 40 \u00b5g (100 % A.R.)], Zinkoxid [Zink 10 mg (100 % R.A.)], Kupfergluconat [Kupfer 1 mg (100 % R.A.)], Cholecalciferol [Vitamin D 5 \u00b5g (100 % R.A.)], Cyanocobalamin [Vitamin B12 2,5 \u00b5g (100 % R.A.)], Pyridoxinhydrochlorid [ Vit. B6 1,4 mg (100 % A.R.)], Trennmittel: Magnesiumstearat \u2013 Siliciumdioxid, F\u00fcllstoff: Reismehl, Farbstoff: Titandioxid.<\/p>","protected":false},"excerpt":{"rendered":"<p>Ymea Silhouette enth\u00e4lt eine einzigartige Mischung aus nat\u00fcrlichen Extrakten, Vitaminen und Mineralien. Die Formel ist \u00f6strogenfrei. Ohne Soja, Zuckerzusatz, Konservierungsstoffe, Gluten, Laktose. Die Formel ist f\u00fcr die Langzeitanwendung geeignet. Wir empfehlen die Einnahme \u00fcber mehrere Monate, um Wechseljahrsbeschwerden optimal zu beheben. Hilft bei Beschwerden im Zusammenhang mit den Wechseljahren dank seiner Doppelwirkung: &#8211; Salbeiextrakt lindert [&hellip;]<\/p>\n","protected":false},"featured_media":39989,"template":"","meta":{"_acf_changed":false,"footnotes":""},"product_brand":[],"product_cat":[1043,43,953,768],"product_tag":[],"class_list":{"0":"post-39988","1":"product","2":"type-product","3":"status-publish","4":"has-post-thumbnail","6":"product_cat-menopause","7":"product_cat-medicaments-en-vente-libre","8":"product_cat-complements-alimentaires","9":"product_cat-gynecologie-urologie","11":"first","12":"instock","13":"taxable","14":"shipping-taxable","15":"purchasable","16":"product-type-simple"},"acf":[],"_links":{"self":[{"href":"https:\/\/www.pharmacieonline.lu\/de\/wp-json\/wp\/v2\/product\/39988","targetHints":{"allow":["GET"]}}],"collection":[{"href":"https:\/\/www.pharmacieonline.lu\/de\/wp-json\/wp\/v2\/product"}],"about":[{"href":"https:\/\/www.pharmacieonline.lu\/de\/wp-json\/wp\/v2\/types\/product"}],"version-history":[{"count":0,"href":"https:\/\/www.pharmacieonline.lu\/de\/wp-json\/wp\/v2\/product\/39988\/revisions"}],"wp:featuredmedia":[{"embeddable":true,"href":"https:\/\/www.pharmacieonline.lu\/de\/wp-json\/wp\/v2\/media\/39989"}],"wp:attachment":[{"href":"https:\/\/www.pharmacieonline.lu\/de\/wp-json\/wp\/v2\/media?parent=39988"}],"wp:term":[{"taxonomy":"product_brand","embeddable":true,"href":"https:\/\/www.pharmacieonline.lu\/de\/wp-json\/wp\/v2\/product_brand?post=39988"},{"taxonomy":"product_cat","embeddable":true,"href":"https:\/\/www.pharmacieonline.lu\/de\/wp-json\/wp\/v2\/product_cat?post=39988"},{"taxonomy":"product_tag","embeddable":true,"href":"https:\/\/www.pharmacieonline.lu\/de\/wp-json\/wp\/v2\/product_tag?post=39988"}],"curies":[{"name":"wp","href":"https:\/\/api.w.org\/{rel}","templated":true}]}}