{"id":40008,"date":"2023-09-20T12:11:58","date_gmt":"2023-09-20T10:11:58","guid":{"rendered":"https:\/\/www.pharmacieonline.lu\/?post_type=product&#038;p=40008"},"modified":"2026-04-09T10:55:18","modified_gmt":"2026-04-09T08:55:18","slug":"nuxe-super-serum10-eye-15ml","status":"publish","type":"product","link":"https:\/\/www.pharmacieonline.lu\/de\/produit\/nuxe-super-serum10-eye-15ml\/","title":{"rendered":"NUXE SUPER SERUM10 EYE 15ML"},"content":{"rendered":"<p>Seine Formel mit Hyalurons\u00e4ure und pflanzlichem Koffein ist mit Tausenden Mikrok\u00fcgelchen fraktionierter Pflanzen\u00f6le angereichert.<\/p>\n<p>Anti-Aging-Wirkung:<\/p>\n<p>-Fronfalten und Kr\u00e4henf\u00fc\u00dfe werden korrigiert.<br \/>\n-Bei 88 % der Frauen scheinen die Taschen entleert zu sein.<br \/>\n-Augenringe werden bei 100 % der Frauen reduziert.<br \/>\n-Die Augenpartie ist bei 100 % der Frauen strahlend.<br \/>\n-Das Aussehen erscheint bei 97 % der Frauen verj\u00fcngt.<\/p>\n<p>Eine einzigartige frische Textur und ein leichter Duft, geeignet f\u00fcr die empfindliche Augenpartie.<\/p>\n<p>RATSCHL\u00c4GE NUTZEN<\/p>\n<p>Nehmen Sie das \u00c4quivalent eines Tropfens Serum, verteilen Sie es zwischen Ihren beiden Zeigefingern und platzieren Sie es in kleinen Ber\u00fchrungen unter beiden Augen im kn\u00f6chernen Bereich.<br \/>\nPlatzieren Sie Ihre Zeigefinger am inneren Augenwinkel und f\u00fchren Sie drei gl\u00e4ttende Bewegungen von der inneren Mitte zum \u00e4u\u00dferen Augenwinkel aus.<br \/>\nWiederholen Sie dies dreimal, ohne dem oberen Augenlid eine Textur hinzuzuf\u00fcgen (vermeiden Sie dabei den beweglichen Bereich). Anschlie\u00dfend mit kreisenden Bewegungen auf den Bereich der Kr\u00e4henf\u00fc\u00dfe einwirken lassen. Gl\u00e4tten Sie die Zornesfalte mit Aufw\u00e4rtsbewegungen (zwischen den beiden Augenbrauen). Zum Schluss leicht mit den Fingerspitzen klopfen.<\/p>\n<p>Morgens und abends vor der NUXE Tages- oder Nachtcreme auftragen.<\/p>\n<p>KOMPOSITION<\/p>\n<p>AQUA\/WASSER, GLYCERIN, CAPRYL-\/CAPRIC-TRIGLYCERID, BETAINE, PROPANEDIOL, NIACINAMID, PENTYLEN-GLYKOL, LIMNANTHES ALBA (MEADOWFOAM)-SAMEN\u00d6L, COCO-CAPRYLAT\/CAPRAT, BENZYLALKOHOL, Rizinus\u00f6l\/IPDI-COPOLYMER, LEONTOPODIUM ALPINUM CALLUS-KULTUREXTRAKT, PARF\u00dcM\/DUFT, ACRYLATE\/C10-30 ALKYL ACRYLAT CROSSPOLYMER, CAPRYLYL GLYKOL, KOFFEIN, HYALURONS\u00c4URE, NATRIUMHYDROXID, TRISODIUMETHYLENDIAMIN DISUCCINAT, NATRIUMHYALURONAT, PASSIFLORA INCARNATA EXTRAKT, ZITRONENS\u00c4URE, XANTHANGUMMI, DEHYDROESSIGS\u00c4URE, ACE TYL TETRAPEPTID-5, TOCOPHEROL, Benzylbenzoat [N4602\/A].<\/p>","protected":false},"excerpt":{"rendered":"<p>Seine Formel mit Hyalurons\u00e4ure und pflanzlichem Koffein ist mit Tausenden Mikrok\u00fcgelchen fraktionierter Pflanzen\u00f6le angereichert. Anti-Aging-Wirkung: -Fronfalten und Kr\u00e4henf\u00fc\u00dfe werden korrigiert. -Bei 88 % der Frauen scheinen die Taschen entleert zu sein. -Augenringe werden bei 100 % der Frauen reduziert. -Die Augenpartie ist bei 100 % der Frauen strahlend. -Das Aussehen erscheint bei 97 % der [&hellip;]<\/p>\n","protected":false},"featured_media":40012,"template":"","meta":{"_acf_changed":false,"footnotes":""},"product_brand":[],"product_cat":[47,42,54],"product_tag":[],"class_list":{"0":"post-40008","1":"product","2":"type-product","3":"status-publish","4":"has-post-thumbnail","6":"product_cat-dermocosmetique","7":"product_cat-para-pharmacie","8":"product_cat-soins-du-visage","10":"first","11":"instock","12":"taxable","13":"shipping-taxable","14":"purchasable","15":"product-type-simple"},"acf":[],"_links":{"self":[{"href":"https:\/\/www.pharmacieonline.lu\/de\/wp-json\/wp\/v2\/product\/40008","targetHints":{"allow":["GET"]}}],"collection":[{"href":"https:\/\/www.pharmacieonline.lu\/de\/wp-json\/wp\/v2\/product"}],"about":[{"href":"https:\/\/www.pharmacieonline.lu\/de\/wp-json\/wp\/v2\/types\/product"}],"version-history":[{"count":0,"href":"https:\/\/www.pharmacieonline.lu\/de\/wp-json\/wp\/v2\/product\/40008\/revisions"}],"wp:featuredmedia":[{"embeddable":true,"href":"https:\/\/www.pharmacieonline.lu\/de\/wp-json\/wp\/v2\/media\/40012"}],"wp:attachment":[{"href":"https:\/\/www.pharmacieonline.lu\/de\/wp-json\/wp\/v2\/media?parent=40008"}],"wp:term":[{"taxonomy":"product_brand","embeddable":true,"href":"https:\/\/www.pharmacieonline.lu\/de\/wp-json\/wp\/v2\/product_brand?post=40008"},{"taxonomy":"product_cat","embeddable":true,"href":"https:\/\/www.pharmacieonline.lu\/de\/wp-json\/wp\/v2\/product_cat?post=40008"},{"taxonomy":"product_tag","embeddable":true,"href":"https:\/\/www.pharmacieonline.lu\/de\/wp-json\/wp\/v2\/product_tag?post=40008"}],"curies":[{"name":"wp","href":"https:\/\/api.w.org\/{rel}","templated":true}]}}