{"id":40046,"date":"2023-09-20T17:50:22","date_gmt":"2023-09-20T15:50:22","guid":{"rendered":"https:\/\/www.pharmacieonline.lu\/?post_type=product&#038;p=40046"},"modified":"2026-04-09T18:25:29","modified_gmt":"2026-04-09T16:25:29","slug":"caudalie-ref-rv-lift-creme-cachemire-50","status":"publish","type":"product","link":"https:\/\/www.pharmacieonline.lu\/de\/produit\/caudalie-ref-rv-lift-creme-cachemire-50\/","title":{"rendered":"CAUDALIE REF RV-LIFT CREME CACHEMIRE 50"},"content":{"rendered":"<p>Caudalie hat es sich zur Aufgabe gemacht, Sch\u00f6nheit und Umweltverantwortung zu vereinen. Mit den Kapseln k\u00f6nnen Sie Ihr Glas Redensifying Cashmere Cream problemlos nachf\u00fcllen. Die Nachf\u00fcllung ist zur besseren Konservierung nur f\u00fcr die Verwendung mit dem nachf\u00fcllbaren Topf konzipiert.<\/p>\n<p>&nbsp;<\/p>\n<p>Nr. 1 im Anti-Aging-Bereich in Frankreich*, die Resveratrol-Lift Redensifying Cashmere Cream korrigiert Falten und strafft die Haut. Mit einer einzigen Geste wird die Haut gen\u00e4hrt, gegl\u00e4ttet und sichtbar aufgepolstert. Das Herzst\u00fcck der Innovation ist Collagen 1 Vegan**, Kollagen pflanzlichen Ursprungs, verbunden mit einem exklusiven Anti-Aging-Patent (Weinresveratrol, Hyalurons\u00e4uren und veganer Kollagen-Booster), um die 3 Kollagentypen zu stimulieren.<\/p>","protected":false},"excerpt":{"rendered":"<p>Caudalie hat es sich zur Aufgabe gemacht, Sch\u00f6nheit und Umweltverantwortung zu vereinen. Mit den Kapseln k\u00f6nnen Sie Ihr Glas Redensifying Cashmere Cream problemlos nachf\u00fcllen. Die Nachf\u00fcllung ist zur besseren Konservierung nur f\u00fcr die Verwendung mit dem nachf\u00fcllbaren Topf konzipiert. &nbsp; Nr. 1 im Anti-Aging-Bereich in Frankreich*, die Resveratrol-Lift Redensifying Cashmere Cream korrigiert Falten und strafft [&hellip;]<\/p>\n","protected":false},"featured_media":40047,"template":"","meta":{"_acf_changed":false,"footnotes":""},"product_brand":[],"product_cat":[47,54],"product_tag":[],"class_list":{"0":"post-40046","1":"product","2":"type-product","3":"status-publish","4":"has-post-thumbnail","6":"product_cat-dermocosmetique","7":"product_cat-soins-du-visage","9":"first","10":"instock","11":"taxable","12":"shipping-taxable","13":"purchasable","14":"product-type-simple"},"acf":[],"_links":{"self":[{"href":"https:\/\/www.pharmacieonline.lu\/de\/wp-json\/wp\/v2\/product\/40046","targetHints":{"allow":["GET"]}}],"collection":[{"href":"https:\/\/www.pharmacieonline.lu\/de\/wp-json\/wp\/v2\/product"}],"about":[{"href":"https:\/\/www.pharmacieonline.lu\/de\/wp-json\/wp\/v2\/types\/product"}],"version-history":[{"count":0,"href":"https:\/\/www.pharmacieonline.lu\/de\/wp-json\/wp\/v2\/product\/40046\/revisions"}],"wp:featuredmedia":[{"embeddable":true,"href":"https:\/\/www.pharmacieonline.lu\/de\/wp-json\/wp\/v2\/media\/40047"}],"wp:attachment":[{"href":"https:\/\/www.pharmacieonline.lu\/de\/wp-json\/wp\/v2\/media?parent=40046"}],"wp:term":[{"taxonomy":"product_brand","embeddable":true,"href":"https:\/\/www.pharmacieonline.lu\/de\/wp-json\/wp\/v2\/product_brand?post=40046"},{"taxonomy":"product_cat","embeddable":true,"href":"https:\/\/www.pharmacieonline.lu\/de\/wp-json\/wp\/v2\/product_cat?post=40046"},{"taxonomy":"product_tag","embeddable":true,"href":"https:\/\/www.pharmacieonline.lu\/de\/wp-json\/wp\/v2\/product_tag?post=40046"}],"curies":[{"name":"wp","href":"https:\/\/api.w.org\/{rel}","templated":true}]}}