{"id":40049,"date":"2023-09-20T17:52:50","date_gmt":"2023-09-20T15:52:50","guid":{"rendered":"https:\/\/www.pharmacieonline.lu\/?post_type=product&#038;p=40049"},"modified":"2026-04-09T18:25:20","modified_gmt":"2026-04-09T16:25:20","slug":"caudalie-ref-rv-lift-tisane-nuit-50-ml-2","status":"publish","type":"product","link":"https:\/\/www.pharmacieonline.lu\/de\/produit\/caudalie-ref-rv-lift-tisane-nuit-50-ml-2\/","title":{"rendered":"CAUDALIE REF RV-LIFT TISANE NUIT 50 ML"},"content":{"rendered":"<p>Caudalie hat es sich zur Aufgabe gemacht, Sch\u00f6nheit und Umweltverantwortung zu vereinen. Mit den Kapseln k\u00f6nnen Sie Ihr La Cr\u00e8me Tisane de Nuit-Glas problemlos nachf\u00fcllen. Die Nachf\u00fcllung ist zur besseren Konservierung nur f\u00fcr die Verwendung mit dem nachf\u00fcllbaren Topf konzipiert.<\/p>\n<p>Die Kr\u00e4utertee-Nachtcreme gl\u00e4ttet Falten \u00fcber Nacht und sorgt so f\u00fcr ausgeruhte Gesichtsz\u00fcge, eine straffere Haut und einen strahlenderen Teint, wenn Sie aufwachen. Das Herzst\u00fcck der Innovation ist Vegan Collagen 1*, Kollagen pflanzlichen Ursprungs, verbunden mit einem exklusiven Anti-Aging-Patent (Weinresveratrol, Hyalurons\u00e4uren und veganer Kollagen-Booster), um die 3 Kollagentypen zu stimulieren.<\/p>","protected":false},"excerpt":{"rendered":"<p>Caudalie hat es sich zur Aufgabe gemacht, Sch\u00f6nheit und Umweltverantwortung zu vereinen. Mit den Kapseln k\u00f6nnen Sie Ihr La Cr\u00e8me Tisane de Nuit-Glas problemlos nachf\u00fcllen. Die Nachf\u00fcllung ist zur besseren Konservierung nur f\u00fcr die Verwendung mit dem nachf\u00fcllbaren Topf konzipiert. Die Kr\u00e4utertee-Nachtcreme gl\u00e4ttet Falten \u00fcber Nacht und sorgt so f\u00fcr ausgeruhte Gesichtsz\u00fcge, eine straffere Haut [&hellip;]<\/p>\n","protected":false},"featured_media":40051,"template":"","meta":{"_acf_changed":false,"footnotes":""},"product_brand":[],"product_cat":[42,54],"product_tag":[],"class_list":{"0":"post-40049","1":"product","2":"type-product","3":"status-publish","4":"has-post-thumbnail","6":"product_cat-para-pharmacie","7":"product_cat-soins-du-visage","9":"first","10":"instock","11":"taxable","12":"shipping-taxable","13":"purchasable","14":"product-type-simple"},"acf":[],"_links":{"self":[{"href":"https:\/\/www.pharmacieonline.lu\/de\/wp-json\/wp\/v2\/product\/40049","targetHints":{"allow":["GET"]}}],"collection":[{"href":"https:\/\/www.pharmacieonline.lu\/de\/wp-json\/wp\/v2\/product"}],"about":[{"href":"https:\/\/www.pharmacieonline.lu\/de\/wp-json\/wp\/v2\/types\/product"}],"version-history":[{"count":0,"href":"https:\/\/www.pharmacieonline.lu\/de\/wp-json\/wp\/v2\/product\/40049\/revisions"}],"wp:featuredmedia":[{"embeddable":true,"href":"https:\/\/www.pharmacieonline.lu\/de\/wp-json\/wp\/v2\/media\/40051"}],"wp:attachment":[{"href":"https:\/\/www.pharmacieonline.lu\/de\/wp-json\/wp\/v2\/media?parent=40049"}],"wp:term":[{"taxonomy":"product_brand","embeddable":true,"href":"https:\/\/www.pharmacieonline.lu\/de\/wp-json\/wp\/v2\/product_brand?post=40049"},{"taxonomy":"product_cat","embeddable":true,"href":"https:\/\/www.pharmacieonline.lu\/de\/wp-json\/wp\/v2\/product_cat?post=40049"},{"taxonomy":"product_tag","embeddable":true,"href":"https:\/\/www.pharmacieonline.lu\/de\/wp-json\/wp\/v2\/product_tag?post=40049"}],"curies":[{"name":"wp","href":"https:\/\/api.w.org\/{rel}","templated":true}]}}