{"id":40069,"date":"2023-09-21T11:37:59","date_gmt":"2023-09-21T09:37:59","guid":{"rendered":"https:\/\/www.pharmacieonline.lu\/?post_type=product&#038;p=40069"},"modified":"2026-04-10T18:25:32","modified_gmt":"2026-04-10T16:25:32","slug":"zeltrin-cholesterol-180-cpr","status":"publish","type":"product","link":"https:\/\/www.pharmacieonline.lu\/de\/produit\/zeltrin-cholesterol-180-cpr\/","title":{"rendered":"ZELTRIN CHOLESTEROL 180 CPR"},"content":{"rendered":"<p>Allgemeine Beschreibung<\/p>\n<p>Einzigartige Kombination, wirksame und sichere Cholesterinkontrolle. Doppelte therapeutische Wirkung dank der einzigartigen Kombination von Pleurotus Ostreatus und Phytosterolen.<\/p>\n<p>Indikation<\/p>\n<p>Cholesterin<\/p>\n<p>Kontraindikationen<\/p>\n<p>Dieses Produkt ist nicht geeignet f\u00fcr schwangere oder stillende Frauen, Kinder und Jugendliche, Personen \u00fcber 70 Jahre, Personen mit Leber-, Nieren- oder Muskelproblemen, Personen, die Medikamente einnehmen, die Wechselwirkungen hervorrufen k\u00f6nnen (z. B. cholesterinsenkende Medikamente), sowie Personen, die darunter leiden eine Unvertr\u00e4glichkeit gegen\u00fcber Statinen.<\/p>\n<p>Im Zweifelsfall wenden Sie sich an Ihren Arzt oder Apotheker.<\/p>\n<p>Verwenden<\/p>\n<p>2 Tabletten t\u00e4glich oder nach Anweisung.<\/p>\n<p>Komposition<\/p>\n<p>Zusammensetzung: Phytosterole, Austernpilzextrakt (Pleurotus Ostreatus). Patentierte Formel (Europ\u00e4isches Patent EP2012\/062411).<\/p>\n<p>Eigenschaften<\/p>\n<p>Ideale Cholesterinkontrolle zur Prim\u00e4rpr\u00e4vention bei Patienten mit niedrigem bis mittlerem Gesamt-CV-Risiko.<br \/>\nSynergistische Wirkung von Austernpilz und Phytosterinen, doppelte Wirkung auf Cholesterin mit einer niedrigeren Dosis an nat\u00fcrlichem Statin.<br \/>\nWeniger Nebenwirkungen<br \/>\n&#8211; Reduziertes Risiko f\u00fcr Myalgie und Muskeltoxizit\u00e4t<br \/>\n&#8211; Kein Risiko einer Leber- und\/oder Nierentoxizit\u00e4t, enth\u00e4lt kein Citrinin.<br \/>\nWirksamkeit durch klinische Studien belegt.<\/p>\n<p>Vegan \u2013 Glutenfrei \u2013 Zuckerfrei<\/p>\n<p>Geeignet ab 16 Jahren.<\/p>","protected":false},"excerpt":{"rendered":"<p>Allgemeine Beschreibung Einzigartige Kombination, wirksame und sichere Cholesterinkontrolle. Doppelte therapeutische Wirkung dank der einzigartigen Kombination von Pleurotus Ostreatus und Phytosterolen. Indikation Cholesterin Kontraindikationen Dieses Produkt ist nicht geeignet f\u00fcr schwangere oder stillende Frauen, Kinder und Jugendliche, Personen \u00fcber 70 Jahre, Personen mit Leber-, Nieren- oder Muskelproblemen, Personen, die Medikamente einnehmen, die Wechselwirkungen hervorrufen k\u00f6nnen (z. [&hellip;]<\/p>\n","protected":false},"featured_media":40070,"template":"","meta":{"_acf_changed":false,"footnotes":""},"product_brand":[],"product_cat":[43,1039,953,782],"product_tag":[],"class_list":{"0":"post-40069","1":"product","2":"type-product","3":"status-publish","4":"has-post-thumbnail","6":"product_cat-medicaments-en-vente-libre","7":"product_cat-cholesterol","8":"product_cat-complements-alimentaires","9":"product_cat-vegan","11":"first","12":"outofstock","13":"taxable","14":"shipping-taxable","15":"purchasable","16":"product-type-simple"},"acf":[],"_links":{"self":[{"href":"https:\/\/www.pharmacieonline.lu\/de\/wp-json\/wp\/v2\/product\/40069","targetHints":{"allow":["GET"]}}],"collection":[{"href":"https:\/\/www.pharmacieonline.lu\/de\/wp-json\/wp\/v2\/product"}],"about":[{"href":"https:\/\/www.pharmacieonline.lu\/de\/wp-json\/wp\/v2\/types\/product"}],"version-history":[{"count":0,"href":"https:\/\/www.pharmacieonline.lu\/de\/wp-json\/wp\/v2\/product\/40069\/revisions"}],"wp:featuredmedia":[{"embeddable":true,"href":"https:\/\/www.pharmacieonline.lu\/de\/wp-json\/wp\/v2\/media\/40070"}],"wp:attachment":[{"href":"https:\/\/www.pharmacieonline.lu\/de\/wp-json\/wp\/v2\/media?parent=40069"}],"wp:term":[{"taxonomy":"product_brand","embeddable":true,"href":"https:\/\/www.pharmacieonline.lu\/de\/wp-json\/wp\/v2\/product_brand?post=40069"},{"taxonomy":"product_cat","embeddable":true,"href":"https:\/\/www.pharmacieonline.lu\/de\/wp-json\/wp\/v2\/product_cat?post=40069"},{"taxonomy":"product_tag","embeddable":true,"href":"https:\/\/www.pharmacieonline.lu\/de\/wp-json\/wp\/v2\/product_tag?post=40069"}],"curies":[{"name":"wp","href":"https:\/\/api.w.org\/{rel}","templated":true}]}}