{"id":40075,"date":"2023-09-21T11:54:08","date_gmt":"2023-09-21T09:54:08","guid":{"rendered":"https:\/\/www.pharmacieonline.lu\/?post_type=product&#038;p=40075"},"modified":"2026-04-10T17:55:10","modified_gmt":"2026-04-10T15:55:10","slug":"zinc-60-cpr-inovance","status":"publish","type":"product","link":"https:\/\/www.pharmacieonline.lu\/de\/produit\/zinc-60-cpr-inovance\/","title":{"rendered":"ZINC 60 CPR INOVANCE"},"content":{"rendered":"<p>INDIKATIONEN<\/p>\n<p>Inovance Zink<br \/>\nNahrungserg\u00e4nzungsmittel auf Basis von Zink und Vitamin B6.<\/p>\n<p>\u2022 Ich m\u00f6chte mich vor Virusinfektionen sch\u00fctzen<br \/>\n\u2022 Ich w\u00fcnschte, meine Haut w\u00e4re sch\u00f6ner!<br \/>\n\u2022 Meine Augen erm\u00fcden schnell, ich habe Probleme mit dem Geschmacks- und Geruchssinn<\/p>\n<p>Zink ist ein Spurenelement, das von 18 von der EFSA anerkannten gesundheitsbezogenen Angaben profitiert: Energie, Kohlenhydrat- und S\u00e4ure-Basen-Stoffwechsel, kognitive Funktionen, normale DNA-Synthese, Fortpflanzungsfunktionen, Proteinsynthese, Sch\u00f6nheit der Haut und der Haut, Immunsystem und Anti-Radikal-Schutz.<\/p>\n<p>Inovance ZINC ist eine Formel aus mikroverkapseltem Zink f\u00fcr eine perfekte Assimilation, kombiniert mit Vitamin B6, n\u00fctzlich f\u00fcr ein gutes Nervengleichgewicht und eine gute Immunit\u00e4t.<\/p>\n<p>Patentierte mikroverkapselte Zinktechnologie: maximale Absorption und Bioverf\u00fcgbarkeit. Kleine, leicht zu schluckende Tablette.<\/p>\n<p>ANWENDUNG VON INOVANCE ZINK \u2013 60 TABLETTEN<\/p>\n<p>1 Tablette pro Tag w\u00e4hrend einer Mahlzeit mit einem Glas Wasser schlucken. Oder nach dem Rat eines medizinischen Fachpersonals.<\/p>\n<p>DIE ZUSAMMENSETZUNG VON INOVANCE ZINK \u2013 60 TABLETTEN<\/p>\n<p>Emulgator: Dicalciumphosphat; F\u00fcllstoff: mikrokristalline Cellulose; mikroverkapseltes Zink (ULTRAZIN\u00ae): Zinkoxid, vorverkleisterte Reisst\u00e4rke (Oryza sativa), Saccharoseester von Speisefetts\u00e4uren, Sonnenblumenlecithin, Tricalciumphosphat, Reismehl; Trennmittel: Magnesiumstearat pflanzlichen Ursprungs; Pyridoxinhydrochlorid (Vitamin B6).<\/p>","protected":false},"excerpt":{"rendered":"<p>INDIKATIONEN Inovance Zink Nahrungserg\u00e4nzungsmittel auf Basis von Zink und Vitamin B6. \u2022 Ich m\u00f6chte mich vor Virusinfektionen sch\u00fctzen \u2022 Ich w\u00fcnschte, meine Haut w\u00e4re sch\u00f6ner! \u2022 Meine Augen erm\u00fcden schnell, ich habe Probleme mit dem Geschmacks- und Geruchssinn Zink ist ein Spurenelement, das von 18 von der EFSA anerkannten gesundheitsbezogenen Angaben profitiert: Energie, Kohlenhydrat- und [&hellip;]<\/p>\n","protected":false},"featured_media":40076,"template":"","meta":{"_acf_changed":false,"footnotes":""},"product_brand":[],"product_cat":[43,953],"product_tag":[],"class_list":{"0":"post-40075","1":"product","2":"type-product","3":"status-publish","4":"has-post-thumbnail","6":"product_cat-medicaments-en-vente-libre","7":"product_cat-complements-alimentaires","9":"first","10":"instock","11":"taxable","12":"shipping-taxable","13":"purchasable","14":"product-type-simple"},"acf":[],"_links":{"self":[{"href":"https:\/\/www.pharmacieonline.lu\/de\/wp-json\/wp\/v2\/product\/40075","targetHints":{"allow":["GET"]}}],"collection":[{"href":"https:\/\/www.pharmacieonline.lu\/de\/wp-json\/wp\/v2\/product"}],"about":[{"href":"https:\/\/www.pharmacieonline.lu\/de\/wp-json\/wp\/v2\/types\/product"}],"version-history":[{"count":0,"href":"https:\/\/www.pharmacieonline.lu\/de\/wp-json\/wp\/v2\/product\/40075\/revisions"}],"wp:featuredmedia":[{"embeddable":true,"href":"https:\/\/www.pharmacieonline.lu\/de\/wp-json\/wp\/v2\/media\/40076"}],"wp:attachment":[{"href":"https:\/\/www.pharmacieonline.lu\/de\/wp-json\/wp\/v2\/media?parent=40075"}],"wp:term":[{"taxonomy":"product_brand","embeddable":true,"href":"https:\/\/www.pharmacieonline.lu\/de\/wp-json\/wp\/v2\/product_brand?post=40075"},{"taxonomy":"product_cat","embeddable":true,"href":"https:\/\/www.pharmacieonline.lu\/de\/wp-json\/wp\/v2\/product_cat?post=40075"},{"taxonomy":"product_tag","embeddable":true,"href":"https:\/\/www.pharmacieonline.lu\/de\/wp-json\/wp\/v2\/product_tag?post=40075"}],"curies":[{"name":"wp","href":"https:\/\/api.w.org\/{rel}","templated":true}]}}