{"id":40078,"date":"2023-09-21T13:47:39","date_gmt":"2023-09-21T11:47:39","guid":{"rendered":"https:\/\/www.pharmacieonline.lu\/?post_type=product&#038;p=40078"},"modified":"2026-04-08T07:55:10","modified_gmt":"2026-04-08T05:55:10","slug":"cicamanuka-baume-corps-rep-iaa10-200-ml","status":"publish","type":"product","link":"https:\/\/www.pharmacieonline.lu\/de\/produit\/cicamanuka-baume-corps-rep-iaa10-200-ml\/","title":{"rendered":"CICAMANUKA BAUME CORPS REP IAA10+ 200 ML"},"content":{"rendered":"<p>Reparierender K\u00f6rperbalsam mit Manuka-Honig IAA10 + Bio von CicaManuka beruhigt und repariert dank seiner Formel mit Manuka-Honig trockene, gesch\u00e4digte und gespannte Haut intensiv.<\/p>\n<p>Dank seiner Formulierung mit 10 % Manuka-Honig IAA10+ sorgt dieser K\u00f6rperbalsam f\u00fcr eine weiche und geschmeidige Haut. Es ist 100 % nat\u00fcrlich, enth\u00e4lt keine Konservierungsstoffe oder Parabene und seine nicht klebrige Textur zieht schnell ein.<\/p>\n<p>Manukahonig ist antiseptisch, antimykotisch und antibakteriell und hilft, die nat\u00fcrlichen Abwehrkr\u00e4fte zu st\u00e4rken und viele Bakterien zu bek\u00e4mpfen. Es ist au\u00dferdem f\u00fcr seine entz\u00fcndungshemmenden, abschwellenden und heilenden Eigenschaften bekannt.<\/p>\n<p>Der in diesem Bio-Balsam enthaltene IAA 10+ Manuka-Honig hat eine Wirksamkeit, die mit einer 10 %igen w\u00e4ssrigen L\u00f6sung von Phenol vergleichbar ist, einem starken antiseptischen Molek\u00fcl, das in der Pharmaindustrie weit verbreitet ist.<\/p>\n<p>Eigenschaften<\/p>\n<p>Reparierender K\u00f6rperbalsam f\u00fcr trockene, gesch\u00e4digte und straffe Haut.<\/p>\n<p>Anweisungen<\/p>\n<p>So oft wie n\u00f6tig anwenden.<\/p>","protected":false},"excerpt":{"rendered":"<p>Reparierender K\u00f6rperbalsam mit Manuka-Honig IAA10 + Bio von CicaManuka beruhigt und repariert dank seiner Formel mit Manuka-Honig trockene, gesch\u00e4digte und gespannte Haut intensiv. Dank seiner Formulierung mit 10 % Manuka-Honig IAA10+ sorgt dieser K\u00f6rperbalsam f\u00fcr eine weiche und geschmeidige Haut. Es ist 100 % nat\u00fcrlich, enth\u00e4lt keine Konservierungsstoffe oder Parabene und seine nicht klebrige Textur [&hellip;]<\/p>\n","protected":false},"featured_media":40079,"template":"","meta":{"_acf_changed":false,"footnotes":""},"product_brand":[],"product_cat":[47,42],"product_tag":[],"class_list":{"0":"post-40078","1":"product","2":"type-product","3":"status-publish","4":"has-post-thumbnail","6":"product_cat-dermocosmetique","7":"product_cat-para-pharmacie","9":"first","10":"outofstock","11":"taxable","12":"shipping-taxable","13":"purchasable","14":"product-type-simple"},"acf":[],"_links":{"self":[{"href":"https:\/\/www.pharmacieonline.lu\/de\/wp-json\/wp\/v2\/product\/40078","targetHints":{"allow":["GET"]}}],"collection":[{"href":"https:\/\/www.pharmacieonline.lu\/de\/wp-json\/wp\/v2\/product"}],"about":[{"href":"https:\/\/www.pharmacieonline.lu\/de\/wp-json\/wp\/v2\/types\/product"}],"version-history":[{"count":0,"href":"https:\/\/www.pharmacieonline.lu\/de\/wp-json\/wp\/v2\/product\/40078\/revisions"}],"wp:featuredmedia":[{"embeddable":true,"href":"https:\/\/www.pharmacieonline.lu\/de\/wp-json\/wp\/v2\/media\/40079"}],"wp:attachment":[{"href":"https:\/\/www.pharmacieonline.lu\/de\/wp-json\/wp\/v2\/media?parent=40078"}],"wp:term":[{"taxonomy":"product_brand","embeddable":true,"href":"https:\/\/www.pharmacieonline.lu\/de\/wp-json\/wp\/v2\/product_brand?post=40078"},{"taxonomy":"product_cat","embeddable":true,"href":"https:\/\/www.pharmacieonline.lu\/de\/wp-json\/wp\/v2\/product_cat?post=40078"},{"taxonomy":"product_tag","embeddable":true,"href":"https:\/\/www.pharmacieonline.lu\/de\/wp-json\/wp\/v2\/product_tag?post=40078"}],"curies":[{"name":"wp","href":"https:\/\/api.w.org\/{rel}","templated":true}]}}