{"id":40081,"date":"2023-09-21T13:50:00","date_gmt":"2023-09-21T11:50:00","guid":{"rendered":"https:\/\/www.pharmacieonline.lu\/?post_type=product&#038;p=40081"},"modified":"2026-04-03T05:55:12","modified_gmt":"2026-04-03T03:55:12","slug":"cicamanuka-soin-mains-rep-iaa15-50ml","status":"publish","type":"product","link":"https:\/\/www.pharmacieonline.lu\/de\/produit\/cicamanuka-soin-mains-rep-iaa15-50ml\/","title":{"rendered":"CICAMANUKA SOIN MAINS REP IAA15+ 50ML"},"content":{"rendered":"<p>CICAMANUKA Reparierende Handpflege mit Manuka-Honig IAA15 + 50 ml<\/p>\n<p>Diese Expertenpflege f\u00fcr trockene Haut besteht zu 100 % aus Inhaltsstoffen nat\u00fcrlichen Ursprungs und ist mit IAA15+ Manuka-Honig, Bio-Sheabutter und Bio-Oliven\u00f6l angereichert. Sie wurde speziell entwickelt, um die H\u00e4nde intensiv mit Feuchtigkeit zu versorgen. Es sch\u00fctzt geschw\u00e4chte Bereiche und f\u00f6rdert die Hautreparatur gesch\u00e4digter Haut.<\/p>\n<p>&nbsp;<\/p>\n<p>Nicht bei Kindern unter 3 Jahren anwenden. F\u00fcr den externen Gebrauch reserviert. Den Kontakt mit den Augen vermeiden. Von Hitze fernhalten. Nicht auf besch\u00e4digte Haut auftragen.<\/p>\n<p>&nbsp;<\/p>\n<p>AQUA (WASSER), GLYCERIN, MELISSA OFFICINALIS BLUMEN-\/BLATT-\/STANGSWASSER*, MEL (HONIG), BUTYROSPERMUM PARKII (SHEA) BUTTER*, CETEARYLALKOHOL, GLYCERYLSTEARAT, OCTYLDODECANOL, OLEA EUROPAEA (OLIVE) FRUCHT\u00d6L*, BEHENYLALKOHOL, DICAPRYLYLETHER, NATRIUMLEVULINAT, ORYZA SATIVA (REIS) H\u00dcLSENPULVER, PARFUM (DUFT), NATRIUMCETEARYLSULFAT, NATRIUMANISAT, PRUNUS AMYGDALUS DULCIS (S\u00dcSSE MANDEL)\u00d6L*, XANTHANGUMMI, ZITRONENS\u00c4URE, PHENETHYLALKOHOL, TOCOPHEROL, ALOE BARBADENSIS LE A.F. SAFTPULVER*, BIOSACCHARID GUM-1, GLYCERYL CAPRYLAT. *Zutaten aus biologischem Anbau<\/p>","protected":false},"excerpt":{"rendered":"<p>CICAMANUKA Reparierende Handpflege mit Manuka-Honig IAA15 + 50 ml Diese Expertenpflege f\u00fcr trockene Haut besteht zu 100 % aus Inhaltsstoffen nat\u00fcrlichen Ursprungs und ist mit IAA15+ Manuka-Honig, Bio-Sheabutter und Bio-Oliven\u00f6l angereichert. Sie wurde speziell entwickelt, um die H\u00e4nde intensiv mit Feuchtigkeit zu versorgen. Es sch\u00fctzt geschw\u00e4chte Bereiche und f\u00f6rdert die Hautreparatur gesch\u00e4digter Haut. &nbsp; Nicht [&hellip;]<\/p>\n","protected":false},"featured_media":40082,"template":"","meta":{"_acf_changed":false,"footnotes":""},"product_brand":[],"product_cat":[47,42],"product_tag":[],"class_list":{"0":"post-40081","1":"product","2":"type-product","3":"status-publish","4":"has-post-thumbnail","6":"product_cat-dermocosmetique","7":"product_cat-para-pharmacie","9":"first","10":"instock","11":"taxable","12":"shipping-taxable","13":"purchasable","14":"product-type-simple"},"acf":[],"_links":{"self":[{"href":"https:\/\/www.pharmacieonline.lu\/de\/wp-json\/wp\/v2\/product\/40081","targetHints":{"allow":["GET"]}}],"collection":[{"href":"https:\/\/www.pharmacieonline.lu\/de\/wp-json\/wp\/v2\/product"}],"about":[{"href":"https:\/\/www.pharmacieonline.lu\/de\/wp-json\/wp\/v2\/types\/product"}],"version-history":[{"count":0,"href":"https:\/\/www.pharmacieonline.lu\/de\/wp-json\/wp\/v2\/product\/40081\/revisions"}],"wp:featuredmedia":[{"embeddable":true,"href":"https:\/\/www.pharmacieonline.lu\/de\/wp-json\/wp\/v2\/media\/40082"}],"wp:attachment":[{"href":"https:\/\/www.pharmacieonline.lu\/de\/wp-json\/wp\/v2\/media?parent=40081"}],"wp:term":[{"taxonomy":"product_brand","embeddable":true,"href":"https:\/\/www.pharmacieonline.lu\/de\/wp-json\/wp\/v2\/product_brand?post=40081"},{"taxonomy":"product_cat","embeddable":true,"href":"https:\/\/www.pharmacieonline.lu\/de\/wp-json\/wp\/v2\/product_cat?post=40081"},{"taxonomy":"product_tag","embeddable":true,"href":"https:\/\/www.pharmacieonline.lu\/de\/wp-json\/wp\/v2\/product_tag?post=40081"}],"curies":[{"name":"wp","href":"https:\/\/api.w.org\/{rel}","templated":true}]}}