{"id":40087,"date":"2023-09-21T13:59:28","date_gmt":"2023-09-21T11:59:28","guid":{"rendered":"https:\/\/www.pharmacieonline.lu\/?post_type=product&#038;p=40087"},"modified":"2026-04-03T07:55:11","modified_gmt":"2026-04-03T05:55:11","slug":"cicamanuka-creme-reparatrice-iaa10-40ml","status":"publish","type":"product","link":"https:\/\/www.pharmacieonline.lu\/de\/produit\/cicamanuka-creme-reparatrice-iaa10-40ml\/","title":{"rendered":"CICAMANUKA CREME REPARATRICE IAA10+ 40ML"},"content":{"rendered":"<p>Reparaturcreme mit Manuka-Honig IAA10 + Bio von CicaManuka, ideal zur Reparatur kleiner Hautver\u00e4nderungen (Kratzer, Verbrennungen, Ekzeme) und zur Reparatur trockener Haut.<\/p>\n<p>Manuka-Honig ist f\u00fcr seine antibakteriellen Eigenschaften bekannt. Als Creme verwendet, hilft es bei der Heilung und Sanierung von Wunden und allen Arten von Hautproblemen.<\/p>\n<p>Diese restaurative Creme besteht vollst\u00e4ndig aus nat\u00fcrlichen Produkten und enth\u00e4lt insbesondere 40 % iAA10+ Manukahonig, der aufgrund seiner Reinheit ausgew\u00e4hlt wurde.<\/p>\n<p>Es ist sehr effektiv f\u00fcr:<br \/>\nStellen Sie sehr trockene, rissige Haut und Lippen wieder her.<br \/>\nHelfen Sie dabei, gesch\u00e4digte Haut zu reparieren<br \/>\nErleichtert die Heilung von Wunden, Sch\u00fcrfwunden und leichten Verbrennungen<br \/>\nLindert Insektenstiche und Sonnenbrand<br \/>\nBefeuchten Sie ekzemat\u00f6se Haut.<\/p>\n<p>Eigenschaften<br \/>\nReparaturcreme f\u00fcr trockene Haut.<\/p>\n<p>Anweisungen<br \/>\nSo oft wie n\u00f6tig anwenden.<\/p>","protected":false},"excerpt":{"rendered":"<p>Reparaturcreme mit Manuka-Honig IAA10 + Bio von CicaManuka, ideal zur Reparatur kleiner Hautver\u00e4nderungen (Kratzer, Verbrennungen, Ekzeme) und zur Reparatur trockener Haut. Manuka-Honig ist f\u00fcr seine antibakteriellen Eigenschaften bekannt. Als Creme verwendet, hilft es bei der Heilung und Sanierung von Wunden und allen Arten von Hautproblemen. Diese restaurative Creme besteht vollst\u00e4ndig aus nat\u00fcrlichen Produkten und enth\u00e4lt [&hellip;]<\/p>\n","protected":false},"featured_media":40088,"template":"","meta":{"_acf_changed":false,"footnotes":""},"product_brand":[],"product_cat":[47,42],"product_tag":[],"class_list":{"0":"post-40087","1":"product","2":"type-product","3":"status-publish","4":"has-post-thumbnail","6":"product_cat-dermocosmetique","7":"product_cat-para-pharmacie","9":"first","10":"instock","11":"taxable","12":"shipping-taxable","13":"purchasable","14":"product-type-simple"},"acf":[],"_links":{"self":[{"href":"https:\/\/www.pharmacieonline.lu\/de\/wp-json\/wp\/v2\/product\/40087","targetHints":{"allow":["GET"]}}],"collection":[{"href":"https:\/\/www.pharmacieonline.lu\/de\/wp-json\/wp\/v2\/product"}],"about":[{"href":"https:\/\/www.pharmacieonline.lu\/de\/wp-json\/wp\/v2\/types\/product"}],"version-history":[{"count":0,"href":"https:\/\/www.pharmacieonline.lu\/de\/wp-json\/wp\/v2\/product\/40087\/revisions"}],"wp:featuredmedia":[{"embeddable":true,"href":"https:\/\/www.pharmacieonline.lu\/de\/wp-json\/wp\/v2\/media\/40088"}],"wp:attachment":[{"href":"https:\/\/www.pharmacieonline.lu\/de\/wp-json\/wp\/v2\/media?parent=40087"}],"wp:term":[{"taxonomy":"product_brand","embeddable":true,"href":"https:\/\/www.pharmacieonline.lu\/de\/wp-json\/wp\/v2\/product_brand?post=40087"},{"taxonomy":"product_cat","embeddable":true,"href":"https:\/\/www.pharmacieonline.lu\/de\/wp-json\/wp\/v2\/product_cat?post=40087"},{"taxonomy":"product_tag","embeddable":true,"href":"https:\/\/www.pharmacieonline.lu\/de\/wp-json\/wp\/v2\/product_tag?post=40087"}],"curies":[{"name":"wp","href":"https:\/\/api.w.org\/{rel}","templated":true}]}}