{"id":40093,"date":"2023-09-21T14:58:51","date_gmt":"2023-09-21T12:58:51","guid":{"rendered":"https:\/\/www.pharmacieonline.lu\/?post_type=product&#038;p=40093"},"modified":"2026-04-11T04:55:16","modified_gmt":"2026-04-11T02:55:16","slug":"zinc-ixx-120-tabs","status":"publish","type":"product","link":"https:\/\/www.pharmacieonline.lu\/de\/produit\/zinc-ixx-120-tabs\/","title":{"rendered":"ZINC IXX 120 TABS"},"content":{"rendered":"<p>Eigenschaften :<br \/>\nNahrungserg\u00e4nzungsmittel auf Zinkbasis<br \/>\nZinc-ixX enth\u00e4lt 22,5 mg elementares Zink (225 % RA) in Form von hoch resorbierbarem Zinkcitrat.<br \/>\nUnter anderem zur Unterst\u00fctzung der Immunit\u00e4t<\/p>\n<p>Anwendungstipps:<br \/>\n1 Tablette pro Tag zu einer Mahlzeit, ohne TiO2<\/p>\n<p>Vorsichtsma\u00dfnahmen f\u00fcr die Verwendung:<br \/>\nZinc-ixx ist ein in der Apotheke erh\u00e4ltliches Nahrungserg\u00e4nzungsmittel.<br \/>\nEs kann einen gesunden Lebensstil und eine abwechslungsreiche und ausgewogene Ern\u00e4hrung nicht ersetzen.<br \/>\nNehmen Sie nicht mehr als die auf der Packung angegebene empfohlene Tagesdosis ein.<br \/>\nAu\u00dferhalb der Reichweite von Kindern aufbewahren.<\/p>\n<p>Pr\u00e4sentation :<br \/>\n120 Tabletten<\/p>","protected":false},"excerpt":{"rendered":"<p>Eigenschaften : Nahrungserg\u00e4nzungsmittel auf Zinkbasis Zinc-ixX enth\u00e4lt 22,5 mg elementares Zink (225 % RA) in Form von hoch resorbierbarem Zinkcitrat. Unter anderem zur Unterst\u00fctzung der Immunit\u00e4t Anwendungstipps: 1 Tablette pro Tag zu einer Mahlzeit, ohne TiO2 Vorsichtsma\u00dfnahmen f\u00fcr die Verwendung: Zinc-ixx ist ein in der Apotheke erh\u00e4ltliches Nahrungserg\u00e4nzungsmittel. Es kann einen gesunden Lebensstil und eine [&hellip;]<\/p>\n","protected":false},"featured_media":40101,"template":"","meta":{"_acf_changed":false,"footnotes":""},"product_brand":[],"product_cat":[42,953],"product_tag":[],"class_list":{"0":"post-40093","1":"product","2":"type-product","3":"status-publish","4":"has-post-thumbnail","6":"product_cat-para-pharmacie","7":"product_cat-complements-alimentaires","9":"first","10":"outofstock","11":"taxable","12":"shipping-taxable","13":"purchasable","14":"product-type-simple"},"acf":[],"_links":{"self":[{"href":"https:\/\/www.pharmacieonline.lu\/de\/wp-json\/wp\/v2\/product\/40093","targetHints":{"allow":["GET"]}}],"collection":[{"href":"https:\/\/www.pharmacieonline.lu\/de\/wp-json\/wp\/v2\/product"}],"about":[{"href":"https:\/\/www.pharmacieonline.lu\/de\/wp-json\/wp\/v2\/types\/product"}],"version-history":[{"count":0,"href":"https:\/\/www.pharmacieonline.lu\/de\/wp-json\/wp\/v2\/product\/40093\/revisions"}],"wp:featuredmedia":[{"embeddable":true,"href":"https:\/\/www.pharmacieonline.lu\/de\/wp-json\/wp\/v2\/media\/40101"}],"wp:attachment":[{"href":"https:\/\/www.pharmacieonline.lu\/de\/wp-json\/wp\/v2\/media?parent=40093"}],"wp:term":[{"taxonomy":"product_brand","embeddable":true,"href":"https:\/\/www.pharmacieonline.lu\/de\/wp-json\/wp\/v2\/product_brand?post=40093"},{"taxonomy":"product_cat","embeddable":true,"href":"https:\/\/www.pharmacieonline.lu\/de\/wp-json\/wp\/v2\/product_cat?post=40093"},{"taxonomy":"product_tag","embeddable":true,"href":"https:\/\/www.pharmacieonline.lu\/de\/wp-json\/wp\/v2\/product_tag?post=40093"}],"curies":[{"name":"wp","href":"https:\/\/api.w.org\/{rel}","templated":true}]}}