{"id":40102,"date":"2023-09-21T15:07:42","date_gmt":"2023-09-21T13:07:42","guid":{"rendered":"https:\/\/www.pharmacieonline.lu\/?post_type=product&#038;p=40102"},"modified":"2026-04-10T23:55:13","modified_gmt":"2026-04-10T21:55:13","slug":"zinc-ni-co-oligosol-28-amp-buv-2-ml","status":"publish","type":"product","link":"https:\/\/www.pharmacieonline.lu\/de\/produit\/zinc-ni-co-oligosol-28-amp-buv-2-ml\/","title":{"rendered":"ZINC NI CO OLIGOSOL 28 AMP BUV 2 ML"},"content":{"rendered":"<p>Oligosol Zink-Nickel-Kobalt ist ein Arzneimittel, das zur Familie der Spurenelemente geh\u00f6rt. Es wird bei Erwachsenen verwendet, um im Falle einer Di\u00e4t zur Gewichtsreduktion die Spurenelemente des menschlichen K\u00f6rpers wieder ins Gleichgewicht zu bringen.<\/p>\n<p>&nbsp;<\/p>\n<p>F\u00fcr Erwachsene reserviert<\/p>\n<p>Zink-Nickel-Kobalt (Symbol: \u201eZn-Ni-Co\u201c)<br \/>\nTherapeutische Eigenschaften und Indikationen:<br \/>\nZn-Ni-Co kann als Gel\u00e4ndemodifikator verabreicht werden in:<br \/>\nJegliche glyk\u00e4mische Dysregulation (innerhalb der Grenzen, in denen keine irreversible Sch\u00e4digung der Langerhans-Inseln vorliegt)<br \/>\nDie funktionellen Merkmale dieser St\u00f6rungen f\u00fchren zu Asthenie au\u00dferhalb der Mahlzeiten mit Hei\u00dfhungergef\u00fchl und vor\u00fcbergehender Hypoglyk\u00e4mie.<\/p>\n<p>Zusammensetzung von Oligosol Zink-Nickel-Kobalt<\/p>\n<p>f\u00fcr 1 Ampulle \u00e0 2 ml<\/p>\n<p>Zinkgluconat 0,470 mg, Nickelgluconat 0,555 mg, Kobaltgluconat 0,553 mg<\/p>\n<p>Hilfsstoffe: Glukose und gereinigtes Wasser<\/p>\n<p>Hilfsstoff mit bemerkenswerter Wirkung: Glucose<\/p>\n<p>Tipps zur Verwendung von Oligosol Zink-Nickel-Kobalt<\/p>\n<p>2 bis 3 Ampullen pro Tag. Die Ampullen sind einzunehmen:<\/p>\n<p>Am besten morgens auf n\u00fcchternen Magen,<br \/>\nEventuell 15 Minuten vor dem Essen oder abends vor dem Schlafengehen.<\/p>\n<p>Lassen Sie den Inhalt der Ampulle vor dem Schlucken 1 bis 2 Minuten unter der Zunge.<\/p>\n<p>Kontraindikation von Oligosol Zink-Nickel-Kobalt<\/p>\n<p>Vorgeschichte einer Allergie gegen einen der Bestandteile der L\u00f6sung<\/p>\n<p>Vorsichtsma\u00dfnahmen f\u00fcr die Verwendung mit Oligosol Zink-Nickel-Kobalt<\/p>\n<p>Die Anwendung dieses Medikaments wird bei Patienten mit Glucose-Galactose-Malabsorptionssyndrom nicht empfohlen.<\/p>\n<p>Oralem Weg<\/p>\n<p>Verpackung von Oligosol Zink-Nickel-Kobalt<\/p>\n<p>Schachtel mit 28 Ampullen \u00e0 2 ml<\/p>\n<p>Warnungen vor Medikamenten<\/p>\n<p>Bitte beachten Sie, dass das Oligosol Zink-Nickel-Kobalt-Medikament kein Produkt wie jedes andere ist. Lesen Sie die Packungsbeilage des Oligosol Zink-Nickel-Kobalt-Medikaments sorgf\u00e4ltig durch, bevor Sie es bestellen. Bewahren Sie Arzneimittel nicht in der Reichweite von Kindern auf. Wenn die Symptome anhalten, suchen Sie den Rat Ihres Arztes oder Apothekers ein. Achten Sie auf Inkompatibilit\u00e4ten bei Ihren aktuellen Produkten.<\/p>\n<p>Bitte informieren Sie Ihren Online-Apotheker \u00fcber aktuelle Behandlungen, um m\u00f6gliche Unvertr\u00e4glichkeiten festzustellen. Das Bestellbest\u00e4tigungsformular enth\u00e4lt zu diesem Zweck ein personalisiertes Nachrichtenfeld.<\/p>","protected":false},"excerpt":{"rendered":"<p>Oligosol Zink-Nickel-Kobalt ist ein Arzneimittel, das zur Familie der Spurenelemente geh\u00f6rt. Es wird bei Erwachsenen verwendet, um im Falle einer Di\u00e4t zur Gewichtsreduktion die Spurenelemente des menschlichen K\u00f6rpers wieder ins Gleichgewicht zu bringen. &nbsp; F\u00fcr Erwachsene reserviert Zink-Nickel-Kobalt (Symbol: \u201eZn-Ni-Co\u201c) Therapeutische Eigenschaften und Indikationen: Zn-Ni-Co kann als Gel\u00e4ndemodifikator verabreicht werden in: Jegliche glyk\u00e4mische Dysregulation (innerhalb [&hellip;]<\/p>\n","protected":false},"featured_media":40103,"template":"","meta":{"_acf_changed":false,"footnotes":""},"product_brand":[],"product_cat":[42,953],"product_tag":[],"class_list":{"0":"post-40102","1":"product","2":"type-product","3":"status-publish","4":"has-post-thumbnail","6":"product_cat-para-pharmacie","7":"product_cat-complements-alimentaires","9":"first","10":"instock","11":"taxable","12":"shipping-taxable","13":"purchasable","14":"product-type-simple"},"acf":[],"_links":{"self":[{"href":"https:\/\/www.pharmacieonline.lu\/de\/wp-json\/wp\/v2\/product\/40102","targetHints":{"allow":["GET"]}}],"collection":[{"href":"https:\/\/www.pharmacieonline.lu\/de\/wp-json\/wp\/v2\/product"}],"about":[{"href":"https:\/\/www.pharmacieonline.lu\/de\/wp-json\/wp\/v2\/types\/product"}],"version-history":[{"count":0,"href":"https:\/\/www.pharmacieonline.lu\/de\/wp-json\/wp\/v2\/product\/40102\/revisions"}],"wp:featuredmedia":[{"embeddable":true,"href":"https:\/\/www.pharmacieonline.lu\/de\/wp-json\/wp\/v2\/media\/40103"}],"wp:attachment":[{"href":"https:\/\/www.pharmacieonline.lu\/de\/wp-json\/wp\/v2\/media?parent=40102"}],"wp:term":[{"taxonomy":"product_brand","embeddable":true,"href":"https:\/\/www.pharmacieonline.lu\/de\/wp-json\/wp\/v2\/product_brand?post=40102"},{"taxonomy":"product_cat","embeddable":true,"href":"https:\/\/www.pharmacieonline.lu\/de\/wp-json\/wp\/v2\/product_cat?post=40102"},{"taxonomy":"product_tag","embeddable":true,"href":"https:\/\/www.pharmacieonline.lu\/de\/wp-json\/wp\/v2\/product_tag?post=40102"}],"curies":[{"name":"wp","href":"https:\/\/api.w.org\/{rel}","templated":true}]}}