{"id":40110,"date":"2023-09-21T15:18:20","date_gmt":"2023-09-21T13:18:20","guid":{"rendered":"https:\/\/www.pharmacieonline.lu\/?post_type=product&#038;p=40110"},"modified":"2026-04-14T01:55:14","modified_gmt":"2026-04-13T23:55:14","slug":"zincodyn-56-cpr","status":"publish","type":"product","link":"https:\/\/www.pharmacieonline.lu\/de\/produit\/zincodyn-56-cpr\/","title":{"rendered":"ZINCODYN 56 CPR"},"content":{"rendered":"<p>Die verwendete Zinkform ist Zinkbisglycinat. Diese Form wird vom K\u00f6rper gut aufgenommen. ZincoDyn\u00ae enth\u00e4lt au\u00dferdem Vitamin B6, das eine synergistische Wirkung hat.<\/p>\n<p>ZincoDyn\u00ae enth\u00e4lt Zink, das zur normalen Erhaltung von N\u00e4geln, Haaren, Haut und Knochen beitr\u00e4gt. Es tr\u00e4gt auch zur Aufrechterhaltung einer guten kognitiven Funktion sowie einer normalen Fruchtbarkeit und Fortpflanzung bei. Zink tr\u00e4gt au\u00dferdem zu einer normalen Funktion des Immunsystems und zum Schutz der Zellen vor oxidativem Stress bei.<\/p>\n<p>Glutenfrei<br \/>\nGeeignet w\u00e4hrend der Schwangerschaft<br \/>\nZum Stillen geeignet<br \/>\nSojafrei<br \/>\nLaktosefrei<br \/>\nGeeignet f\u00fcr Vegetarier<br \/>\nF\u00fcr Veganer geeignet<\/p>\n<p>Arbeit<\/p>\n<p>Empfohlene Tagesdosis<br \/>\n1 Tablette pro Tag.<\/p>\n<p>Zutaten<\/p>\n<p>F\u00fcllstoffe: mikrokristalline Cellulose, Zinkbisglycinat, Hydroxypropylcellulose, Trennmittel: Siliciumdioxid, Magnesiumstearat, Pyridoxal-5-phosphat.<\/p>\n<p>Zusammensetzung pro Tagesdosis einer Tablette<\/p>\n<p>% AR*<\/p>\n<p>Vitamin B6 (Pyridoxal-5-phosphat)<br \/>\n0,5 mg 35,7 %*<br \/>\nZinkbisglycinat 74 mg<\/p>\n<p>\u2013 einschlie\u00dflich Zink 22,5 mg 225 %<\/p>\n<p>* AR = Referenzaufnahme<\/p>\n<p>Warnung<\/p>\n<p>Ein Nahrungserg\u00e4nzungsmittel ersetzt weder eine abwechslungsreiche und ausgewogene Ern\u00e4hrung noch eine gesunde Lebensweise.<br \/>\nK\u00fchl und trocken lagern.<br \/>\nAu\u00dferhalb der Reichweite von Kindern aufbewahren.<br \/>\n\u00dcberschreiten Sie nicht die empfohlene Dosis.<br \/>\nNicht empfohlen f\u00fcr Kinder bis einschlie\u00dflich 3 Jahre.<br \/>\nDie Einnahme dieses Produkts sollte auf einige Wochen\/Monate begrenzt werden.<\/p>","protected":false},"excerpt":{"rendered":"<p>Die verwendete Zinkform ist Zinkbisglycinat. Diese Form wird vom K\u00f6rper gut aufgenommen. ZincoDyn\u00ae enth\u00e4lt au\u00dferdem Vitamin B6, das eine synergistische Wirkung hat. ZincoDyn\u00ae enth\u00e4lt Zink, das zur normalen Erhaltung von N\u00e4geln, Haaren, Haut und Knochen beitr\u00e4gt. Es tr\u00e4gt auch zur Aufrechterhaltung einer guten kognitiven Funktion sowie einer normalen Fruchtbarkeit und Fortpflanzung bei. Zink tr\u00e4gt au\u00dferdem [&hellip;]<\/p>\n","protected":false},"featured_media":46591,"template":"","meta":{"_acf_changed":false,"footnotes":""},"product_brand":[],"product_cat":[42,953],"product_tag":[],"class_list":{"0":"post-40110","1":"product","2":"type-product","3":"status-publish","4":"has-post-thumbnail","6":"product_cat-para-pharmacie","7":"product_cat-complements-alimentaires","9":"first","10":"instock","11":"taxable","12":"shipping-taxable","13":"purchasable","14":"product-type-simple"},"acf":[],"_links":{"self":[{"href":"https:\/\/www.pharmacieonline.lu\/de\/wp-json\/wp\/v2\/product\/40110","targetHints":{"allow":["GET"]}}],"collection":[{"href":"https:\/\/www.pharmacieonline.lu\/de\/wp-json\/wp\/v2\/product"}],"about":[{"href":"https:\/\/www.pharmacieonline.lu\/de\/wp-json\/wp\/v2\/types\/product"}],"version-history":[{"count":0,"href":"https:\/\/www.pharmacieonline.lu\/de\/wp-json\/wp\/v2\/product\/40110\/revisions"}],"wp:featuredmedia":[{"embeddable":true,"href":"https:\/\/www.pharmacieonline.lu\/de\/wp-json\/wp\/v2\/media\/46591"}],"wp:attachment":[{"href":"https:\/\/www.pharmacieonline.lu\/de\/wp-json\/wp\/v2\/media?parent=40110"}],"wp:term":[{"taxonomy":"product_brand","embeddable":true,"href":"https:\/\/www.pharmacieonline.lu\/de\/wp-json\/wp\/v2\/product_brand?post=40110"},{"taxonomy":"product_cat","embeddable":true,"href":"https:\/\/www.pharmacieonline.lu\/de\/wp-json\/wp\/v2\/product_cat?post=40110"},{"taxonomy":"product_tag","embeddable":true,"href":"https:\/\/www.pharmacieonline.lu\/de\/wp-json\/wp\/v2\/product_tag?post=40110"}],"curies":[{"name":"wp","href":"https:\/\/api.w.org\/{rel}","templated":true}]}}