{"id":40127,"date":"2023-09-21T15:51:11","date_gmt":"2023-09-21T13:51:11","guid":{"rendered":"https:\/\/www.pharmacieonline.lu\/?post_type=product&#038;p=40127"},"modified":"2026-04-10T23:55:12","modified_gmt":"2026-04-10T21:55:12","slug":"zincotabs-60","status":"publish","type":"product","link":"https:\/\/www.pharmacieonline.lu\/de\/produit\/zincotabs-60\/","title":{"rendered":"ZINCOTABS 60"},"content":{"rendered":"<p>Zincotabs\u00ae wurde zur Behandlung von Zinkmangel entwickelt. Zincotabs\u00ae unterst\u00fctzt das Immunsystem und st\u00e4rkt die nat\u00fcrlichen Abwehrkr\u00e4fte.<\/p>\n<p>Indikation<\/p>\n<p>Tr\u00e4gt zur Funktion des Immunsystems bei*<\/p>\n<p>*Zink tr\u00e4gt zur normalen Funktion des Immunsystems bei.<\/p>\n<p>Verwenden<\/p>\n<p>1 Tablette pro Tag, vorzugsweise zwischen zwei Mahlzeiten.<\/p>\n<p>Vorsichtsma\u00dfnahmen f\u00fcr die Verwendung:<\/p>\n<p>Eine ballaststoffreiche Ern\u00e4hrung (Vollkornbrot, Weizenk\u00f6rner etc.) und gro\u00dfe Mengen Eisen als Nahrungserg\u00e4nzung (mehr als 25 mg pro Tag) k\u00f6nnen die Zinkaufnahme verringern.<br \/>\nZincotabs\u00ae enth\u00e4lt keine weiteren Vitamine oder Mineralien, die st\u00f6rend wirken k\u00f6nnten.<br \/>\nEs wird empfohlen, diese Substanzen nicht gleichzeitig mit Zincotabs\u00ae einzunehmen und die Einnahme \u00fcber den Tag verteilt zu verteilen.<br \/>\n\u00dcberschreiten Sie nicht die empfohlene Tagesdosis.<br \/>\nKann weder eine ausgewogene und abwechslungsreiche Ern\u00e4hrung noch einen gesunden Lebensstil ersetzen.<br \/>\nAu\u00dferhalb der Reichweite von kleinen Kindern aufbewahren.<br \/>\nDer Verbrauch sollte auf einige Wochen\/Monate begrenzt werden.<\/p>\n<p>Eigenschaften<\/p>\n<p>Produktmerkmale:<\/p>\n<p>Zincotabs\u00ae wurde entwickelt, um Zinkmangel zu beheben. Jede Tablette enth\u00e4lt 22,5 mg Zink in Form von Zinkgluconat, wodurch eine sehr gute Aufnahme gew\u00e4hrleistet ist.<\/p>\n<p>Komposition<\/p>\n<p>Zinkgluconat (22,5 mg), F\u00fcllstoff (Laktose (Milch), Maisst\u00e4rke), Trennmittel (mikrokristalline Cellulose, Talkum, Magnesiumstearat), Geliermittel (Polyvinylpyrrolidon). Enth\u00e4lt Spuren von Schwefeldioxid.<\/p>\n<p>Wirksame Bestandteile:<\/p>\n<p>Zink spielt bei vielen biochemischen Reaktionen im K\u00f6rper eine Rolle.<br \/>\nZink tr\u00e4gt zu einer normalen Funktion des Immunsystems bei.<br \/>\nEs spielt eine Rolle im Prozess der Zellteilung und tr\u00e4gt zur normalen Synthese von DNA und Proteinen bei.<br \/>\nDank seiner antioxidativen Wirkung tr\u00e4gt es dazu bei, die Zellen vor oxidativem Stress zu sch\u00fctzen.<br \/>\nZink tr\u00e4gt zum normalen Stoffwechsel von Fetts\u00e4uren bei.<\/p>","protected":false},"excerpt":{"rendered":"<p>Zincotabs\u00ae wurde zur Behandlung von Zinkmangel entwickelt. Zincotabs\u00ae unterst\u00fctzt das Immunsystem und st\u00e4rkt die nat\u00fcrlichen Abwehrkr\u00e4fte. Indikation Tr\u00e4gt zur Funktion des Immunsystems bei* *Zink tr\u00e4gt zur normalen Funktion des Immunsystems bei. Verwenden 1 Tablette pro Tag, vorzugsweise zwischen zwei Mahlzeiten. Vorsichtsma\u00dfnahmen f\u00fcr die Verwendung: Eine ballaststoffreiche Ern\u00e4hrung (Vollkornbrot, Weizenk\u00f6rner etc.) und gro\u00dfe Mengen Eisen als [&hellip;]<\/p>\n","protected":false},"featured_media":40129,"template":"","meta":{"_acf_changed":false,"footnotes":""},"product_brand":[],"product_cat":[42,953],"product_tag":[],"class_list":{"0":"post-40127","1":"product","2":"type-product","3":"status-publish","4":"has-post-thumbnail","6":"product_cat-para-pharmacie","7":"product_cat-complements-alimentaires","9":"first","10":"instock","11":"taxable","12":"shipping-taxable","13":"purchasable","14":"product-type-simple"},"acf":[],"_links":{"self":[{"href":"https:\/\/www.pharmacieonline.lu\/de\/wp-json\/wp\/v2\/product\/40127","targetHints":{"allow":["GET"]}}],"collection":[{"href":"https:\/\/www.pharmacieonline.lu\/de\/wp-json\/wp\/v2\/product"}],"about":[{"href":"https:\/\/www.pharmacieonline.lu\/de\/wp-json\/wp\/v2\/types\/product"}],"version-history":[{"count":0,"href":"https:\/\/www.pharmacieonline.lu\/de\/wp-json\/wp\/v2\/product\/40127\/revisions"}],"wp:featuredmedia":[{"embeddable":true,"href":"https:\/\/www.pharmacieonline.lu\/de\/wp-json\/wp\/v2\/media\/40129"}],"wp:attachment":[{"href":"https:\/\/www.pharmacieonline.lu\/de\/wp-json\/wp\/v2\/media?parent=40127"}],"wp:term":[{"taxonomy":"product_brand","embeddable":true,"href":"https:\/\/www.pharmacieonline.lu\/de\/wp-json\/wp\/v2\/product_brand?post=40127"},{"taxonomy":"product_cat","embeddable":true,"href":"https:\/\/www.pharmacieonline.lu\/de\/wp-json\/wp\/v2\/product_cat?post=40127"},{"taxonomy":"product_tag","embeddable":true,"href":"https:\/\/www.pharmacieonline.lu\/de\/wp-json\/wp\/v2\/product_tag?post=40127"}],"curies":[{"name":"wp","href":"https:\/\/api.w.org\/{rel}","templated":true}]}}