{"id":40143,"date":"2023-09-21T17:21:24","date_gmt":"2023-09-21T15:21:24","guid":{"rendered":"https:\/\/www.pharmacieonline.lu\/?post_type=product&#038;p=40143"},"modified":"2026-04-16T14:25:20","modified_gmt":"2026-04-16T12:25:20","slug":"xailin-ha-02-10-ml","status":"publish","type":"product","link":"https:\/\/www.pharmacieonline.lu\/de\/produit\/xailin-ha-02-10-ml\/","title":{"rendered":"XAILIN HA 0,2% 10 ML"},"content":{"rendered":"<p>INDIKATION<\/p>\n<p>Xailin HA ist ein mehrfach dosierter, befeuchtender Augentropfen zur Linderung der Symptome mittelschwerer bis schwerer trockener Augen. Die Flasche enth\u00e4lt 10 ml sterile isotonische Augentropfen.<\/p>\n<p>VERWENDEN<\/p>\n<p>Waschen und trocknen Sie Ihre H\u00e4nde vor der Anwendung gr\u00fcndlich.<br \/>\nNeigen Sie Ihren Kopf nach hinten und schauen Sie nach oben.<br \/>\nZiehen Sie das untere Augenlid vorsichtig nach unten, um einen kleinen Raum zwischen Auge und Augenlid freizugeben.<br \/>\nHalten Sie die Flasche zwischen Daumen und Mittelfinger der anderen Hand und \u00fcben Sie mit dem Zeigefinger m\u00e4\u00dfigen Druck auf den Boden der Augentropfenflasche aus, um einen Tropfen Xailin HA in die kleine offene Stelle zu tr\u00e4ufeln.<br \/>\nBlinzeln Sie mehrmals mit den Augen.<br \/>\nWischen Sie \u00fcbersch\u00fcssiges Xailin HA rund um das Augenlid vorsichtig mit einem Taschentuch ab.<br \/>\nWarten Sie mindestens 30 Minuten, bevor Sie sich andere Augenmedikamente verabreichen.<\/p>\n<p>KOMPOSITION<\/p>\n<p>Natriumhyaluronat 0,2 % w\/v, Natriumperborat in gepufferter w\u00e4ssriger L\u00f6sung.<\/p>","protected":false},"excerpt":{"rendered":"<p>INDIKATION Xailin HA ist ein mehrfach dosierter, befeuchtender Augentropfen zur Linderung der Symptome mittelschwerer bis schwerer trockener Augen. Die Flasche enth\u00e4lt 10 ml sterile isotonische Augentropfen. VERWENDEN Waschen und trocknen Sie Ihre H\u00e4nde vor der Anwendung gr\u00fcndlich. Neigen Sie Ihren Kopf nach hinten und schauen Sie nach oben. Ziehen Sie das untere Augenlid vorsichtig nach [&hellip;]<\/p>\n","protected":false},"featured_media":40154,"template":"","meta":{"_acf_changed":false,"footnotes":""},"product_brand":[],"product_cat":[43,90],"product_tag":[],"class_list":{"0":"post-40143","1":"product","2":"type-product","3":"status-publish","4":"has-post-thumbnail","6":"product_cat-medicaments-en-vente-libre","7":"product_cat-yeux","9":"first","10":"instock","11":"taxable","12":"shipping-taxable","13":"purchasable","14":"product-type-simple"},"acf":[],"_links":{"self":[{"href":"https:\/\/www.pharmacieonline.lu\/de\/wp-json\/wp\/v2\/product\/40143","targetHints":{"allow":["GET"]}}],"collection":[{"href":"https:\/\/www.pharmacieonline.lu\/de\/wp-json\/wp\/v2\/product"}],"about":[{"href":"https:\/\/www.pharmacieonline.lu\/de\/wp-json\/wp\/v2\/types\/product"}],"version-history":[{"count":0,"href":"https:\/\/www.pharmacieonline.lu\/de\/wp-json\/wp\/v2\/product\/40143\/revisions"}],"wp:featuredmedia":[{"embeddable":true,"href":"https:\/\/www.pharmacieonline.lu\/de\/wp-json\/wp\/v2\/media\/40154"}],"wp:attachment":[{"href":"https:\/\/www.pharmacieonline.lu\/de\/wp-json\/wp\/v2\/media?parent=40143"}],"wp:term":[{"taxonomy":"product_brand","embeddable":true,"href":"https:\/\/www.pharmacieonline.lu\/de\/wp-json\/wp\/v2\/product_brand?post=40143"},{"taxonomy":"product_cat","embeddable":true,"href":"https:\/\/www.pharmacieonline.lu\/de\/wp-json\/wp\/v2\/product_cat?post=40143"},{"taxonomy":"product_tag","embeddable":true,"href":"https:\/\/www.pharmacieonline.lu\/de\/wp-json\/wp\/v2\/product_tag?post=40143"}],"curies":[{"name":"wp","href":"https:\/\/api.w.org\/{rel}","templated":true}]}}