{"id":40156,"date":"2023-09-21T17:27:44","date_gmt":"2023-09-21T15:27:44","guid":{"rendered":"https:\/\/www.pharmacieonline.lu\/?post_type=product&#038;p=40156"},"modified":"2026-04-14T02:25:15","modified_gmt":"2026-04-14T00:25:15","slug":"xailin-wash-205-ml","status":"publish","type":"product","link":"https:\/\/www.pharmacieonline.lu\/de\/produit\/xailin-wash-205-ml\/","title":{"rendered":"XAILIN WASH 20*5 ML"},"content":{"rendered":"<p>INDIKATION<\/p>\n<p>Angezeigt f\u00fcr die t\u00e4gliche und postoperative Augenhygiene.<\/p>\n<p>VERWENDEN<\/p>\n<p>2 bis 8 Augensp\u00fclungen pro Tag.<\/p>\n<p>Stellen Sie vorher sicher, dass das Einzeldosisbeh\u00e4ltnis nicht bereits verwendet oder besch\u00e4digt wurde.<br \/>\nL\u00f6sen Sie dann eine Einzeldosis von seinem Rosenkranz und \u00f6ffnen Sie ihn durch Drehen des oberen Teils.<br \/>\nDas Waschen erfolgt direkt per Strahl durch leichten Druck auf die Flasche. Es wird empfohlen, das untere Augenlid nach unten zu ziehen, nach oben zu schauen, dann das obere Augenlid nach oben zu ziehen und nach unten zu schauen, um die L\u00f6sung gleichm\u00e4\u00dfig \u00fcber die gesamte Augenoberfl\u00e4che zu verteilen, Fremdk\u00f6rper zu entfernen, die das Auge reizen, und das Volumen des Tr\u00e4nenfilms zu erh\u00f6hen und das Gewebe mit Feuchtigkeit versorgen.<\/p>\n<p>KOMPOSITION<\/p>\n<p>Natriumchlorid, Bors\u00e4ure, Natriumborat, Wasser mit Rosengeschmack, gereinigtes Wasser qsp 5 ml<\/p>","protected":false},"excerpt":{"rendered":"<p>INDIKATION Angezeigt f\u00fcr die t\u00e4gliche und postoperative Augenhygiene. VERWENDEN 2 bis 8 Augensp\u00fclungen pro Tag. Stellen Sie vorher sicher, dass das Einzeldosisbeh\u00e4ltnis nicht bereits verwendet oder besch\u00e4digt wurde. L\u00f6sen Sie dann eine Einzeldosis von seinem Rosenkranz und \u00f6ffnen Sie ihn durch Drehen des oberen Teils. Das Waschen erfolgt direkt per Strahl durch leichten Druck auf [&hellip;]<\/p>\n","protected":false},"featured_media":40157,"template":"","meta":{"_acf_changed":false,"footnotes":""},"product_brand":[],"product_cat":[43,90],"product_tag":[],"class_list":{"0":"post-40156","1":"product","2":"type-product","3":"status-publish","4":"has-post-thumbnail","6":"product_cat-medicaments-en-vente-libre","7":"product_cat-yeux","9":"first","10":"outofstock","11":"taxable","12":"shipping-taxable","13":"purchasable","14":"product-type-simple"},"acf":[],"_links":{"self":[{"href":"https:\/\/www.pharmacieonline.lu\/de\/wp-json\/wp\/v2\/product\/40156","targetHints":{"allow":["GET"]}}],"collection":[{"href":"https:\/\/www.pharmacieonline.lu\/de\/wp-json\/wp\/v2\/product"}],"about":[{"href":"https:\/\/www.pharmacieonline.lu\/de\/wp-json\/wp\/v2\/types\/product"}],"version-history":[{"count":0,"href":"https:\/\/www.pharmacieonline.lu\/de\/wp-json\/wp\/v2\/product\/40156\/revisions"}],"wp:featuredmedia":[{"embeddable":true,"href":"https:\/\/www.pharmacieonline.lu\/de\/wp-json\/wp\/v2\/media\/40157"}],"wp:attachment":[{"href":"https:\/\/www.pharmacieonline.lu\/de\/wp-json\/wp\/v2\/media?parent=40156"}],"wp:term":[{"taxonomy":"product_brand","embeddable":true,"href":"https:\/\/www.pharmacieonline.lu\/de\/wp-json\/wp\/v2\/product_brand?post=40156"},{"taxonomy":"product_cat","embeddable":true,"href":"https:\/\/www.pharmacieonline.lu\/de\/wp-json\/wp\/v2\/product_cat?post=40156"},{"taxonomy":"product_tag","embeddable":true,"href":"https:\/\/www.pharmacieonline.lu\/de\/wp-json\/wp\/v2\/product_tag?post=40156"}],"curies":[{"name":"wp","href":"https:\/\/api.w.org\/{rel}","templated":true}]}}