{"id":40185,"date":"2023-09-21T20:01:43","date_gmt":"2023-09-21T18:01:43","guid":{"rendered":"https:\/\/www.pharmacieonline.lu\/?post_type=product&#038;p=40185"},"modified":"2026-04-07T05:55:17","modified_gmt":"2026-04-07T03:55:17","slug":"wamine-phytotwin-sureau-reglisse-30cpr","status":"publish","type":"product","link":"https:\/\/www.pharmacieonline.lu\/de\/produit\/wamine-phytotwin-sureau-reglisse-30cpr\/","title":{"rendered":"WAMINE PHYTO&#8217;TWIN SUREAU\/REGLISSE 30CPR"},"content":{"rendered":"<p>Enth\u00e4lt 2 Pflanzenextrakte, die f\u00fcr ihre Unterst\u00fctzung der Atemfunktion bekannt sind<br \/>\nMini-Tabletten f\u00fcr einfachere Compliance<br \/>\nPflanzenextrakte, die mit dem Phytostandard\u00ae-Verfahren gewonnen werden, das f\u00fcr seinen Respekt vor der Integrit\u00e4t pflanzlicher Verbindungen bekannt ist<br \/>\nEigenschaften der Hauptverbindungen<br \/>\nHolunderextrakt<\/p>\n<p>Holunderbeeren enthalten Anthocyane und Schleimstoffe, die zum Wohlbefinden der Atemwege beitragen.<\/p>\n<p>S\u00dcSSHOLZ-EXTRAKT<\/p>\n<p>S\u00fc\u00dfholzwurzeln enthalten Saponoside und Flavonoide, die zur Unterst\u00fctzung des Immunsystems beitragen.<\/p>\n<p>ANWENDUNGSTIPPS<\/p>\n<p>Bei Hunden und Katzen:<\/p>\n<p>Bis zu 5.000 g \u25b6 1 Tablette pro Tag<br \/>\nBis 15 kg \u25b6 3 Tabletten pro Tag.<br \/>\nBis 10 kg \u25b6 2 Tabletten pro Tag.<br \/>\nBis 20 kg und mehr \u25b6 4 Tabletten pro Tag.<\/p>\n<p>Unter den NACs:<br \/>\n1 Tablette f\u00fcr 2,5 kg pro Tag.<\/p>\n<p>Dauer der Erg\u00e4nzung: 30 Tage, bei Bedarf erneuerbar.<\/p>","protected":false},"excerpt":{"rendered":"<p>Enth\u00e4lt 2 Pflanzenextrakte, die f\u00fcr ihre Unterst\u00fctzung der Atemfunktion bekannt sind Mini-Tabletten f\u00fcr einfachere Compliance Pflanzenextrakte, die mit dem Phytostandard\u00ae-Verfahren gewonnen werden, das f\u00fcr seinen Respekt vor der Integrit\u00e4t pflanzlicher Verbindungen bekannt ist Eigenschaften der Hauptverbindungen Holunderextrakt Holunderbeeren enthalten Anthocyane und Schleimstoffe, die zum Wohlbefinden der Atemwege beitragen. S\u00dcSSHOLZ-EXTRAKT S\u00fc\u00dfholzwurzeln enthalten Saponoside und Flavonoide, die [&hellip;]<\/p>\n","protected":false},"featured_media":40186,"template":"","meta":{"_acf_changed":false,"footnotes":""},"product_brand":[],"product_cat":[151,150,46],"product_tag":[],"class_list":{"0":"post-40185","1":"product","2":"type-product","3":"status-publish","4":"has-post-thumbnail","6":"product_cat-chiens","7":"product_cat-chats","8":"product_cat-veterinaire","10":"first","11":"instock","12":"taxable","13":"shipping-taxable","14":"purchasable","15":"product-type-simple"},"acf":[],"_links":{"self":[{"href":"https:\/\/www.pharmacieonline.lu\/de\/wp-json\/wp\/v2\/product\/40185","targetHints":{"allow":["GET"]}}],"collection":[{"href":"https:\/\/www.pharmacieonline.lu\/de\/wp-json\/wp\/v2\/product"}],"about":[{"href":"https:\/\/www.pharmacieonline.lu\/de\/wp-json\/wp\/v2\/types\/product"}],"version-history":[{"count":0,"href":"https:\/\/www.pharmacieonline.lu\/de\/wp-json\/wp\/v2\/product\/40185\/revisions"}],"wp:featuredmedia":[{"embeddable":true,"href":"https:\/\/www.pharmacieonline.lu\/de\/wp-json\/wp\/v2\/media\/40186"}],"wp:attachment":[{"href":"https:\/\/www.pharmacieonline.lu\/de\/wp-json\/wp\/v2\/media?parent=40185"}],"wp:term":[{"taxonomy":"product_brand","embeddable":true,"href":"https:\/\/www.pharmacieonline.lu\/de\/wp-json\/wp\/v2\/product_brand?post=40185"},{"taxonomy":"product_cat","embeddable":true,"href":"https:\/\/www.pharmacieonline.lu\/de\/wp-json\/wp\/v2\/product_cat?post=40185"},{"taxonomy":"product_tag","embeddable":true,"href":"https:\/\/www.pharmacieonline.lu\/de\/wp-json\/wp\/v2\/product_tag?post=40185"}],"curies":[{"name":"wp","href":"https:\/\/api.w.org\/{rel}","templated":true}]}}